{"id":14363,"date":"2025-10-08T19:09:24","date_gmt":"2025-10-08T16:09:24","guid":{"rendered":"https:\/\/borealis.lt\/?post_type=product&#038;p=14363"},"modified":"2025-11-13T11:47:55","modified_gmt":"2025-11-13T09:47:55","slug":"masazine-kede-elite-2","status":"publish","type":"product","link":"https:\/\/borealis.lt\/ru\/produkt\/masazine-kede-elite-2\/","title":{"rendered":"\u041c\u0430\u0441\u0441\u0430\u0436\u043d\u043e\u0435 \u043a\u0440\u0435\u0441\u043b\u043e Elite"},"content":{"rendered":"\t\t<div data-elementor-type=\"product-post\" data-elementor-id=\"14363\" class=\"elementor elementor-14363 elementor-14351\" data-elementor-post-type=\"product\">\n\t\t\t\t<div class=\"elementor-element elementor-element-b77dd42 e-flex e-con-boxed e-con e-parent\" data-id=\"b77dd42\" data-element_type=\"container\" data-e-type=\"container\">\n\t\t\t\t\t<div class=\"e-con-inner\">\n\t\t\t\t<div class=\"elementor-element elementor-element-62cb634 elementor-widget elementor-widget-text-editor\" data-id=\"62cb634\" data-element_type=\"widget\" data-e-type=\"widget\" data-widget_type=\"text-editor.default\">\n\t\t\t\t<div class=\"elementor-widget-container\">\n\t\t\t\t\t\t\t\t\t<h3>\u041c\u0430\u0441\u0441\u0430\u0436\u043d\u043e\u0435 \u043a\u0440\u0435\u0441\u043b\u043e Elite. \u041f\u043e\u0447\u0435\u043c\u0443 \u0441\u0442\u043e\u0438\u0442 \u0432\u044b\u0431\u0440\u0430\u0442\u044c \u0435\u0433\u043e? <\/h3><p>\u041c\u0430\u0441\u0441\u0430\u0436\u043d\u043e\u0435 \u043a\u0440\u0435\u0441\u043b\u043e Elite \u043f\u043e\u0434\u0445\u043e\u0434\u0438\u0442 \u043a\u0430\u043a \u0434\u043b\u044f \u043e\u0442\u0434\u044b\u0445\u0430 \u043f\u043e\u0441\u043b\u0435 \u0440\u0430\u0431\u043e\u0447\u0435\u0433\u043e \u0434\u043d\u044f, \u0442\u0430\u043a \u0438 \u0434\u043b\u044f \u0442\u0435\u0445, \u043a\u0442\u043e \u0437\u0430\u043d\u0438\u043c\u0430\u0435\u0442\u0441\u044f \u0441\u043f\u043e\u0440\u0442\u043e\u043c \u0434\u043b\u044f \u0431\u043e\u043b\u0435\u0435 \u0431\u044b\u0441\u0442\u0440\u043e\u0433\u043e \u0432\u043e\u0441\u0441\u0442\u0430\u043d\u043e\u0432\u043b\u0435\u043d\u0438\u044f.<br>\u0411\u043b\u0430\u0433\u043e\u0434\u0430\u0440\u044f \u0441\u0438\u0441\u0442\u0435\u043c\u0435 \u0432\u043e\u0437\u0434\u0443\u0448\u043d\u044b\u0445 \u043f\u043e\u0434\u0443\u0448\u0435\u043a \u0438 \u0444\u0443\u043d\u043a\u0446\u0438\u0438 \u043f\u043e\u0434\u043e\u0433\u0440\u0435\u0432\u0430 \u043e\u043d\u043e \u043f\u043e\u043c\u043e\u0433\u0430\u0435\u0442 \u0441\u043d\u044f\u0442\u044c \u043c\u044b\u0448\u0435\u0447\u043d\u043e\u0435 \u043d\u0430\u043f\u0440\u044f\u0436\u0435\u043d\u0438\u0435, \u0443\u043b\u0443\u0447\u0448\u0438\u0442\u044c \u043a\u0440\u043e\u0432\u043e\u043e\u0431\u0440\u0430\u0449\u0435\u043d\u0438\u0435 \u0438 \u043e\u0431\u0435\u0441\u043f\u0435\u0447\u0438\u0442\u044c \u0433\u043b\u0443\u0431\u043e\u043a\u043e\u0435 \u0440\u0430\u0441\u0441\u043b\u0430\u0431\u043b\u0435\u043d\u0438\u0435.<br>\u042d\u043b\u0435\u0433\u0430\u043d\u0442\u043d\u044b\u0439 \u0434\u0438\u0437\u0430\u0439\u043d \u0434\u0435\u043b\u0430\u0435\u0442 \u043a\u0440\u0435\u0441\u043b\u043e Elite \u043f\u0440\u0435\u043a\u0440\u0430\u0441\u043d\u044b\u043c \u0430\u043a\u0446\u0435\u043d\u0442\u043e\u043c \u0434\u043e\u043c\u0430\u0448\u043d\u0435\u0433\u043e \u0438\u043d\u0442\u0435\u0440\u044c\u0435\u0440\u0430.<\/p>\t\t\t\t\t\t\t\t<\/div>\n\t\t\t\t<\/div>\n\t\t\t\t\t<\/div>\n\t\t\t\t<\/div>\n\t\t<div class=\"elementor-element elementor-element-983b776 e-flex e-con-boxed e-con e-parent\" data-id=\"983b776\" data-element_type=\"container\" data-e-type=\"container\">\n\t\t\t\t\t<div class=\"e-con-inner\">\n\t\t<div class=\"elementor-element elementor-element-35ae12c e-con-full e-flex e-con e-child\" data-id=\"35ae12c\" data-element_type=\"container\" data-e-type=\"container\">\n\t\t\t\t<div class=\"elementor-element elementor-element-422badd elementor-widget elementor-widget-heading\" data-id=\"422badd\" data-element_type=\"widget\" data-e-type=\"widget\" data-widget_type=\"heading.default\">\n\t\t\t\t<div class=\"elementor-widget-container\">\n\t\t\t\t\t<h4 class=\"elementor-heading-title elementor-size-default\">\u0422\u0435\u0445\u043d\u0438\u0447\u0435\u0441\u043a\u0438\u0435 \u0445\u0430\u0440\u0430\u043a\u0442\u0435\u0440\u0438\u0441\u0442\u0438\u043a\u0438 \u043a\u0440\u0435\u0441\u043b\u0430<\/h4>\t\t\t\t<\/div>\n\t\t\t\t<\/div>\n\t\t\t\t<div class=\"elementor-element elementor-element-6c561a3 elementor-widget elementor-widget-text-editor\" data-id=\"6c561a3\" data-element_type=\"widget\" data-e-type=\"widget\" data-widget_type=\"text-editor.default\">\n\t\t\t\t<div class=\"elementor-widget-container\">\n\t\t\t\t\t\t\t\t\t<div style=\"font-family: Arial, sans-serif;line-height: 1.6\">\n\n<ul>\n \t<li>\u0421\u0442\u0438\u043b\u044c\u043d\u044b\u0439 \u0434\u0438\u0437\u0430\u0439\u043d, \u0448\u0438\u0440\u043e\u043a\u0438\u0439 \u0432\u044b\u0431\u043e\u0440 \u0446\u0432\u0435\u0442\u043e\u0432<\/li>\n \t<li>\u041f\u043e\u043f\u0443\u043b\u044f\u0440\u043d\u044b\u0439 \u0438\u043d\u0441\u0442\u0440\u0443\u043c\u0435\u043d\u0442 \u0434\u043b\u044f \u0434\u043e\u043c\u0430\u0448\u043d\u0435\u0433\u043e \u0438\u0441\u043f\u043e\u043b\u044c\u0437\u043e\u0432\u0430\u043d\u0438\u044f<\/li>\n \t<li>\u041e\u0447\u0435\u043d\u044c \u0441\u0438\u043b\u044c\u043d\u044b\u0439 \u043c\u0430\u0441\u0441\u0430\u0436<\/li>\n \t<li>\u041a\u043e\u043c\u0444\u043e\u0440\u0442\u043d\u044b\u0439 \u0432\u043e\u0437\u0434\u0443\u0448\u043d\u044b\u0439 \u043c\u0430\u0441\u0441\u0430\u0436 \u0432\u0441\u0435\u0445 \u0447\u0430\u0441\u0442\u0435\u0439 \u0442\u0435\u043b\u0430<\/li>\n \t<li>\u0420\u0430\u0441\u0442\u044f\u0433\u0438\u0432\u0430\u043d\u0438\u0435 \u0442\u0435\u043b\u0430 \u0434\u043b\u044f \u0440\u0430\u0441\u0441\u043b\u0430\u0431\u043b\u0435\u043d\u0438\u044f \u0441\u043f\u0438\u043d\u044b<\/li>\n \t<li>3D-\u0442\u0435\u0445\u043d\u043e\u043b\u043e\u0433\u0438\u044f<\/li>\n \t<li>\u041f\u043e\u043b\u043e\u0436\u0435\u043d\u0438\u0435 \u043d\u0435\u0432\u0435\u0441\u043e\u043c\u043e\u0441\u0442\u0438<\/li>\n \t<li>\u0420\u0435\u0444\u043b\u0435\u043a\u0441\u043e\u0442\u0435\u0440\u0430\u043f\u0438\u044f \u0441\u0442\u043e\u043f<\/li>\n \t<li>\u0412\u044b\u0434\u0432\u0438\u0436\u043d\u0430\u044f \u043f\u043e\u0434\u043d\u043e\u0436\u043a\u0430 \u0434\u043e 17 \u0441\u043c<\/li>\n \t<li>\u0420\u0430\u0437\u043e\u0433\u0440\u0435\u0432 \u0434\u043b\u044f \u043c\u044b\u0448\u0446 \u0441\u043f\u0438\u043d\u044b \u0438 \u043d\u043e\u0433<\/li>\n \t<li>9 \u043f\u0440\u043e\u0433\u0440\u0430\u043c\u043c \u0440\u0443\u0447\u043d\u043e\u0433\u043e \u043c\u0430\u0441\u0441\u0430\u0436\u0430<\/li>\n \t<li>10 \u0430\u0432\u0442\u043e\u043c\u0430\u0442\u0438\u0447\u0435\u0441\u043a\u0438\u0445 \u043f\u0440\u043e\u0433\u0440\u0430\u043c\u043c \u043c\u0430\u0441\u0441\u0430\u0436\u0430<\/li>\n \t<li>3 \u0440\u0430\u0437\u043b\u0438\u0447\u043d\u044b\u0435 \u043f\u0440\u043e\u0433\u0440\u0430\u043c\u043c\u044b 3D-\u043c\u0430\u0441\u0441\u0430\u0436\u0430<\/li>\n \t<li>\u0412\u044b\u0441\u043e\u043a\u043e\u043a\u0430\u0447\u0435\u0441\u0442\u0432\u0435\u043d\u043d\u0430\u044f \u0437\u0432\u0443\u043a\u043e\u0432\u0430\u044f \u0441\u0438\u0441\u0442\u0435\u043c\u0430<\/li>\n \t<li>USB-\u043f\u043e\u0440\u0442 \u0434\u043b\u044f \u0437\u0430\u0440\u044f\u0434\u043a\u0438<\/li>\n \t<li>\u0414\u043e\u043b\u0433\u043e\u0432\u0435\u0447\u043d\u044b\u0439, \u0442\u0438\u0445\u0438\u0439, \u043f\u0440\u043e\u0441\u0442\u043e\u0439 \u0432 \u043e\u0431\u0441\u043b\u0443\u0436\u0438\u0432\u0430\u043d\u0438\u0438<\/li>\n \t<li>\u0420\u0430\u0431\u043e\u0447\u0430\u044f \u043c\u043e\u0449\u043d\u043e\u0441\u0442\u044c &#8212; \u043e\u043a\u043e\u043b\u043e 240 \u0412\u0442<\/li>\n \t<li>\u041d\u0430\u043f\u0440\u044f\u0436\u0435\u043d\u0438\u0435: 220 \u0412<\/li>\n \t<li>\u0412\u0435\u0441 \u043a\u0440\u0435\u0441\u043b\u0430: 138 \u043a\u0433<\/li>\n \t<li>\u0420\u0430\u0437\u043c\u0435\u0440\u044b \u0432 \u043f\u043e\u043b\u043e\u0436\u0435\u043d\u0438\u0438 \u0441\u0438\u0434\u044f: 162 \u0441\u043c x 85 \u0441\u043c x 125 \u0441\u043c<\/li>\n \t<li>\u0420\u0430\u0437\u043c\u0435\u0440\u044b \u0432 \u043b\u0435\u0436\u0430\u0447\u0435\u043c \u043f\u043e\u043b\u043e\u0436\u0435\u043d\u0438\u0438: 182 \u0441\u043c x 85 \u0441\u043c x 84 \u0441\u043c<\/li>\n \t<li><a href=\"https:\/\/example.com\" target=\"_blank\" rel=\"noopener nofollow\">\u0420\u0443\u043a\u043e\u0432\u043e\u0434\u0441\u0442\u0432\u043e \u043f\u043e\u043b\u044c\u0437\u043e\u0432\u0430\u0442\u0435\u043b\u044f \u0434\u043b\u044f \u043c\u0430\u0441\u0441\u0430\u0436\u043d\u043e\u0433\u043e \u043a\u0440\u0435\u0441\u043b\u0430 Elite \u043c\u043e\u0436\u043d\u043e \u043d\u0430\u0439\u0442\u0438 \u0437\u0434\u0435\u0441\u044c.<\/a><\/li>\n<\/ul>\n<\/div>\t\t\t\t\t\t\t\t<\/div>\n\t\t\t\t<\/div>\n\t\t\t\t<\/div>\n\t\t<div class=\"elementor-element elementor-element-6d8a108 e-con-full e-flex e-con e-child\" data-id=\"6d8a108\" data-element_type=\"container\" data-e-type=\"container\" data-settings=\"{&quot;sticky_on&quot;:[&quot;desktop&quot;,&quot;tablet&quot;],&quot;sticky_parent&quot;:&quot;yes&quot;,&quot;sticky&quot;:&quot;top&quot;,&quot;sticky_offset&quot;:&quot;100&quot;,&quot;sticky_effects_offset&quot;:0,&quot;sticky_anchor_link_offset&quot;:0}\">\n\t\t\t\t<div class=\"elementor-element elementor-element-d3d237a elementor-widget elementor-widget-image\" data-id=\"d3d237a\" data-element_type=\"widget\" data-e-type=\"widget\" data-widget_type=\"image.default\">\n\t\t\t\t<div class=\"elementor-widget-container\">\n\t\t\t\t\t\t\t\t\t\t\t\t\t\t\t<img fetchpriority=\"high\" decoding=\"async\" width=\"900\" height=\"900\" src=\"https:\/\/borealis.lt\/wp-content\/uploads\/2025\/02\/masazine-kede-elite.jpg\" class=\"attachment-full size-full wp-image-4607\" alt=\"Masa\u017ein\u0117 k\u0117d\u0117 Elite \u2013 pagrindinis vaizdas borealis.lt\" srcset=\"https:\/\/borealis.lt\/wp-content\/uploads\/2025\/02\/masazine-kede-elite.jpg 900w, https:\/\/borealis.lt\/wp-content\/uploads\/2025\/02\/masazine-kede-elite-400x400.jpg 400w, https:\/\/borealis.lt\/wp-content\/uploads\/2025\/02\/masazine-kede-elite-100x100.jpg 100w, https:\/\/borealis.lt\/wp-content\/uploads\/2025\/02\/masazine-kede-elite-600x600.jpg 600w, https:\/\/borealis.lt\/wp-content\/uploads\/2025\/02\/masazine-kede-elite-64x64.jpg 64w, https:\/\/borealis.lt\/wp-content\/uploads\/2025\/02\/masazine-kede-elite-300x300.jpg 300w, https:\/\/borealis.lt\/wp-content\/uploads\/2025\/02\/masazine-kede-elite-150x150.jpg 150w, https:\/\/borealis.lt\/wp-content\/uploads\/2025\/02\/masazine-kede-elite-768x768.jpg 768w\" sizes=\"(max-width: 900px) 100vw, 900px\" title=\"masazine-kede-elite\" \/>\t\t\t\t\t\t\t\t\t\t\t\t\t\t\t<\/div>\n\t\t\t\t<\/div>\n\t\t\t\t<\/div>\n\t\t\t\t\t<\/div>\n\t\t\t\t<\/div>\n\t\t<div class=\"elementor-element elementor-element-f2e1946 e-flex e-con-boxed e-con e-parent\" data-id=\"f2e1946\" data-element_type=\"container\" data-e-type=\"container\">\n\t\t\t\t\t<div class=\"e-con-inner\">\n\t\t\t\t<div class=\"elementor-element elementor-element-2114642 elementor-widget elementor-widget-text-editor\" data-id=\"2114642\" data-element_type=\"widget\" data-e-type=\"widget\" data-widget_type=\"text-editor.default\">\n\t\t\t\t<div class=\"elementor-widget-container\">\n\t\t\t\t\t\t\t\t\t<p>\n<strong>\u041c\u0430\u0441\u0441\u0430\u0436\u043d\u043e\u0435 \u043a\u0440\u0435\u0441\u043b\u043e Elite<\/strong> &#8212; \u044d\u0442\u043e \u044d\u043b\u0435\u0433\u0430\u043d\u0442\u043d\u043e\u0435 \u0438 \u0444\u0443\u043d\u043a\u0446\u0438\u043e\u043d\u0430\u043b\u044c\u043d\u043e\u0435 \u043a\u0440\u0435\u0441\u043b\u043e, \u043f\u0440\u0435\u0434\u043b\u0430\u0433\u0430\u044e\u0449\u0435\u0435 \u0432\u044b\u0441\u043e\u043a\u043e\u043a\u043b\u0430\u0441\u0441\u043d\u044b\u0439 \u043c\u0430\u0441\u0441\u0430\u0436. \n\u0411\u043b\u0430\u0433\u043e\u0434\u0430\u0440\u044f \u0441\u0438\u0441\u0442\u0435\u043c\u0435 \u0432\u043e\u0437\u0434\u0443\u0448\u043d\u044b\u0445 \u043f\u043e\u0434\u0443\u0448\u0435\u043a, \u043c\u043e\u0434\u0443\u043b\u044e \u043f\u043e\u0434\u043e\u0433\u0440\u0435\u0432\u0430 \u0438 \u0430\u0432\u0442\u043e\u043c\u0430\u0442\u0438\u0447\u0435\u0441\u043a\u0438\u043c \u043f\u0440\u043e\u0433\u0440\u0430\u043c\u043c\u0430\u043c Elite \u0430\u0434\u0430\u043f\u0442\u0438\u0440\u0443\u0435\u0442\u0441\u044f \u043a \u0432\u0430\u0448\u0438\u043c \u043f\u043e\u0442\u0440\u0435\u0431\u043d\u043e\u0441\u0442\u044f\u043c.\n<a href=\"\/parduotuve\/\" style=\"color:#ff6600;text-decoration:underline\">\u041e\u0437\u043d\u0430\u043a\u043e\u043c\u044c\u0442\u0435\u0441\u044c \u0441 \u0434\u0440\u0443\u0433\u0438\u043c\u0438 \u043c\u0430\u0441\u0441\u0430\u0436\u043d\u044b\u043c\u0438 \u043a\u0440\u0435\u0441\u043b\u0430\u043c\u0438<\/a> \u0438\u043b\u0438<a href=\"https:\/\/borealis.lt\/ru\/svjazatsa\/\" style=\"color:#ff6600;text-decoration:underline\">\u0441\u0432\u044f\u0436\u0438\u0442\u0435\u0441\u044c \u0441 \n\u0434\u043b\u044f \u0434\u0435\u043c\u043e\u043d\u0441\u0442\u0440\u0430\u0446\u0438\u0438<\/a>.\n<\/p>\n\t\t\t\t\t\t\t\t<\/div>\n\t\t\t\t<\/div>\n\t\t\t\t\t<\/div>\n\t\t\t\t<\/div>\n\t\t\t\t<\/div>\n\t\t","protected":false},"excerpt":{"rendered":"<div style=\"font-family: Arial, sans-serif; line-height: 1.6;\">\n<p style=\"margin-bottom: 16px;\"><strong data-start=\"638\" data-end=\"661\">\u041c\u0430\u0441\u0441\u0430\u0436\u043d\u043e\u0435 \u043a\u0440\u0435\u0441\u043b\u043e Elite<\/strong> &#8212; \u044d\u0442\u043e \u0432\u044b\u0441\u043e\u043a\u043e\u043a\u043b\u0430\u0441\u0441\u043d\u043e\u0435 \u0440\u0435\u0448\u0435\u043d\u0438\u0435 \u0434\u043b\u044f \u043c\u0430\u0441\u0441\u0430\u0436\u0430, \u0441\u043e\u0447\u0435\u0442\u0430\u044e\u0449\u0435\u0435 \u0432 \u0441\u0435\u0431\u0435 \u044d\u043b\u0435\u0433\u0430\u043d\u0442\u043d\u043e\u0441\u0442\u044c \u0438 \u0442\u0435\u0445\u043d\u043e\u043b\u043e\u0433\u0438\u044e. \u041e\u043d\u043e \u043e\u0431\u0435\u0441\u043f\u0435\u0447\u0438\u0432\u0430\u0435\u0442 \u043a\u043e\u043c\u0444\u043e\u0440\u0442 \u0434\u043b\u044f \u0432\u0441\u0435\u0433\u043e \u0442\u0435\u043b\u0430 &#8212; \u043e\u0442 \u0448\u0435\u0438 \u0434\u043e \u043f\u0430\u043b\u044c\u0446\u0435\u0432 \u043d\u043e\u0433 &#8212; \u0431\u043b\u0430\u0433\u043e\u0434\u0430\u0440\u044f \u0441\u0438\u0441\u0442\u0435\u043c\u0435 \u0432\u043e\u0437\u0434\u0443\u0448\u043d\u044b\u0445 \u043f\u043e\u0434\u0443\u0448\u0435\u043a, \u0444\u0443\u043d\u043a\u0446\u0438\u0438 \u043f\u043e\u0434\u043e\u0433\u0440\u0435\u0432\u0430 \u0438 \u0430\u0432\u0442\u043e\u043c\u0430\u0442\u0438\u0447\u0435\u0441\u043a\u0438\u043c \u043f\u0440\u043e\u0433\u0440\u0430\u043c\u043c\u0430\u043c. \u041c\u0430\u0441\u0441\u0430\u0436\u043d\u043e\u0435 \u043a\u0440\u0435\u0441\u043b\u043e Elite \u043f\u043e\u043c\u043e\u0436\u0435\u0442 \u0441\u043d\u044f\u0442\u044c \u043c\u044b\u0448\u0435\u0447\u043d\u043e\u0435 \u043d\u0430\u043f\u0440\u044f\u0436\u0435\u043d\u0438\u0435, \u0443\u043b\u0443\u0447\u0448\u0438\u0442\u044c \u043a\u0440\u043e\u0432\u043e\u043e\u0431\u0440\u0430\u0449\u0435\u043d\u0438\u0435 \u0438 \u0441\u043e\u0437\u0434\u0430\u0442\u044c \u0432 \u0432\u0430\u0448\u0435\u043c \u0434\u043e\u043c\u0435 \u0430\u0442\u043c\u043e\u0441\u0444\u0435\u0440\u0443 \u043d\u0430\u0441\u0442\u043e\u044f\u0449\u0435\u0433\u043e \u0440\u0430\u0441\u0441\u043b\u0430\u0431\u043b\u0435\u043d\u0438\u044f.  <\/p>\n<\/div>\n","protected":false},"featured_media":4607,"template":"","meta":{"_acf_changed":false,"inline_featured_image":false},"product_brand":[133],"product_cat":[169,167],"product_tag":[],"class_list":{"0":"post-14363","1":"product","2":"type-product","3":"status-publish","4":"has-post-thumbnail","6":"product_brand-borealis-ru","7":"product_cat-massazhnye-kresla-b-u","8":"product_cat-massazhnye-kresla","9":"product_shipping_class-217","11":"first","12":"instock","13":"taxable","14":"shipping-taxable","15":"purchasable","16":"product-type-simple"},"acf":[],"_links":{"self":[{"href":"https:\/\/borealis.lt\/ru\/wp-json\/wp\/v2\/product\/14363","targetHints":{"allow":["GET"]}}],"collection":[{"href":"https:\/\/borealis.lt\/ru\/wp-json\/wp\/v2\/product"}],"about":[{"href":"https:\/\/borealis.lt\/ru\/wp-json\/wp\/v2\/types\/product"}],"version-history":[{"count":0,"href":"https:\/\/borealis.lt\/ru\/wp-json\/wp\/v2\/product\/14363\/revisions"}],"wp:featuredmedia":[{"embeddable":true,"href":"https:\/\/borealis.lt\/ru\/wp-json\/wp\/v2\/media\/4607"}],"wp:attachment":[{"href":"https:\/\/borealis.lt\/ru\/wp-json\/wp\/v2\/media?parent=14363"}],"wp:term":[{"taxonomy":"product_brand","embeddable":true,"href":"https:\/\/borealis.lt\/ru\/wp-json\/wp\/v2\/product_brand?post=14363"},{"taxonomy":"product_cat","embeddable":true,"href":"https:\/\/borealis.lt\/ru\/wp-json\/wp\/v2\/product_cat?post=14363"},{"taxonomy":"product_tag","embeddable":true,"href":"https:\/\/borealis.lt\/ru\/wp-json\/wp\/v2\/product_tag?post=14363"}],"curies":[{"name":"wp","href":"https:\/\/api.w.org\/{rel}","templated":true}]}}