{"id":9790,"date":"2025-01-31T00:00:00","date_gmt":"2025-01-30T22:00:00","guid":{"rendered":"https:\/\/borealis.lt\/?post_type=product&#038;p=9790"},"modified":"2025-10-30T15:17:38","modified_gmt":"2025-10-30T13:17:38","slug":"masazine-kede-grande","status":"publish","type":"product","link":"https:\/\/borealis.lt\/pl\/produktas\/masazine-kede-grande\/","title":{"rendered":"Fotel masuj\u0105cy Grande II"},"content":{"rendered":"\t\t<div data-elementor-type=\"product-post\" data-elementor-id=\"9790\" class=\"elementor elementor-9790 elementor-1704\" data-elementor-post-type=\"product\">\n\t\t\t\t<div class=\"elementor-element elementor-element-d1db382 e-flex e-con-boxed e-con e-parent\" data-id=\"d1db382\" data-element_type=\"container\" data-e-type=\"container\">\n\t\t\t\t\t<div class=\"e-con-inner\">\n\t\t<div class=\"elementor-element elementor-element-c52d360 e-con-full e-flex e-con e-child\" data-id=\"c52d360\" data-element_type=\"container\" data-e-type=\"container\">\n\t\t\t\t<div class=\"elementor-element elementor-element-c66205a elementor-widget elementor-widget-heading\" data-id=\"c66205a\" data-element_type=\"widget\" data-e-type=\"widget\" data-widget_type=\"heading.default\">\n\t\t\t\t<div class=\"elementor-widget-container\">\n\t\t\t\t\t<h4 class=\"elementor-heading-title elementor-size-default\">Fotel masuj\u0105cy Phantom Rovo<\/h4>\t\t\t\t<\/div>\n\t\t\t\t<\/div>\n\t\t\t\t<div class=\"elementor-element elementor-element-2576da4 elementor-widget elementor-widget-text-editor\" data-id=\"2576da4\" data-element_type=\"widget\" data-e-type=\"widget\" data-widget_type=\"text-editor.default\">\n\t\t\t\t<div class=\"elementor-widget-container\">\n\t\t\t\t\t\t\t\t\t<div style=\"font-family: Arial, sans-serif;line-height: 1.6\">\n  <p><strong>Fotel masuj\u0105cy Grande II<\/strong> to najwy\u017cszej jako\u015bci rozwi\u0105zanie dla pe\u0142nego relaksu cia\u0142a i umys\u0142u. Zosta\u0142 zaprojektowany dla tych, kt\u00f3rzy ceni\u0105 sobie funkcjonalno\u015b\u0107, innowacyjn\u0105 technologi\u0119 i pragn\u0105 poczu\u0107 si\u0119 jak w domu w profesjonalnym \u015brodowisku spa. <\/p>\n\n  <p>Ten fotel oferuje do <strong>24 automatycznych program\u00f3w masa\u017cu<\/strong> zaprojektowanych z my\u015bl\u0105 o r\u00f3\u017cnych potrzebach, od g\u0142\u0119bokiego relaksu po aktywn\u0105 stymulacj\u0119 mi\u0119\u015bni po wysi\u0142ku. Programy obejmuj\u0105 <em>Post-Run<\/em> &#8211; idealny po uprawianiu sportu, <em>Sweet Dreams<\/em> &#8211; dla koj\u0105cego masa\u017cu przed snem, <em>Gentle Yoga<\/em> &#8211; dla rozci\u0105gania i elastyczno\u015bci oraz <em>HybriFlex<\/em> &#8211; dla ca\u0142kowitego relaksu cia\u0142a. <\/p>\n\n  <p>Ka\u017cda sesja masa\u017cu wykonywana jest przy u\u017cyciu zaawansowanego czteroko\u0142owego mechanizmu masuj\u0105cego, kt\u00f3ry dok\u0142adnie na\u015bladuje ruchy profesjonalnego masa\u017cysty, poruszaj\u0105c si\u0119 w g\u00f3r\u0119 i w d\u00f3\u0142 przy u\u017cyciu technik takich jak shiatsu, ugniatanie, oklepywanie i rozci\u0105ganie. Fotel posiada r\u00f3wnie\u017c system poduszek powietrznych obejmuj\u0105cych barki, ramiona, biodra, \u0142ydki i stopy &#8211; pozwalaj\u0105c cieszy\u0107 si\u0119 masa\u017cem uciskowym ca\u0142ego cia\u0142a. <\/p>\n\n  <p><strong>Ogrzewanie podczerwieni\u0105 w<\/strong> okolicy plec\u00f3w pomaga rozlu\u017ani\u0107 napi\u0119te mi\u0119\u015bnie i poprawi\u0107 kr\u0105\u017cenie, a <strong>pozycja Zero Gravity<\/strong> pozwala cia\u0142u ca\u0142kowicie si\u0119 zrelaksowa\u0107, zmniejszaj\u0105c nacisk na kr\u0119gos\u0142up i stawy.<\/p>\n\n  <p>Grande II posiada r\u00f3wnie\u017c <strong>system skanowania cia\u0142a<\/strong>, kt\u00f3ry automatycznie dostosowuje masa\u017c do wysoko\u015bci ramion i d\u0142ugo\u015bci plec\u00f3w ka\u017cdego u\u017cytkownika. Dodatkowo, fotel wyposa\u017cony jest w <strong>system audio Bluetooth<\/strong>, kt\u00f3ry pozwala na s\u0142uchanie ulubionej muzyki, jeszcze bardziej zwi\u0119kszaj\u0105c doznania p\u0142yn\u0105ce z masa\u017cu. <\/p>\n\n  <p><strong>Grande II<\/strong> to nie tylko fotel masuj\u0105cy. To inteligentne urz\u0105dzenie zapewniaj\u0105ce dobre samopoczucie, zr\u00f3wnowa\u017cone zar\u00f3wno pod k\u0105tem codziennego relaksu, jak i \u015bwiadomego dbania o siebie. <\/p>\n<\/div>\n\t\t\t\t\t\t\t\t<\/div>\n\t\t\t\t<\/div>\n\t\t\t\t<\/div>\n\t\t<div class=\"elementor-element elementor-element-e6b8c60 e-con-full e-flex e-con e-child\" data-id=\"e6b8c60\" data-element_type=\"container\" data-e-type=\"container\" data-settings=\"{&quot;sticky_on&quot;:[&quot;desktop&quot;,&quot;tablet&quot;],&quot;sticky_parent&quot;:&quot;yes&quot;,&quot;sticky&quot;:&quot;top&quot;,&quot;sticky_offset&quot;:&quot;100&quot;,&quot;sticky_effects_offset&quot;:0,&quot;sticky_anchor_link_offset&quot;:0}\">\n\t\t\t\t<div class=\"elementor-element elementor-element-52b3432 elementor-widget elementor-widget-image\" data-id=\"52b3432\" data-element_type=\"widget\" data-e-type=\"widget\" data-widget_type=\"image.default\">\n\t\t\t\t<div class=\"elementor-widget-container\">\n\t\t\t\t\t\t\t\t\t\t\t\t\t\t\t<img fetchpriority=\"high\" decoding=\"async\" width=\"1024\" height=\"1536\" src=\"https:\/\/borealis.lt\/wp-content\/uploads\/2025\/01\/2_Massaazitool_Grande_II.png\" class=\"attachment-full size-full wp-image-11455\" alt=\"\" srcset=\"https:\/\/borealis.lt\/wp-content\/uploads\/2025\/01\/2_Massaazitool_Grande_II.png 1024w, https:\/\/borealis.lt\/wp-content\/uploads\/2025\/01\/2_Massaazitool_Grande_II-200x300.png 200w, https:\/\/borealis.lt\/wp-content\/uploads\/2025\/01\/2_Massaazitool_Grande_II-683x1024.png 683w, https:\/\/borealis.lt\/wp-content\/uploads\/2025\/01\/2_Massaazitool_Grande_II-768x1152.png 768w, https:\/\/borealis.lt\/wp-content\/uploads\/2025\/01\/2_Massaazitool_Grande_II-400x600.png 400w, https:\/\/borealis.lt\/wp-content\/uploads\/2025\/01\/2_Massaazitool_Grande_II-600x900.png 600w, https:\/\/borealis.lt\/wp-content\/uploads\/2025\/01\/2_Massaazitool_Grande_II-64x96.png 64w\" sizes=\"(max-width: 1024px) 100vw, 1024px\" title=\"2_Massaazitool_Grande_II\" \/>\t\t\t\t\t\t\t\t\t\t\t\t\t\t\t<\/div>\n\t\t\t\t<\/div>\n\t\t\t\t<\/div>\n\t\t\t\t\t<\/div>\n\t\t\t\t<\/div>\n\t\t\t\t<\/div>\n\t\t","protected":false},"excerpt":{"rendered":"<p style=\"text-align: justify;\"><span style=\"font-weight: 400;\">Fotel masuj\u0105cy Grande ze zintegrowan\u0105 technologi\u0105 4D to idealny wyb\u00f3r zar\u00f3wno do domu, jak i biura, o wyj\u0105tkowej trwa\u0142o\u015bci i jako\u015bci. 12  <\/span><span style=\"font-weight: 400;\">Programy masa\u017cu i 72 poduszki powietrzne aktywuj\u0105 kr\u0105\u017cenie krwi, rozlu\u017aniaj\u0105 mi\u0119\u015bnie i \u0142agodz\u0105 napi\u0119cie cia\u0142a.<\/span><\/p>\n","protected":false},"featured_media":11719,"template":"","meta":{"_acf_changed":false,"inline_featured_image":false},"product_brand":[232],"product_cat":[234,233],"product_tag":[],"class_list":{"0":"post-9790","1":"product","2":"type-product","3":"status-publish","4":"has-post-thumbnail","6":"product_brand-borealis-pl","7":"product_cat-nowe-fotele-do-masazu","8":"product_cat-fotele-do-masazu","9":"product_shipping_class-towary-ciezkie","11":"first","12":"instock","13":"taxable","14":"shipping-taxable","15":"purchasable","16":"product-type-variable"},"acf":[],"_links":{"self":[{"href":"https:\/\/borealis.lt\/pl\/wp-json\/wp\/v2\/product\/9790","targetHints":{"allow":["GET"]}}],"collection":[{"href":"https:\/\/borealis.lt\/pl\/wp-json\/wp\/v2\/product"}],"about":[{"href":"https:\/\/borealis.lt\/pl\/wp-json\/wp\/v2\/types\/product"}],"version-history":[{"count":0,"href":"https:\/\/borealis.lt\/pl\/wp-json\/wp\/v2\/product\/9790\/revisions"}],"wp:featuredmedia":[{"embeddable":true,"href":"https:\/\/borealis.lt\/pl\/wp-json\/wp\/v2\/media\/11719"}],"wp:attachment":[{"href":"https:\/\/borealis.lt\/pl\/wp-json\/wp\/v2\/media?parent=9790"}],"wp:term":[{"taxonomy":"product_brand","embeddable":true,"href":"https:\/\/borealis.lt\/pl\/wp-json\/wp\/v2\/product_brand?post=9790"},{"taxonomy":"product_cat","embeddable":true,"href":"https:\/\/borealis.lt\/pl\/wp-json\/wp\/v2\/product_cat?post=9790"},{"taxonomy":"product_tag","embeddable":true,"href":"https:\/\/borealis.lt\/pl\/wp-json\/wp\/v2\/product_tag?post=9790"}],"curies":[{"name":"wp","href":"https:\/\/api.w.org\/{rel}","templated":true}]}}