{"id":9367,"date":"2025-02-06T00:00:00","date_gmt":"2025-02-05T22:00:00","guid":{"rendered":"https:\/\/borealis.lt\/produktas\/pleistras-temtex-crosstape-mix-20-vnt-smelio-spalvos\/"},"modified":"2025-08-06T18:42:07","modified_gmt":"2025-08-06T15:42:07","slug":"pleistras-temtex-crosstape-mix-20-vnt-smelio-spalvos","status":"publish","type":"product","link":"https:\/\/borealis.lt\/pl\/produktas\/pleistras-temtex-crosstape-mix-20-vnt-smelio-spalvos\/","title":{"rendered":"Patch TEMTEX CROSSTAPE MIX &#8211; 20 sztuk, be\u017cowy"},"content":{"rendered":"<p>Nale\u017cy pami\u0119ta\u0107, \u017ce w przeciwie\u0144stwie do ta\u015bmy kinezjologicznej, ta\u015bma Crosstape\u00ae nie jest elastyczna i mo\u017ce ogranicza\u0107 ruch, je\u015bli zostanie zastosowana na zbyt du\u017cym obszarze jednocze\u015bnie. W takich obszarach najlepiej jest u\u017cy\u0107 kilku oddzielnych arkuszy ta\u015bmy. Zestaw TEMTEX CROSSTAPE\u00ae MIX zawiera 20 pask\u00f3w: 10 du\u017cych, 5 \u015brednich i 5 ma\u0142ych. Ta\u015bma nie zawiera substancji aktywnych, jest oddychaj\u0105ca, wodoodporna i hipoalergiczna, a jej trwa\u0142o\u015b\u0107 na sk\u00f3rze wynosi 3-5 dni.   <\/p>\n<p><strong>Jak nak\u0142ada si\u0119 i usuwa ta\u015bm\u0119 Crosstape\u00ae?<\/strong><\/p>\n<p>Usu\u0144 w\u0142osy i wytrzyj powierzchni\u0119, na kt\u00f3rej planujesz naklei\u0107 ta\u015bm\u0119. Aby usun\u0105\u0107 ta\u015bm\u0119 Crosstape\u00ae , przytrzymaj sk\u00f3r\u0119 jedn\u0105 r\u0119k\u0105, a drug\u0105 delikatnie i powoli poci\u0105gnij ta\u015bm\u0119. Nie usuwaj ta\u015bmy przez gwa\u0142towne odrywanie.  <\/p>\n<p>Ta\u015bma Crosstape\u00ae nie nadaje si\u0119 do stosowania w przypadku infekcji i zmian sk\u00f3rnych, otwartych ran i owrzodze\u0144. Chocia\u017c ta\u015bma jest hipoalergiczna, nale\u017cy j\u0105 natychmiast usun\u0105\u0107, je\u015bli wyst\u0105pi sw\u0119dzenie lub wysypka sk\u00f3rna. <\/p>\n<p><strong>Opakowanie:<\/strong><\/p>\n<p>5 x 2 du\u017ce \u0142atki <\/p>\n<p>5 x 3 \u015brednie plastry <\/p>\n<p>5 x 9 ma\u0142ych plastr\u00f3w <\/p>\n","protected":false},"excerpt":{"rendered":"<p><em>Plaster <strong>TEMTEX CROSSTAPE MIX<\/strong> to wszechstronne i niedrogie narz\u0119dzie wspomagaj\u0105ce proces samoleczenia organizmu poprzez wykorzystanie akupunktury do stymulacji obszar\u00f3w problemowych za pomoc\u0105 elektryczno\u015bci statycznej.<\/em><\/p>\n<p>Plaster <strong>TEMTEX CROSSTAPE MIX<\/strong> dzia\u0142a na zasadzie akupunktury: oznacza to, \u017ce ta\u015bma jest na\u0142adowana elektrostatycznie. Po umieszczeniu w danym miejscu, ta\u015bma stymuluje okre\u015blony obszar b\u00f3lu lub akupunktury \u0142adunkiem energii statycznej. Crosstape\u00ae mo\u017ce pom\u00f3c w przypadku b\u00f3lu, napi\u0119cia mi\u0119\u015bni i b\u00f3lu staw\u00f3w, a tak\u017ce problem\u00f3w trawiennych, przezi\u0119bienia i kaszlu oraz kataru.  <\/p>\n","protected":false},"featured_media":9370,"template":"","meta":{"_acf_changed":false,"inline_featured_image":false},"product_brand":[230],"product_cat":[231,227],"product_tag":[],"class_list":{"0":"post-9367","1":"product","2":"type-product","3":"status-publish","4":"has-post-thumbnail","6":"product_brand-temtex-pl","7":"product_cat-tasmy-temtex","8":"product_cat-tasmy-kinezjologiczne","9":"product_shipping_class-wysylka-i-odbior","11":"first","12":"instock","13":"taxable","14":"shipping-taxable","15":"purchasable","16":"product-type-simple"},"acf":[],"_links":{"self":[{"href":"https:\/\/borealis.lt\/pl\/wp-json\/wp\/v2\/product\/9367","targetHints":{"allow":["GET"]}}],"collection":[{"href":"https:\/\/borealis.lt\/pl\/wp-json\/wp\/v2\/product"}],"about":[{"href":"https:\/\/borealis.lt\/pl\/wp-json\/wp\/v2\/types\/product"}],"version-history":[{"count":0,"href":"https:\/\/borealis.lt\/pl\/wp-json\/wp\/v2\/product\/9367\/revisions"}],"wp:featuredmedia":[{"embeddable":true,"href":"https:\/\/borealis.lt\/pl\/wp-json\/wp\/v2\/media\/9370"}],"wp:attachment":[{"href":"https:\/\/borealis.lt\/pl\/wp-json\/wp\/v2\/media?parent=9367"}],"wp:term":[{"taxonomy":"product_brand","embeddable":true,"href":"https:\/\/borealis.lt\/pl\/wp-json\/wp\/v2\/product_brand?post=9367"},{"taxonomy":"product_cat","embeddable":true,"href":"https:\/\/borealis.lt\/pl\/wp-json\/wp\/v2\/product_cat?post=9367"},{"taxonomy":"product_tag","embeddable":true,"href":"https:\/\/borealis.lt\/pl\/wp-json\/wp\/v2\/product_tag?post=9367"}],"curies":[{"name":"wp","href":"https:\/\/api.w.org\/{rel}","templated":true}]}}