{"id":9229,"date":"2025-02-06T00:00:00","date_gmt":"2025-02-05T22:00:00","guid":{"rendered":"https:\/\/borealis.lt\/produktas\/reguliuojamos-stalo-kojos-frame-flex\/"},"modified":"2025-05-28T19:59:53","modified_gmt":"2025-05-28T16:59:53","slug":"reguliuojamos-stalo-kojos-frame-flex","status":"publish","type":"product","link":"https:\/\/borealis.lt\/pl\/produktas\/reguliuojamos-stalo-kojos-frame-flex\/","title":{"rendered":"Regulowane nogi sto\u0142u FRAME FLEX"},"content":{"rendered":"<p>Regulowane nogi sto\u0142u s\u0105 wyposa\u017cone w silnik o ud\u017awigu do 70 kg. Dzi\u0119ki tym nogom mo\u017cna \u0142atwo stworzy\u0107 niezwykle komfortowe \u015brodowisko pracy. Zintegrowany panel sterowania sprawia, \u017ce regulacja sto\u0142u jest niezwykle \u0142atwa. Dzi\u0119ki FRAME FLEX stworzysz ergonomiczne \u015brodowisko pracy, kt\u00f3re zmniejszy ryzyko b\u00f3lu plec\u00f3w spowodowanego d\u0142ugotrwa\u0142\u0105 niewygodn\u0105 pozycj\u0105. Regularny ruch cia\u0142a podczas zmiany pozycji przy biurku promuje zdrowy metabolizm, utrzymuje czujno\u015b\u0107 umys\u0142u i zwi\u0119ksza produktywno\u015b\u0107.    <\/p>\n<p><strong>Specyfikacje:<\/strong><\/p>\n<p>Wysoko\u015b\u0107: 720-1210 mm<\/p>\n<p>Wymiary: 650x80x30 mm<\/p>\n<p>Ud\u017awig: 70 kg<\/p>\n","protected":false},"excerpt":{"rendered":"<p>Regulowane nogi sto\u0142owe FRAME FLEX dla bardziej wydajnego \u015brodowiska pracy. Niezale\u017cnie od tego, czy chcesz wymieni\u0107 stare biurko, czy zwi\u0119kszy\u0107 funkcjonalno\u015b\u0107 istniej\u0105cego biurka, te nogi pomog\u0105 Ci stworzy\u0107 wygodne i ergonomiczne miejsce pracy. <\/p>\n","protected":false},"featured_media":9232,"template":"","meta":{"_acf_changed":false,"inline_featured_image":false},"product_brand":[232],"product_cat":[240,257],"product_tag":[],"class_list":{"0":"post-9229","1":"product","2":"type-product","3":"status-publish","4":"has-post-thumbnail","6":"product_brand-borealis-pl","7":"product_cat-ergonomia-biura","8":"product_cat-stoly-i-nogi","9":"product_shipping_class-towary-ciezkie","11":"first","12":"instock","13":"taxable","14":"shipping-taxable","15":"purchasable","16":"product-type-simple"},"acf":[],"_links":{"self":[{"href":"https:\/\/borealis.lt\/pl\/wp-json\/wp\/v2\/product\/9229","targetHints":{"allow":["GET"]}}],"collection":[{"href":"https:\/\/borealis.lt\/pl\/wp-json\/wp\/v2\/product"}],"about":[{"href":"https:\/\/borealis.lt\/pl\/wp-json\/wp\/v2\/types\/product"}],"version-history":[{"count":0,"href":"https:\/\/borealis.lt\/pl\/wp-json\/wp\/v2\/product\/9229\/revisions"}],"wp:featuredmedia":[{"embeddable":true,"href":"https:\/\/borealis.lt\/pl\/wp-json\/wp\/v2\/media\/9232"}],"wp:attachment":[{"href":"https:\/\/borealis.lt\/pl\/wp-json\/wp\/v2\/media?parent=9229"}],"wp:term":[{"taxonomy":"product_brand","embeddable":true,"href":"https:\/\/borealis.lt\/pl\/wp-json\/wp\/v2\/product_brand?post=9229"},{"taxonomy":"product_cat","embeddable":true,"href":"https:\/\/borealis.lt\/pl\/wp-json\/wp\/v2\/product_cat?post=9229"},{"taxonomy":"product_tag","embeddable":true,"href":"https:\/\/borealis.lt\/pl\/wp-json\/wp\/v2\/product_tag?post=9229"}],"curies":[{"name":"wp","href":"https:\/\/api.w.org\/{rel}","templated":true}]}}