{"id":9126,"date":"2025-02-06T00:00:00","date_gmt":"2025-02-05T22:00:00","guid":{"rendered":"https:\/\/borealis.lt\/produktas\/ergonominis-stalas-smart-light\/"},"modified":"2025-05-28T19:58:08","modified_gmt":"2025-05-28T16:58:08","slug":"ergonominis-stalas-smart-light","status":"publish","type":"product","link":"https:\/\/borealis.lt\/pl\/produktas\/ergonominis-stalas-smart-light\/","title":{"rendered":"Ergonomiczne biurko SMART LIGHT"},"content":{"rendered":"<p>Stw\u00f3rz ergonomiczne \u015brodowisko pracy z biurkiem Smart Light. Korzystanie z tego biurka pomaga zmniejszy\u0107 ryzyko b\u00f3lu plec\u00f3w spowodowanego d\u0142ugotrwa\u0142\u0105 niewygodn\u0105 pozycj\u0105. Regularny ruch cia\u0142a podczas zmiany pozycji przy biurku wspomaga zdrowy metabolizm, utrzymuje czujno\u015b\u0107 umys\u0142u i zwi\u0119ksza produktywno\u015b\u0107. Biurko mo\u017cna dostosowa\u0107 do indywidualnych potrzeb, zmniejszaj\u0105c nadmierne obci\u0105\u017cenie bark\u00f3w i rozlu\u017aniaj\u0105c mi\u0119\u015bnie ramion i szyi. Dzi\u0119ki mo\u017cliwo\u015bci zapisania 4 pozycji roboczych, nie b\u0119dziesz musia\u0142 ponownie dostosowywa\u0107 biurka &#8211; mo\u017cesz wybra\u0107 \u017c\u0105dan\u0105 pozycj\u0119 robocz\u0105 za naci\u015bni\u0119ciem jednego przycisku.    <\/p>\n<p><strong>Specyfikacje:<\/strong><\/p>\n<p>Wysoko\u015b\u0107: 720-1210 mm<\/p>\n<p>Wymiary powierzchni roboczej: 600&#215;1200 mm<\/p>\n<p>Wymiary podstawy: 590x65x30 mm<\/p>\n<p>Ud\u017awig: 50 kg<\/p>\n<p>Blokada przed dzie\u0107mi: tak<\/p>\n<p>Wbudowana szuflada: tak<\/p>\n","protected":false},"excerpt":{"rendered":"<p style=\"text-align: justify\">SMART LIGHT to wszechstronne biurko zar\u00f3wno do biura, jak i do domu. Biurko to pomo\u017ce stworzy\u0107 ergonomiczne \u015brodowisko pracy, pozwalaj\u0105c na prac\u0119 bez nadwyr\u0119\u017cania kr\u0119gos\u0142upa zar\u00f3wno w pozycji siedz\u0105cej, jak i stoj\u0105cej. <\/p>\n","protected":false},"featured_media":9127,"template":"","meta":{"_acf_changed":false,"inline_featured_image":false},"product_brand":[232],"product_cat":[240,257],"product_tag":[],"class_list":{"0":"post-9126","1":"product","2":"type-product","3":"status-publish","4":"has-post-thumbnail","6":"product_brand-borealis-pl","7":"product_cat-ergonomia-biura","8":"product_cat-stoly-i-nogi","9":"product_shipping_class-towary-ciezkie","11":"first","12":"instock","13":"taxable","14":"shipping-taxable","15":"purchasable","16":"product-type-simple"},"acf":[],"_links":{"self":[{"href":"https:\/\/borealis.lt\/pl\/wp-json\/wp\/v2\/product\/9126","targetHints":{"allow":["GET"]}}],"collection":[{"href":"https:\/\/borealis.lt\/pl\/wp-json\/wp\/v2\/product"}],"about":[{"href":"https:\/\/borealis.lt\/pl\/wp-json\/wp\/v2\/types\/product"}],"version-history":[{"count":0,"href":"https:\/\/borealis.lt\/pl\/wp-json\/wp\/v2\/product\/9126\/revisions"}],"wp:featuredmedia":[{"embeddable":true,"href":"https:\/\/borealis.lt\/pl\/wp-json\/wp\/v2\/media\/9127"}],"wp:attachment":[{"href":"https:\/\/borealis.lt\/pl\/wp-json\/wp\/v2\/media?parent=9126"}],"wp:term":[{"taxonomy":"product_brand","embeddable":true,"href":"https:\/\/borealis.lt\/pl\/wp-json\/wp\/v2\/product_brand?post=9126"},{"taxonomy":"product_cat","embeddable":true,"href":"https:\/\/borealis.lt\/pl\/wp-json\/wp\/v2\/product_cat?post=9126"},{"taxonomy":"product_tag","embeddable":true,"href":"https:\/\/borealis.lt\/pl\/wp-json\/wp\/v2\/product_tag?post=9126"}],"curies":[{"name":"wp","href":"https:\/\/api.w.org\/{rel}","templated":true}]}}