{"id":9091,"date":"2025-02-06T00:00:00","date_gmt":"2025-02-05T22:00:00","guid":{"rendered":"https:\/\/borealis.lt\/produktas\/treniruociu-guma-blackroll\/"},"modified":"2025-06-05T00:22:06","modified_gmt":"2025-06-04T21:22:06","slug":"treniruociu-guma-blackroll","status":"publish","type":"product","link":"https:\/\/borealis.lt\/pl\/produktas\/treniruociu-guma-blackroll\/","title":{"rendered":"Guma treningowa BLACKROLL"},"content":{"rendered":"\t\t<div data-elementor-type=\"product-post\" data-elementor-id=\"9091\" class=\"elementor elementor-9091 elementor-1910\" data-elementor-post-type=\"product\">\n\t\t\t\t<div class=\"elementor-element elementor-element-ca3ba82 e-flex e-con-boxed e-con e-parent\" data-id=\"ca3ba82\" data-element_type=\"container\" data-e-type=\"container\">\n\t\t\t\t\t<div class=\"e-con-inner\">\n\t\t<div class=\"elementor-element elementor-element-54e4d6b e-con-full e-flex e-con e-child\" data-id=\"54e4d6b\" data-element_type=\"container\" data-e-type=\"container\">\n\t\t\t\t<div class=\"elementor-element elementor-element-9b940a6 elementor-widget elementor-widget-text-editor\" data-id=\"9b940a6\" data-element_type=\"widget\" data-e-type=\"widget\" data-widget_type=\"text-editor.default\">\n\t\t\t\t<div class=\"elementor-widget-container\">\n\t\t\t\t\t\t\t\t\t<div style=\"font-family: Arial, sans-serif;max-width: 600px;margin: 0 auto;text-align: left\">\n  <h2 style=\"font-size: 28px;font-weight: 500;margin-bottom: 16px\">Informacje o produkcie<\/h2>\n\n  <p style=\"font-size: 16px;color: #333;line-height: 1.6;margin-bottom: 24px\">\n    Opaska treningowa <strong>BLACKROLL\u00ae<\/strong> pomaga poprawi\u0107 stabilno\u015b\u0107 cia\u0142a, wzmocni\u0107 mi\u0119\u015bnie i zmniejszy\u0107 ryzyko kontuzji.\n Po\u017cegnaj si\u0119 z niewygodnymi gumowymi opaskami &#8211; innowacyjne, przyjazne dla sk\u00f3ry rozwi\u0105zanie tekstylne z wszyt\u0105 elastyczn\u0105 warstw\u0105 bez lateksu.\n  <\/p>\n\n  <p style=\"font-size: 16px;color: #333;line-height: 1.6;margin-bottom: 24px\">\n  Ta\u015bmy zosta\u0142y zaprojektowane, aby sprosta\u0107 wysokim wymaganiom profesjonalnych sportowc\u00f3w, ale s\u0105 r\u00f3wnie\u017c idealne dla amator\u00f3w.  \n  S\u0105 nie tylko wytrzyma\u0142e i odporne na rozdarcia, ale tak\u017ce elastyczne i niezwykle wygodne.  \n  Rewolucyjny materia\u0142 tekstylny sprawia, \u017ce opaska nie podra\u017cnia sk\u00f3ry i utrzymuje j\u0105 na miejscu podczas treningu.\n  <\/p>\n\n  <h3 style=\"font-size: 24px;font-weight: 500;margin-bottom: 12px\">Opaska treningowa BLACKROLL<\/h3>\n  <ul style=\"padding-left: 20px;font-size: 16px;color: #333;line-height: 1.6\">\n    <li>Rozmiar: ok. 32 cm \u00d7 6 cm<\/li>\n    <li>Waga: od 57 g do 70 g (w zale\u017cno\u015bci od koloru)<\/li>\n    <li>Dost\u0119pne kolory wed\u0142ug odporno\u015bci:<\/li>\n    <ul style=\"padding-left: 20px\">\n      <li>\u017b\u00f3\u0142ty &#8211; najni\u017csza wytrzyma\u0142o\u015b\u0107<\/li>\n      <li>Pomara\u0144czowy &#8211; s\u0142aby<\/li>\n      <li>Czerwony &#8211; \u015bredni<\/li>\n      <li>Zielony &#8211; \u015bredni<\/li>\n      <li>Niebieski &#8211; mocny<\/li>\n      <li>Czarny &#8211; bardzo mocny<\/li>\n    <\/ul>\n  <\/ul>\n<\/div>\n\t\t\t\t\t\t\t\t<\/div>\n\t\t\t\t<\/div>\n\t\t\t\t<\/div>\n\t\t<div class=\"elementor-element elementor-element-d59ec29 e-con-full e-flex e-con e-child\" data-id=\"d59ec29\" data-element_type=\"container\" data-e-type=\"container\">\n\t\t\t\t<\/div>\n\t\t\t\t\t<\/div>\n\t\t\t\t<\/div>\n\t\t\t\t<\/div>\n\t\t","protected":false},"excerpt":{"rendered":"<p>Guma treningowa BLACKROLL LOOP BAND Guma o d\u0142ugo\u015bci prawie 32 cm idealnie nadaje si\u0119 do treningu mniejszych \u0142a\u0144cuch\u00f3w mi\u0119\u015bniowych. Pomaga poprawi\u0107 stabilno\u015b\u0107 cia\u0142a i zmniejszy\u0107 ryzyko kontuzji. Ka\u017cdy kolor ma inn\u0105 wytrzyma\u0142o\u015b\u0107.  <\/p>\n","protected":false},"featured_media":9099,"template":"","meta":{"_acf_changed":false,"inline_featured_image":false},"product_brand":[242],"product_cat":[244,237],"product_tag":[],"class_list":{"0":"post-9091","1":"product","2":"type-product","3":"status-publish","4":"has-post-thumbnail","6":"product_brand-blackroll-pl","7":"product_cat-trening-i-regeneracja","8":"product_cat-zdrowie-i-artykuly-sportowe","9":"product_shipping_class-wysylka-i-odbior","11":"first","12":"instock","13":"taxable","14":"shipping-taxable","15":"purchasable","16":"product-type-simple"},"acf":[],"_links":{"self":[{"href":"https:\/\/borealis.lt\/pl\/wp-json\/wp\/v2\/product\/9091","targetHints":{"allow":["GET"]}}],"collection":[{"href":"https:\/\/borealis.lt\/pl\/wp-json\/wp\/v2\/product"}],"about":[{"href":"https:\/\/borealis.lt\/pl\/wp-json\/wp\/v2\/types\/product"}],"version-history":[{"count":0,"href":"https:\/\/borealis.lt\/pl\/wp-json\/wp\/v2\/product\/9091\/revisions"}],"wp:featuredmedia":[{"embeddable":true,"href":"https:\/\/borealis.lt\/pl\/wp-json\/wp\/v2\/media\/9099"}],"wp:attachment":[{"href":"https:\/\/borealis.lt\/pl\/wp-json\/wp\/v2\/media?parent=9091"}],"wp:term":[{"taxonomy":"product_brand","embeddable":true,"href":"https:\/\/borealis.lt\/pl\/wp-json\/wp\/v2\/product_brand?post=9091"},{"taxonomy":"product_cat","embeddable":true,"href":"https:\/\/borealis.lt\/pl\/wp-json\/wp\/v2\/product_cat?post=9091"},{"taxonomy":"product_tag","embeddable":true,"href":"https:\/\/borealis.lt\/pl\/wp-json\/wp\/v2\/product_tag?post=9091"}],"curies":[{"name":"wp","href":"https:\/\/api.w.org\/{rel}","templated":true}]}}