{"id":9039,"date":"2025-02-06T00:00:00","date_gmt":"2025-02-05T22:00:00","guid":{"rendered":"https:\/\/borealis.lt\/produktas\/masazine-kede-delux-vending\/"},"modified":"2025-04-15T14:08:16","modified_gmt":"2025-04-15T11:08:16","slug":"masazine-kede-delux-vending","status":"publish","type":"product","link":"https:\/\/borealis.lt\/pl\/produktas\/masazine-kede-delux-vending\/","title":{"rendered":"Fotel masuj\u0105cy Delux Vending"},"content":{"rendered":"","protected":false},"excerpt":{"rendered":"<p>U\u017cywany fotel masuj\u0105cy <i>Delux Vending<\/i> to przyst\u0119pna cenowo alternatywa dla nowego fotela masuj\u0105cego. U\u017cywany fotel masuj\u0105cy by\u0142 starannie konserwowany i jest obj\u0119ty 6-miesi\u0119czn\u0105 gwarancj\u0105. Delux Vending jest w dobrym stanie technicznym, ale fotel<br \/>\nwykazuje oznaki u\u017cytkowania (zadrapania na panelach bocznych). 1 naci\u015bni\u0119cie przycisku = 5 minut masa\u017cu.   <\/p>\n","protected":false},"featured_media":9040,"template":"","meta":{"_acf_changed":false,"inline_featured_image":false},"product_brand":[232],"product_cat":[236,233],"product_tag":[],"class_list":{"0":"post-9039","1":"product","2":"type-product","3":"status-publish","4":"has-post-thumbnail","6":"product_brand-borealis-pl","7":"product_cat-uzywane-fotele-masujace","8":"product_cat-fotele-do-masazu","9":"product_shipping_class-towary-ciezkie","11":"first","12":"instock","13":"sale","14":"taxable","15":"shipping-taxable","16":"purchasable","17":"product-type-simple"},"acf":[],"_links":{"self":[{"href":"https:\/\/borealis.lt\/pl\/wp-json\/wp\/v2\/product\/9039","targetHints":{"allow":["GET"]}}],"collection":[{"href":"https:\/\/borealis.lt\/pl\/wp-json\/wp\/v2\/product"}],"about":[{"href":"https:\/\/borealis.lt\/pl\/wp-json\/wp\/v2\/types\/product"}],"version-history":[{"count":0,"href":"https:\/\/borealis.lt\/pl\/wp-json\/wp\/v2\/product\/9039\/revisions"}],"wp:featuredmedia":[{"embeddable":true,"href":"https:\/\/borealis.lt\/pl\/wp-json\/wp\/v2\/media\/9040"}],"wp:attachment":[{"href":"https:\/\/borealis.lt\/pl\/wp-json\/wp\/v2\/media?parent=9039"}],"wp:term":[{"taxonomy":"product_brand","embeddable":true,"href":"https:\/\/borealis.lt\/pl\/wp-json\/wp\/v2\/product_brand?post=9039"},{"taxonomy":"product_cat","embeddable":true,"href":"https:\/\/borealis.lt\/pl\/wp-json\/wp\/v2\/product_cat?post=9039"},{"taxonomy":"product_tag","embeddable":true,"href":"https:\/\/borealis.lt\/pl\/wp-json\/wp\/v2\/product_tag?post=9039"}],"curies":[{"name":"wp","href":"https:\/\/api.w.org\/{rel}","templated":true}]}}