{"id":9005,"date":"2025-02-06T00:00:00","date_gmt":"2025-02-05T22:00:00","guid":{"rendered":"https:\/\/borealis.lt\/produktas\/kompresinis-masazuoklis-aerify-recovery-pants-krepsys\/"},"modified":"2025-05-16T12:15:59","modified_gmt":"2025-05-16T09:15:59","slug":"kompresinis-masazuoklis-aerify-recovery-pants-krepsys","status":"publish","type":"product","link":"https:\/\/borealis.lt\/pl\/produktas\/kompresinis-masazuoklis-aerify-recovery-pants-krepsys\/","title":{"rendered":"Spodnie Aerify RECOVERY PANTS + torba"},"content":{"rendered":"<p>Aerify oferuje naturaln\u0105, sta\u0142\u0105 kompresj\u0119, kt\u00f3ra pomaga wypchn\u0105\u0107 krew \u017cyln\u0105 z powrotem z n\u00f3g i rozlu\u017ani\u0107 mi\u0119\u015bnie, szybciej usuwaj\u0105c kwas mlekowy z organizmu, kt\u00f3ry mo\u017ce powodowa\u0107 b\u00f3l mi\u0119\u015bni i zm\u0119czenie. Urz\u0105dzenie pomaga zmniejszy\u0107 obrz\u0119k i stan zapalny. Zintegrowane poduszki powietrzne zapewniaj\u0105 skuteczn\u0105 kompresj\u0119. D\u0142uga \u017cywotno\u015b\u0107 baterii zapewnia skuteczny masa\u017c. Jest zalecany do stosowania przez sportowc\u00f3w uprawiaj\u0105cych r\u00f3\u017cne dyscypliny sportowe, takie jak crossfit, tr\u00f3jb\u00f3j si\u0142owy, kolarstwo, triathlon, hokej itp.    <\/p>\n<p>Masa\u017cer jest lekki i zajmuje niewiele miejsca, a do\u0142\u0105czona torba transportowa zapewnia \u0142atwe przechowywanie i transport.<\/p>\n","protected":false},"excerpt":{"rendered":"<p>Masa\u017cer kompresyjny Aerify RECOVERY masuje mi\u0119\u015bnie n\u00f3g poprzez delikatne \u015bciskanie. Masa\u017cer jest idealny do regeneracji cia\u0142a po intensywnym treningu lub zawodach. <\/p>\n","protected":false},"featured_media":9015,"template":"","meta":{"_acf_changed":false,"inline_featured_image":false},"product_brand":[254],"product_cat":[255,237],"product_tag":[],"class_list":{"0":"post-9005","1":"product","2":"type-product","3":"status-publish","4":"has-post-thumbnail","6":"product_brand-aerify-pl","7":"product_cat-masazery-kompresyjne","8":"product_cat-zdrowie-i-artykuly-sportowe","9":"product_shipping_class-wysylka-i-odbior","11":"first","12":"instock","13":"taxable","14":"shipping-taxable","15":"purchasable","16":"product-type-simple"},"acf":[],"_links":{"self":[{"href":"https:\/\/borealis.lt\/pl\/wp-json\/wp\/v2\/product\/9005","targetHints":{"allow":["GET"]}}],"collection":[{"href":"https:\/\/borealis.lt\/pl\/wp-json\/wp\/v2\/product"}],"about":[{"href":"https:\/\/borealis.lt\/pl\/wp-json\/wp\/v2\/types\/product"}],"version-history":[{"count":0,"href":"https:\/\/borealis.lt\/pl\/wp-json\/wp\/v2\/product\/9005\/revisions"}],"wp:featuredmedia":[{"embeddable":true,"href":"https:\/\/borealis.lt\/pl\/wp-json\/wp\/v2\/media\/9015"}],"wp:attachment":[{"href":"https:\/\/borealis.lt\/pl\/wp-json\/wp\/v2\/media?parent=9005"}],"wp:term":[{"taxonomy":"product_brand","embeddable":true,"href":"https:\/\/borealis.lt\/pl\/wp-json\/wp\/v2\/product_brand?post=9005"},{"taxonomy":"product_cat","embeddable":true,"href":"https:\/\/borealis.lt\/pl\/wp-json\/wp\/v2\/product_cat?post=9005"},{"taxonomy":"product_tag","embeddable":true,"href":"https:\/\/borealis.lt\/pl\/wp-json\/wp\/v2\/product_tag?post=9005"}],"curies":[{"name":"wp","href":"https:\/\/api.w.org\/{rel}","templated":true}]}}