{"id":8971,"date":"2025-02-06T00:00:00","date_gmt":"2025-02-05T22:00:00","guid":{"rendered":"https:\/\/borealis.lt\/produktas\/akiu-masazuoklis-diamond\/"},"modified":"2025-04-24T17:25:11","modified_gmt":"2025-04-24T14:25:11","slug":"akiu-masazuoklis-diamond","status":"publish","type":"product","link":"https:\/\/borealis.lt\/pl\/produktas\/akiu-masazuoklis-diamond\/","title":{"rendered":"Masa\u017cer do oczu Diamond"},"content":{"rendered":"<p class=\"m_-4898998617067411409MsoListParagraph\"><b><span lang=\"LT\">Masa\u017cer do oczu Diamond<\/span><\/b><span lang=\"LT\">  &#8211; Ultrakompaktowy, bezprzewodowy i \u0142atwy w u\u017cyciu. Wbudowana funkcja ogrzewania i pi\u0119\u0107 r\u00f3\u017cnych program\u00f3w masa\u017cu s\u0105 bardzo skuteczne w relaksowaniu oczu. Wbudowane d\u017awi\u0119ki fal, kapi\u0105cej wody i inne d\u017awi\u0119ki pozwol\u0105 ca\u0142kowicie odci\u0105\u0107 si\u0119 od otoczenia i zrelaksowa\u0107. G\u0142o\u015bno\u015b\u0107 d\u017awi\u0119ku mo\u017cna regulowa\u0107 i mo\u017cna go z\u0142o\u017cy\u0107 na p\u00f3\u0142, aby u\u0142atwi\u0107 transport.   <u><\/u><u><\/u><\/span><\/p>\n<p class=\"m_-4898998617067411409MsoListParagraph\"><span lang=\"LT\"><strong>Programy:<\/strong><u><\/u><u><\/u><\/span><\/p>\n<p class=\"m_-4898998617067411409MsoListParagraph\"><span lang=\"LT\"><em>Tryb aktywny<\/em>: silniejsze ci\u015bnienie powietrza, wibracje, ciep\u0142o i rytmiczna muzyka stymuluj\u0105 przep\u0142yw krwi wok\u00f3\u0142 oczu.<u><\/u><u><\/u><\/span><\/p>\n<p class=\"m_-4898998617067411409MsoListParagraph\"><span lang=\"LT\"><em>Tryb koj\u0105cy<\/em>: delikatny masa\u017c wykorzystuj\u0105cy wibracje do aktywacji mi\u0119\u015bni twarzy.<u><\/u><u><\/u><\/span><\/p>\n<p class=\"m_-4898998617067411409MsoListParagraph\"><span lang=\"LT\"><em>Tryb piel\u0119gnacji oczu<\/em>: po\u0142\u0105czenie delikatnego ci\u015bnienia powietrza, wibracji i kompresji ciep\u0142a w celu rewitalizacji zm\u0119czonych oczu. Ma na celu zmniejszenie zm\u0119czenia i od\u015bwie\u017cenie oczu po d\u0142ugim dniu. <u><\/u><u><\/u><\/span><\/p>\n<p class=\"m_-4898998617067411409MsoListParagraph\"><span lang=\"LT\"><em>Tryb u\u015bpienia<\/em>: lekki koj\u0105cy masa\u017c relaksuj\u0105cy oczy.<u><\/u><u><\/u><\/span><\/p>\n<p class=\"m_-4898998617067411409MsoListParagraph\"><span lang=\"LT\"><em>Tryb relaksacyjny<\/em>: koncentruje si\u0119 na lekkim ci\u015bnieniu powietrza i koj\u0105cych d\u017awi\u0119kach, zapewniaj\u0105c bardziej medytacyjne i relaksuj\u0105ce wra\u017cenia.<u><\/u><u><\/u><\/span><\/p>\n<p class=\"m_-4898998617067411409MsoListParagraph\"><span lang=\"LT\">Diamentowy masa\u017cer do oczu o nowoczesnym wygl\u0105dzie i zintegrowanych poduszkach powietrznych stymuluje kr\u0105\u017cenie krwi w okolicy pod oczami, uj\u0119drniaj\u0105c sk\u00f3r\u0119 wok\u00f3\u0142 oczu i zmniejszaj\u0105c opuchlizn\u0119, stymuluj\u0105c metabolizm tkanek podsk\u00f3rnych i rozlu\u017aniaj\u0105c mi\u0119\u015bnie wok\u00f3\u0142 oczu. Zintegrowana funkcja ogrzewania zapewnia skuteczne rozlu\u017anienie mi\u0119\u015bni. Mo\u017cliwo\u015b\u0107 s\u0142uchania koj\u0105cych d\u017awi\u0119k\u00f3w zapewnia wysoce efektywny odpoczynek. Mo\u017cna wybiera\u0107 spo\u015br\u00f3d d\u017awi\u0119k\u00f3w ju\u017c nagranych na masa\u017cerze lub po\u0142\u0105czy\u0107 go z urz\u0105dzeniem inteligentnym przez Bluetooth. Masa\u017cer jest niezwykle kompaktowy, dzi\u0119ki czemu idealnie sprawdzi si\u0119 w domu, podr\u00f3\u017cy czy pracy. Sk\u00f3rzana powierzchnia masa\u017cera jest niezwykle \u0142atwa w czyszczeniu.     <u><\/u><u><\/u><\/span><\/p>\n<p class=\"m_-4898998617067411409MsoListParagraph\"><span lang=\"LT\"><strong><em>Zastosowanie:<\/em><\/strong><u><\/u><u><\/u><\/span><\/p>\n<p class=\"m_-4898998617067411409MsoListParagraph\"><span lang=\"LT\">Zetrzyj makija\u017c oczu lub umie\u015b\u0107 mi\u0119kk\u0105 chusteczk\u0119 kosmetyczn\u0105 na masa\u017cerze. Umie\u015b\u0107 masa\u017cer na oczach i dostosuj jego rozmiar do potrzeb. Naci\u015bnij przycisk zasilania, aby w\u0142\u0105czy\u0107 masa\u017cer. Nacisn\u0105\u0107 kr\u00f3tko przycisk zasilania, aby wybra\u0107 \u017c\u0105dany program, przycisk muzyki, aby wybra\u0107 \u017c\u0105dane t\u0142o d\u017awi\u0119kowe i przycisk muzyki, aby wybra\u0107 \u017c\u0105dane t\u0142o d\u017awi\u0119kowe.   <\/span><\/p>\n","protected":false},"excerpt":{"rendered":"<p style=\"text-align: justify\">Bezprzewodowy masa\u017cer do oczu Diamond jest niezwykle kompaktowy i \u0142atwy w u\u017cyciu. Zintegrowana funkcja ogrzewania i r\u00f3\u017cne programy masa\u017cu s\u0105 bardzo skuteczne w relaksowaniu oczu. Zintegrowane d\u017awi\u0119ki fal, kapi\u0105cej wody i inne d\u017awi\u0119ki pozwol\u0105 ca\u0142kowicie odci\u0105\u0107 si\u0119 od otoczenia i zrelaksowa\u0107.  <\/p>\n","protected":false},"featured_media":8972,"template":"","meta":{"_acf_changed":false,"inline_featured_image":false},"product_brand":[245],"product_cat":[247,246],"product_tag":[],"class_list":{"0":"post-8971","1":"product","2":"type-product","3":"status-publish","4":"has-post-thumbnail","6":"product_brand-skg-pl","7":"product_cat-masazery-do-oczu","8":"product_cat-sprzet-do-masazu","9":"product_shipping_class-wysylka-i-odbior","11":"first","12":"instock","13":"sale","14":"taxable","15":"shipping-taxable","16":"purchasable","17":"product-type-simple"},"acf":[],"_links":{"self":[{"href":"https:\/\/borealis.lt\/pl\/wp-json\/wp\/v2\/product\/8971","targetHints":{"allow":["GET"]}}],"collection":[{"href":"https:\/\/borealis.lt\/pl\/wp-json\/wp\/v2\/product"}],"about":[{"href":"https:\/\/borealis.lt\/pl\/wp-json\/wp\/v2\/types\/product"}],"version-history":[{"count":0,"href":"https:\/\/borealis.lt\/pl\/wp-json\/wp\/v2\/product\/8971\/revisions"}],"wp:featuredmedia":[{"embeddable":true,"href":"https:\/\/borealis.lt\/pl\/wp-json\/wp\/v2\/media\/8972"}],"wp:attachment":[{"href":"https:\/\/borealis.lt\/pl\/wp-json\/wp\/v2\/media?parent=8971"}],"wp:term":[{"taxonomy":"product_brand","embeddable":true,"href":"https:\/\/borealis.lt\/pl\/wp-json\/wp\/v2\/product_brand?post=8971"},{"taxonomy":"product_cat","embeddable":true,"href":"https:\/\/borealis.lt\/pl\/wp-json\/wp\/v2\/product_cat?post=8971"},{"taxonomy":"product_tag","embeddable":true,"href":"https:\/\/borealis.lt\/pl\/wp-json\/wp\/v2\/product_tag?post=8971"}],"curies":[{"name":"wp","href":"https:\/\/api.w.org\/{rel}","templated":true}]}}