{"id":8963,"date":"2025-02-06T00:00:00","date_gmt":"2025-02-05T22:00:00","guid":{"rendered":"https:\/\/borealis.lt\/produktas\/iseem-akiu-masazuoklis\/"},"modified":"2025-04-24T17:23:45","modified_gmt":"2025-04-24T14:23:45","slug":"iseem-akiu-masazuoklis","status":"publish","type":"product","link":"https:\/\/borealis.lt\/pl\/produktas\/iseem-akiu-masazuoklis\/","title":{"rendered":"Masa\u017cer do oczu iSeeM"},"content":{"rendered":"<p class=\"m_-4898998617067411409MsoListParagraph\"><b>Bezprzewodowy masa\u017cer oczu iSeeM<\/b> jest ultrakompaktowy, bezprzewodowy i \u0142atwy w u\u017cyciu. Zintegrowana funkcja ogrzewania i trzy r\u00f3\u017cne programy<span lang=\"LT\">czasu trwania i charakteru<\/span> masa\u017cu s\u0105 bardzo skuteczne w relaksowaniu oczu. <u><\/u><u><\/u><\/p>\n<p class=\"m_-4898998617067411409MsoListParagraph\">Masa\u017cer oczu iSeeM z wbudowanymi poduszkami powietrznymi stymuluje kr\u0105\u017cenie krwi w okolicy oczu, uj\u0119drniaj\u0105c sk\u00f3r\u0119 wok\u00f3\u0142 oczu i zmniejszaj\u0105c opuchlizn\u0119, stymuluj\u0105c metabolizm tkanek podsk\u00f3rnych i rozlu\u017aniaj\u0105c mi\u0119\u015bnie wok\u00f3\u0142 oczu. Zintegrowana funkcja ogrzewania zapewnia skuteczne rozlu\u017anienie mi\u0119\u015bni. Masa\u017cer jest niezwykle kompaktowy, dzi\u0119ki czemu idealnie sprawdza si\u0119 nie tylko w domu, ale tak\u017ce w podr\u00f3\u017cy lub w miejscu pracy. Sk\u00f3rzana powierzchnia masa\u017cera jest niezwykle \u0142atwa do czyszczenia. Zintegrowane po\u0142\u0105czenie Bluetooth umo\u017cliwia s\u0142uchanie ulubionej muzyki podczas masa\u017cu.    <u><\/u><u><\/u><\/p>\n<p class=\"m_-4898998617067411409MsoListParagraph\"><i><strong>Zastosowanie:<\/strong><u><\/u><u><\/u><\/i><\/p>\n<p class=\"m_-4898998617067411409MsoListParagraph\">Zetrzyj makija\u017c oczu lub umie\u015b\u0107 mi\u0119kk\u0105 chusteczk\u0119 kosmetyczn\u0105 na masa\u017cerze. Umie\u015b\u0107 masa\u017cer na oczach i dostosuj jego rozmiar do potrzeb. U\u017cyj przycisku zasilania, aby w\u0142\u0105czy\u0107 masa\u017cer. Wybierz \u017c\u0105dan\u0105 si\u0142\u0119 masa\u017cu za pomoc\u0105 kr\u00f3tkiego naci\u015bni\u0119cia przycisku zasilania i ciesz si\u0119 masa\u017cem.   <\/p>\n","protected":false},"excerpt":{"rendered":"<p style=\"text-align: justify\"><span style=\"font-weight: 400\">Bezprzewodowy masa\u017cer oczu iSeeM jest ultrakompaktowy i \u0142atwy w u\u017cyciu. Zintegrowana funkcja ogrzewania i r\u00f3\u017cne programy masa\u017cu s\u0105 bardzo skuteczne w relaksowaniu oczu. <\/span><\/p>\n","protected":false},"featured_media":8964,"template":"","meta":{"_acf_changed":false,"inline_featured_image":false},"product_brand":[245],"product_cat":[247,246],"product_tag":[],"class_list":{"0":"post-8963","1":"product","2":"type-product","3":"status-publish","4":"has-post-thumbnail","6":"product_brand-skg-pl","7":"product_cat-masazery-do-oczu","8":"product_cat-sprzet-do-masazu","9":"product_shipping_class-wysylka-i-odbior","11":"first","12":"instock","13":"sale","14":"taxable","15":"shipping-taxable","16":"purchasable","17":"product-type-simple"},"acf":[],"_links":{"self":[{"href":"https:\/\/borealis.lt\/pl\/wp-json\/wp\/v2\/product\/8963","targetHints":{"allow":["GET"]}}],"collection":[{"href":"https:\/\/borealis.lt\/pl\/wp-json\/wp\/v2\/product"}],"about":[{"href":"https:\/\/borealis.lt\/pl\/wp-json\/wp\/v2\/types\/product"}],"version-history":[{"count":0,"href":"https:\/\/borealis.lt\/pl\/wp-json\/wp\/v2\/product\/8963\/revisions"}],"wp:featuredmedia":[{"embeddable":true,"href":"https:\/\/borealis.lt\/pl\/wp-json\/wp\/v2\/media\/8964"}],"wp:attachment":[{"href":"https:\/\/borealis.lt\/pl\/wp-json\/wp\/v2\/media?parent=8963"}],"wp:term":[{"taxonomy":"product_brand","embeddable":true,"href":"https:\/\/borealis.lt\/pl\/wp-json\/wp\/v2\/product_brand?post=8963"},{"taxonomy":"product_cat","embeddable":true,"href":"https:\/\/borealis.lt\/pl\/wp-json\/wp\/v2\/product_cat?post=8963"},{"taxonomy":"product_tag","embeddable":true,"href":"https:\/\/borealis.lt\/pl\/wp-json\/wp\/v2\/product_tag?post=8963"}],"curies":[{"name":"wp","href":"https:\/\/api.w.org\/{rel}","templated":true}]}}