{"id":8956,"date":"2025-02-06T00:00:00","date_gmt":"2025-02-05T22:00:00","guid":{"rendered":"https:\/\/borealis.lt\/produktas\/serveteles-sterisept-120vnt\/"},"modified":"2025-03-21T11:13:50","modified_gmt":"2025-03-21T09:13:50","slug":"serveteles-sterisept-120vnt","status":"publish","type":"product","link":"https:\/\/borealis.lt\/pl\/produktas\/serveteles-sterisept-120vnt\/","title":{"rendered":"Serwetki STERISEPT 120szt."},"content":{"rendered":"","protected":false},"excerpt":{"rendered":"<p><strong>STERISEPT 120szt. to bezalkoholowe r\u0119czniki jednorazowe do czyszczenia powierzchni wra\u017cliwych na dzia\u0142anie alkoholu. <\/strong><\/p>\n<hr>\n<p>Chusteczki STERISEPT 120szt nadaj\u0105 si\u0119 do czyszczenia i dezynfekcji wszystkich powierzchni, kt\u00f3re mo\u017cna czy\u015bci\u0107 wod\u0105. Chusteczki STERISEPT skutecznie chroni\u0105 przed bakteriami, grzybami i dro\u017cd\u017cami. <\/p>\n","protected":false},"featured_media":8957,"template":"","meta":{"_acf_changed":false,"inline_featured_image":false},"product_brand":[],"product_cat":[239],"product_tag":[],"class_list":{"0":"post-8956","1":"product","2":"type-product","3":"status-publish","4":"has-post-thumbnail","6":"product_cat-srodki-czyszczace","7":"product_shipping_class-wysylka-i-odbior","9":"first","10":"instock","11":"taxable","12":"shipping-taxable","13":"purchasable","14":"product-type-simple"},"acf":[],"_links":{"self":[{"href":"https:\/\/borealis.lt\/pl\/wp-json\/wp\/v2\/product\/8956","targetHints":{"allow":["GET"]}}],"collection":[{"href":"https:\/\/borealis.lt\/pl\/wp-json\/wp\/v2\/product"}],"about":[{"href":"https:\/\/borealis.lt\/pl\/wp-json\/wp\/v2\/types\/product"}],"version-history":[{"count":0,"href":"https:\/\/borealis.lt\/pl\/wp-json\/wp\/v2\/product\/8956\/revisions"}],"wp:featuredmedia":[{"embeddable":true,"href":"https:\/\/borealis.lt\/pl\/wp-json\/wp\/v2\/media\/8957"}],"wp:attachment":[{"href":"https:\/\/borealis.lt\/pl\/wp-json\/wp\/v2\/media?parent=8956"}],"wp:term":[{"taxonomy":"product_brand","embeddable":true,"href":"https:\/\/borealis.lt\/pl\/wp-json\/wp\/v2\/product_brand?post=8956"},{"taxonomy":"product_cat","embeddable":true,"href":"https:\/\/borealis.lt\/pl\/wp-json\/wp\/v2\/product_cat?post=8956"},{"taxonomy":"product_tag","embeddable":true,"href":"https:\/\/borealis.lt\/pl\/wp-json\/wp\/v2\/product_tag?post=8956"}],"curies":[{"name":"wp","href":"https:\/\/api.w.org\/{rel}","templated":true}]}}