{"id":8930,"date":"2025-02-06T00:00:00","date_gmt":"2025-02-05T22:00:00","guid":{"rendered":"https:\/\/borealis.lt\/produktas\/odos-antiseptikas-chemisept-g-250-ml\/"},"modified":"2025-03-21T11:13:51","modified_gmt":"2025-03-21T09:13:51","slug":"odos-antiseptikas-chemisept-g-250-ml","status":"publish","type":"product","link":"https:\/\/borealis.lt\/pl\/produktas\/odos-antiseptikas-chemisept-g-250-ml\/","title":{"rendered":"\u015arodek antyseptyczny do sk\u00f3ry CHEMISEPT G 250 ML"},"content":{"rendered":"","protected":false},"excerpt":{"rendered":"<p><strong>CHEMISEPT G 250 ML to bezbarwny p\u0142yn zawieraj\u0105cy alkohol, stosowany do antyseptycznego oczyszczania sk\u00f3ry.<\/strong><\/p>\n<hr>\n<p>\u015arodek antyseptyczny do sk\u00f3ry CHEMISEPT G 250 ML skutecznie usuwa patogeny gru\u017alicy i grzyby oraz dezaktywuje wirusy otoczkowe i bezotoczkowe, w tym HBV, HIV, rotawirusy i adenowirusy. Zastosowanie \u015brodka antyseptycznego na sk\u00f3r\u0119 tworzy \u015brodowisko nieodpowiednie dla \u017cycia drobnoustroj\u00f3w i pozostaje skuteczne przez okres do trzech godzin. Po tym okresie przywracana jest normalna mikroflora sk\u00f3ry.  <\/p>\n","protected":false},"featured_media":8931,"template":"","meta":{"_acf_changed":false,"inline_featured_image":false},"product_brand":[],"product_cat":[239],"product_tag":[],"class_list":{"0":"post-8930","1":"product","2":"type-product","3":"status-publish","4":"has-post-thumbnail","6":"product_cat-srodki-czyszczace","7":"product_shipping_class-wysylka-i-odbior","9":"first","10":"instock","11":"taxable","12":"shipping-taxable","13":"purchasable","14":"product-type-simple"},"acf":[],"_links":{"self":[{"href":"https:\/\/borealis.lt\/pl\/wp-json\/wp\/v2\/product\/8930","targetHints":{"allow":["GET"]}}],"collection":[{"href":"https:\/\/borealis.lt\/pl\/wp-json\/wp\/v2\/product"}],"about":[{"href":"https:\/\/borealis.lt\/pl\/wp-json\/wp\/v2\/types\/product"}],"version-history":[{"count":0,"href":"https:\/\/borealis.lt\/pl\/wp-json\/wp\/v2\/product\/8930\/revisions"}],"wp:featuredmedia":[{"embeddable":true,"href":"https:\/\/borealis.lt\/pl\/wp-json\/wp\/v2\/media\/8931"}],"wp:attachment":[{"href":"https:\/\/borealis.lt\/pl\/wp-json\/wp\/v2\/media?parent=8930"}],"wp:term":[{"taxonomy":"product_brand","embeddable":true,"href":"https:\/\/borealis.lt\/pl\/wp-json\/wp\/v2\/product_brand?post=8930"},{"taxonomy":"product_cat","embeddable":true,"href":"https:\/\/borealis.lt\/pl\/wp-json\/wp\/v2\/product_cat?post=8930"},{"taxonomy":"product_tag","embeddable":true,"href":"https:\/\/borealis.lt\/pl\/wp-json\/wp\/v2\/product_tag?post=8930"}],"curies":[{"name":"wp","href":"https:\/\/api.w.org\/{rel}","templated":true}]}}