{"id":8919,"date":"2025-02-06T00:00:00","date_gmt":"2025-02-05T22:00:00","guid":{"rendered":"https:\/\/borealis.lt\/produktas\/sildomas-keliu-dirzas\/"},"modified":"2025-06-13T17:55:10","modified_gmt":"2025-06-13T14:55:10","slug":"sildomas-keliu-dirzas","status":"publish","type":"product","link":"https:\/\/borealis.lt\/pl\/produktas\/sildomas-keliu-dirzas\/","title":{"rendered":"Podgrzewany pas kolanowy"},"content":{"rendered":"\t\t<div data-elementor-type=\"product-post\" data-elementor-id=\"8919\" class=\"elementor elementor-8919 elementor-2546\" data-elementor-post-type=\"product\">\n\t\t\t\t<div class=\"elementor-element elementor-element-9ea52a3 e-flex e-con-boxed e-con e-parent\" data-id=\"9ea52a3\" data-element_type=\"container\" data-e-type=\"container\">\n\t\t\t\t\t<div class=\"e-con-inner\">\n\t\t<div class=\"elementor-element elementor-element-b223585 e-con-full e-flex e-con e-child\" data-id=\"b223585\" data-element_type=\"container\" data-e-type=\"container\">\n\t\t\t\t<div class=\"elementor-element elementor-element-2bd2ddd elementor-widget elementor-widget-text-editor\" data-id=\"2bd2ddd\" data-element_type=\"widget\" data-e-type=\"widget\" data-widget_type=\"text-editor.default\">\n\t\t\t\t<div class=\"elementor-widget-container\">\n\t\t\t\t\t\t\t\t\t<div class=\"product-description\">\n\n\n  <h3>Lecznicze ciep\u0142o dla kolana<\/h3>\n  <p>Grafen to materia\u0142, kt\u00f3ry nagrzewa si\u0119 w ci\u0105gu kilku sekund i generuje ciep\u0142o w dalekiej podczerwieni.<\/p>\n  <p>Promieniowanie to przenika przez mi\u0119\u015bnie i ko\u015bci, pomagaj\u0105c:<\/p>\n  <ul>\n    <li>w celu z\u0142agodzenia b\u00f3lu spowodowanego zapaleniem staw\u00f3w lub uszkodzeniem \u0142\u0105kotki;<\/li>\n    <li>u\u0142atwiaj\u0105 powr\u00f3t do zdrowia po urazach;<\/li>\n    <li>zmniejszy\u0107 napi\u0119cie mi\u0119\u015bni i b\u00f3l.<\/li>\n  <\/ul>\n\n  <h3 style=\"margin-top: 40px\">Trzy tryby ogrzewania i automatyczne wy\u0142\u0105czanie<\/h3>\n  <ul>\n    <li>\ud83d\udd34 <strong>Czerwone \u015bwiat\u0142o:<\/strong> wysoka temperatura (60 \u00b0C)<\/li>\n    <li>\ud83d\udd35 <strong>Niebieskie \u015bwiat\u0142o:<\/strong> \u015brednia temperatura (50 \u00b0C)<\/li>\n    <li>\ud83d\udfe2 <strong>Zielone \u015bwiat\u0142o:<\/strong> niska temperatura (40 \u00b0C)<\/li>\n  <\/ul>\n  <p>Ciep\u0142o jest odczuwalne w ci\u0105gu 5-10 sekund.<\/p>\n  <p>Urz\u0105dzenie automatycznie wy\u0142\u0105cza si\u0119 po 15 minutach, zapewniaj\u0105c bezpiecze\u0144stwo i \u0142atwo\u015b\u0107 u\u017cytkowania.<\/p>\n\n  <h3 style=\"margin-top: 40px\">Wykorzystanie<\/h3>\n  <ol>\n    <li>Za\u0142\u00f3\u017c pasek na kolano.<\/li>\n    <li>Pod\u0142\u0105cz kabel USB do power banku.<\/li>\n    <li>Przytrzymaj przycisk zasilania, a\u017c za\u015bwieci si\u0119 kontrolka.<\/li>\n    <li>Naci\u015bnij przycisk , aby wybra\u0107 \u017c\u0105dan\u0105 temperatur\u0119.<\/li>\n    <li>Aby wy\u0142\u0105czy\u0107, przytrzymaj ponownie.<\/li>\n  <\/ol>\n\n  <h3 style=\"margin-top: 40px\">Informacje o produkcie<\/h3>\n  <ul>\n    <li><strong>Tytu\u0142:<\/strong> Podgrzewany pas kolanowy PMA<\/li>\n    <li><strong>Kolor:<\/strong> szary<\/li>\n    <li><strong>Rozmiar:<\/strong> 78 \u00d7 26,5 cm<\/li>\n    <li><strong>Moc:<\/strong> 10 W<\/li>\n    <li><strong>Pranie:<\/strong> r\u0119cznie w temperaturze do 40\u00b0C<\/li>\n    <li><strong>W zestawie:<\/strong> power bank, kabel USB, instrukcja obs\u0142ugi, etui na bateri\u0119 z paskiem samoprzylepnym<\/li>\n  <\/ul>\n<\/div>\n\t\t\t\t\t\t\t\t<\/div>\n\t\t\t\t<\/div>\n\t\t\t\t<\/div>\n\t\t<div class=\"elementor-element elementor-element-15fa067 e-con-full e-flex e-con e-child\" data-id=\"15fa067\" data-element_type=\"container\" data-e-type=\"container\">\n\t\t\t\t<\/div>\n\t\t\t\t\t<\/div>\n\t\t\t\t<\/div>\n\t\t\t\t<\/div>\n\t\t","protected":false},"excerpt":{"rendered":"<p>Zasilany bateryjnie podgrzewany pas na kolano jest doskona\u0142ym rozwi\u0105zaniem w przypadku b\u00f3lu kolana.<\/p>\n","protected":false},"featured_media":8920,"template":"","meta":{"_acf_changed":false,"inline_featured_image":false},"product_brand":[],"product_cat":[249,237],"product_tag":[],"class_list":{"0":"post-8919","1":"product","2":"type-product","3":"status-publish","4":"has-post-thumbnail","6":"product_cat-obrobka-termiczna","7":"product_cat-zdrowie-i-artykuly-sportowe","8":"product_shipping_class-wysylka-i-odbior","10":"first","11":"instock","12":"taxable","13":"shipping-taxable","14":"purchasable","15":"product-type-simple"},"acf":[],"_links":{"self":[{"href":"https:\/\/borealis.lt\/pl\/wp-json\/wp\/v2\/product\/8919","targetHints":{"allow":["GET"]}}],"collection":[{"href":"https:\/\/borealis.lt\/pl\/wp-json\/wp\/v2\/product"}],"about":[{"href":"https:\/\/borealis.lt\/pl\/wp-json\/wp\/v2\/types\/product"}],"version-history":[{"count":0,"href":"https:\/\/borealis.lt\/pl\/wp-json\/wp\/v2\/product\/8919\/revisions"}],"wp:featuredmedia":[{"embeddable":true,"href":"https:\/\/borealis.lt\/pl\/wp-json\/wp\/v2\/media\/8920"}],"wp:attachment":[{"href":"https:\/\/borealis.lt\/pl\/wp-json\/wp\/v2\/media?parent=8919"}],"wp:term":[{"taxonomy":"product_brand","embeddable":true,"href":"https:\/\/borealis.lt\/pl\/wp-json\/wp\/v2\/product_brand?post=8919"},{"taxonomy":"product_cat","embeddable":true,"href":"https:\/\/borealis.lt\/pl\/wp-json\/wp\/v2\/product_cat?post=8919"},{"taxonomy":"product_tag","embeddable":true,"href":"https:\/\/borealis.lt\/pl\/wp-json\/wp\/v2\/product_tag?post=8919"}],"curies":[{"name":"wp","href":"https:\/\/api.w.org\/{rel}","templated":true}]}}