{"id":8879,"date":"2025-02-06T00:00:00","date_gmt":"2025-02-05T22:00:00","guid":{"rendered":"https:\/\/borealis.lt\/produktas\/savaime-sildantis-juosmens-pleistras\/"},"modified":"2025-06-13T11:31:56","modified_gmt":"2025-06-13T08:31:56","slug":"savaime-sildantis-juosmens-pleistras","status":"publish","type":"product","link":"https:\/\/borealis.lt\/pl\/produktas\/savaime-sildantis-juosmens-pleistras\/","title":{"rendered":"Samorozgrzewaj\u0105ca si\u0119 naszywka na tali\u0119"},"content":{"rendered":"\t\t<div data-elementor-type=\"product-post\" data-elementor-id=\"8879\" class=\"elementor elementor-8879 elementor-2684\" data-elementor-post-type=\"product\">\n\t\t\t\t<div class=\"elementor-element elementor-element-3270d80 e-flex e-con-boxed e-con e-parent\" data-id=\"3270d80\" data-element_type=\"container\" data-e-type=\"container\">\n\t\t\t\t\t<div class=\"e-con-inner\">\n\t\t\t\t<div class=\"elementor-element elementor-element-c1c5661 elementor-widget elementor-widget-text-editor\" data-id=\"c1c5661\" data-element_type=\"widget\" data-e-type=\"widget\" data-widget_type=\"text-editor.default\">\n\t\t\t\t<div class=\"elementor-widget-container\">\n\t\t\t\t\t\t\t\t\t<h2 style=\"font-size: 40px;font-weight: 900;text-align: center;color: #ff4500;margin-bottom: 16px\">\n  PMAKULAX TCM plaster samoopalaj\u0105cy\n<\/h2>\n\t\t\t\t\t\t\t\t<\/div>\n\t\t\t\t<\/div>\n\t\t\t\t\t<\/div>\n\t\t\t\t<\/div>\n\t\t<div class=\"elementor-element elementor-element-05813b4 e-flex e-con-boxed e-con e-parent\" data-id=\"05813b4\" data-element_type=\"container\" data-e-type=\"container\">\n\t\t\t\t\t<div class=\"e-con-inner\">\n\t\t<div class=\"elementor-element elementor-element-14098b6 e-con-full e-flex e-con e-child\" data-id=\"14098b6\" data-element_type=\"container\" data-e-type=\"container\">\n\t\t\t\t<div class=\"elementor-element elementor-element-5abfc89 elementor-widget elementor-widget-text-editor\" data-id=\"5abfc89\" data-element_type=\"widget\" data-e-type=\"widget\" data-widget_type=\"text-editor.default\">\n\t\t\t\t<div class=\"elementor-widget-container\">\n\t\t\t\t\t\t\t\t\t<div class=\"product-description\">\n<h3 style=\"margin-top: 0px\">Szybka i wygodna ulga w b\u00f3lu<\/h3>\nInnowacyjny, samonagrzewaj\u0105cy si\u0119 plaster aktywuje si\u0119 natychmiast po otwarciu opakowania, zapewniaj\u0105c szybk\u0105 i skuteczn\u0105 terapi\u0119 ciep\u0142em. Idealny dla ulgi po d\u0142ugim dniu lub intensywnej aktywno\u015bci. Plaster zosta\u0142 zaprojektowany z my\u015bl\u0105 o maksymalnym komforcie &#8211; jest kompaktowy, wygodny i przeno\u015bny.  \n<h3 style=\"margin-top: 70px\">Naturalna terapia<\/h3>\nPlaster oparty jest na zasadach Tradycyjnej Medycyny Chi\u0144skiej (TCM) &#8211; emituje ciep\u0142o, kt\u00f3re poprawia kr\u0105\u017cenie, \u0142agodzi napi\u0119cie i poprawia samopoczucie. Zawiera naturalne sk\u0142adniki ro\u015blinne, kt\u00f3re od\u017cywiaj\u0105 sk\u00f3r\u0119. \n<h3 style=\"margin-top: 70px\">Kompaktowy i \u0142atwy w u\u017cyciu<\/h3>\n\u0141atwo mie\u015bci si\u0119 w torebce lub plecaku &#8211; mo\u017cna go u\u017cywa\u0107 w dowolnym momencie. Wystarczy otworzy\u0107 opakowanie i przy\u0142o\u017cy\u0107 plaster do brzucha &#8211; ciep\u0142o jest natychmiast odczuwalne. 6 plastr\u00f3w w opakowaniu.  \n\n<\/div>\t\t\t\t\t\t\t\t<\/div>\n\t\t\t\t<\/div>\n\t\t\t\t<\/div>\n\t\t<div class=\"elementor-element elementor-element-d6c92b3 e-con-full e-flex e-con e-child\" data-id=\"d6c92b3\" data-element_type=\"container\" data-e-type=\"container\">\n\t\t\t\t<div class=\"elementor-element elementor-element-1e94552 elementor-widget elementor-widget-text-editor\" data-id=\"1e94552\" data-element_type=\"widget\" data-e-type=\"widget\" data-widget_type=\"text-editor.default\">\n\t\t\t\t<div class=\"elementor-widget-container\">\n\t\t\t\t\t\t\t\t\t<div class=\"product-description\">\n<h3>Sk\u0142adniki ro\u015blinne i olejki eteryczne<\/h3>\n<ul>\n \t<li><strong>Pio\u0142un:<\/strong> rozgrzewa meridiany, usuwa wilgo\u0107<\/li>\n \t<li><strong>Imbir:<\/strong> \u0142agodzi przezi\u0119bienia, rozgrzewa \u015brodek cia\u0142a, powstrzymuje wymioty.<\/li>\n \t<li><strong>Chuanxiong:<\/strong> wzmacnia \u015bci\u0119gna i ko\u015bci, od\u017cywia nerki i w\u0105trob\u0119.<\/li>\n \t<li><strong>Olejek eteryczny z kadzid\u0142owca:<\/strong> antybakteryjny, poprawiaj\u0105cy nastr\u00f3j<\/li>\n<\/ul>\n<h3 style=\"margin-top: 30px\">Informacje o produkcie<\/h3>\n<ul>\n \t<li><strong>Sk\u0142adniki:<\/strong> w\u0142\u00f3knina medyczna, bawe\u0142na ig\u0142owana, w\u0119giel aktywny, sproszkowane \u017celazo, wermikulit, s\u00f3l, woda, pio\u0142un, imbir, olejki eteryczne, Chuanxiong<\/li>\n \t<li><strong>Temperatura ogrzewania:<\/strong> powy\u017cej 45 \u00b0C<\/li>\n \t<li><strong>Maksymalna temperatura:<\/strong> \u226460 \u00b0C<\/li>\n \t<li><strong>Norma:<\/strong> Q\/PMA 018-2021<\/li>\n \t<li><strong>Wymiary:<\/strong> 1100 mm \u00d7 140 mm<\/li>\n \t<li><strong>Opakowanie:<\/strong> 6 plastr\u00f3w<\/li>\n<\/ul>\n<h3 style=\"margin-top: 40px\">Ostrze\u017cenia<\/h3>\n<ul>\n \t<li>\u2757 Nie przecina\u0107 wn\u0119trza produktu &#8211; tylko do u\u017cytku zewn\u0119trznego<\/li>\n \t<li>\u2757 Nie u\u017cywa\u0107 w po\u0142\u0105czeniu z innymi \u015brodkami grzewczymi w po\u015bcieli<\/li>\n \t<li>\u2757 W przypadku odczuwania dyskomfortu nale\u017cy natychmiast przerwa\u0107 stosowanie.<\/li>\n \t<li>\u2757 Nie zast\u0119puje lek\u00f3w ani terapii<\/li>\n \t<li>\u2757 Jednorazowego u\u017cytku &#8211; nie u\u017cywa\u0107 ponownie<\/li>\n<\/ul>\n<\/div>\t\t\t\t\t\t\t\t<\/div>\n\t\t\t\t<\/div>\n\t\t\t\t<\/div>\n\t\t\t\t\t<\/div>\n\t\t\t\t<\/div>\n\t\t\t\t<\/div>\n\t\t","protected":false},"excerpt":{"rendered":"<p><b>PMAKULAX to samorozgrzewaj\u0105ce si\u0119 plastry na szyj\u0119, kolana i tali\u0119, kt\u00f3re<\/b> szybko i r\u00f3wnomiernie si\u0119 nagrzewaj\u0105. Plastry mog\u0105 skutecznie \u0142agodzi\u0107 szeroki zakres b\u00f3lu spowodowanego zapaleniem staw\u00f3w, zaburzeniami mi\u0119\u015bniowo-szkieletowymi, dyskomfortem kr\u0119gos\u0142upa, zapaleniem pochewki \u015bci\u0119gna, sztywno\u015bci\u0105 staw\u00f3w i b\u00f3lem plec\u00f3w.<br \/>\nGotowy do natychmiastowego u\u017cycia.<br \/>\nZawiera sk\u0142adniki zio\u0142owe.<br \/>\nKompaktowy i \u0142atwy do przenoszenia. <\/p>\n","protected":false},"featured_media":8880,"template":"","meta":{"_acf_changed":false,"inline_featured_image":false},"product_brand":[],"product_cat":[249,237],"product_tag":[],"class_list":{"0":"post-8879","1":"product","2":"type-product","3":"status-publish","4":"has-post-thumbnail","6":"product_cat-obrobka-termiczna","7":"product_cat-zdrowie-i-artykuly-sportowe","8":"product_shipping_class-wysylka-i-odbior","10":"first","11":"instock","12":"taxable","13":"shipping-taxable","14":"purchasable","15":"product-type-simple"},"acf":[],"_links":{"self":[{"href":"https:\/\/borealis.lt\/pl\/wp-json\/wp\/v2\/product\/8879","targetHints":{"allow":["GET"]}}],"collection":[{"href":"https:\/\/borealis.lt\/pl\/wp-json\/wp\/v2\/product"}],"about":[{"href":"https:\/\/borealis.lt\/pl\/wp-json\/wp\/v2\/types\/product"}],"version-history":[{"count":0,"href":"https:\/\/borealis.lt\/pl\/wp-json\/wp\/v2\/product\/8879\/revisions"}],"wp:featuredmedia":[{"embeddable":true,"href":"https:\/\/borealis.lt\/pl\/wp-json\/wp\/v2\/media\/8880"}],"wp:attachment":[{"href":"https:\/\/borealis.lt\/pl\/wp-json\/wp\/v2\/media?parent=8879"}],"wp:term":[{"taxonomy":"product_brand","embeddable":true,"href":"https:\/\/borealis.lt\/pl\/wp-json\/wp\/v2\/product_brand?post=8879"},{"taxonomy":"product_cat","embeddable":true,"href":"https:\/\/borealis.lt\/pl\/wp-json\/wp\/v2\/product_cat?post=8879"},{"taxonomy":"product_tag","embeddable":true,"href":"https:\/\/borealis.lt\/pl\/wp-json\/wp\/v2\/product_tag?post=8879"}],"curies":[{"name":"wp","href":"https:\/\/api.w.org\/{rel}","templated":true}]}}