{"id":8864,"date":"2025-02-06T00:00:00","date_gmt":"2025-02-05T22:00:00","guid":{"rendered":"https:\/\/borealis.lt\/produktas\/sildomas-dirzas\/"},"modified":"2025-06-13T13:54:17","modified_gmt":"2025-06-13T10:54:17","slug":"sildomas-dirzas","status":"publish","type":"product","link":"https:\/\/borealis.lt\/pl\/produktas\/sildomas-dirzas\/","title":{"rendered":"Podgrzewany pasek"},"content":{"rendered":"\t\t<div data-elementor-type=\"product-post\" data-elementor-id=\"8864\" class=\"elementor elementor-8864 elementor-2698\" data-elementor-post-type=\"product\">\n\t\t\t\t<div class=\"elementor-element elementor-element-cb28876 e-flex e-con-boxed e-con e-parent\" data-id=\"cb28876\" data-element_type=\"container\" data-e-type=\"container\">\n\t\t\t\t\t<div class=\"e-con-inner\">\n\t\t\t\t<div class=\"elementor-element elementor-element-e951995 elementor-widget elementor-widget-text-editor\" data-id=\"e951995\" data-element_type=\"widget\" data-e-type=\"widget\" data-widget_type=\"text-editor.default\">\n\t\t\t\t<div class=\"elementor-widget-container\">\n\t\t\t\t\t\t\t\t\t<h2 style=\"font-size: 32px;font-weight: 800;text-align: center;color: #1a1a1a;margin-bottom: 24px\">\n  Podgrzewany pas grafenowy na plecy i brzuch\n  <\/h2>\t\t\t\t\t\t\t\t<\/div>\n\t\t\t\t<\/div>\n\t\t\t\t\t<\/div>\n\t\t\t\t<\/div>\n\t\t<div class=\"elementor-element elementor-element-0eec70a e-flex e-con-boxed e-con e-parent\" data-id=\"0eec70a\" data-element_type=\"container\" data-e-type=\"container\">\n\t\t\t\t\t<div class=\"e-con-inner\">\n\t\t<div class=\"elementor-element elementor-element-6be31bf e-con-full e-flex e-con e-child\" data-id=\"6be31bf\" data-element_type=\"container\" data-e-type=\"container\">\n\t\t\t\t<div class=\"elementor-element elementor-element-bb67dbb elementor-widget elementor-widget-text-editor\" data-id=\"bb67dbb\" data-element_type=\"widget\" data-e-type=\"widget\" data-widget_type=\"text-editor.default\">\n\t\t\t\t<div class=\"elementor-widget-container\">\n\t\t\t\t\t\t\t\t\t<div class=\"product-description\"><h3>Terapeutyczne ciep\u0142o i komfort<\/h3><p>Mikrostruktura grafenu sprawia, \u017ce ta\u015bma nagrzewa si\u0119 szybko i r\u00f3wnomiernie. Ciep\u0142o: <\/p><ul><li>poprawia kr\u0105\u017cenie krwi,<\/li><li>rozlu\u017ania mi\u0119\u015bnie,<\/li><li>\u0142agodzi b\u00f3le brzucha i plec\u00f3w.<\/li><\/ul><p>Woreczek z sol\u0105 lecznicz\u0105 zawiera 9 r\u00f3\u017cnych ekstrakt\u00f3w zio\u0142owych z tradycyjnej medycyny chi\u0144skiej, kt\u00f3re pomagaj\u0105 z\u0142agodzi\u0107 b\u00f3l.<\/p><p>Haczyk samoprzylepny umo\u017cliwia dopasowanie pasa do talii, dzi\u0119ki czemu nadaje si\u0119 do r\u00f3\u017cnych kszta\u0142t\u00f3w cia\u0142a. Pas ma zaledwie 0,4 cm grubo\u015bci, co czyni go niezwykle wygodnym i przeno\u015bnym dzi\u0119ki zasilaniu bateryjnemu. <\/p><h3 style=\"margin-top: 40px\">Trzy tryby ogrzewania i automatyczne wy\u0142\u0105czanie<\/h3><ul><li>\ud83d\udd34 <strong>Czerwone \u015bwiat\u0142o:<\/strong> wysoka temperatura (65 \u00b0C)<\/li><li>\ud83d\udd35 <strong>Niebieskie \u015bwiat\u0142o:<\/strong> \u015brednia temperatura (55 \u00b0C)<\/li><li>\ud83d\udfe2 <strong>Zielone \u015bwiat\u0142o:<\/strong> niska temperatura (45 \u00b0C)<\/li><\/ul><p>Funkcja automatycznego wy\u0142\u0105czania po 15 minutach zwi\u0119ksza bezpiecze\u0144stwo i oszcz\u0119dza energi\u0119.<\/p><h3 style=\"margin-top: 40px\">Wykorzystanie<\/h3><ol><li>Za\u0142\u00f3\u017c pasek wok\u00f3\u0142 talii lub brzucha.<\/li><li>Pod\u0142\u0105cz kabel USB do power banku.<\/li><li>Przytrzymaj przycisk zasilania, a\u017c za\u015bwieci si\u0119 kontrolka.<\/li><li>Naci\u015bnij przycisk kilkakrotnie, aby zmieni\u0107 temperatur\u0119.<\/li><li>Aby wy\u0142\u0105czy\u0107, przytrzymaj ponownie.<\/li><\/ol><p>Zestaw zawiera r\u00f3wnie\u017c <strong>poduszk\u0119 terapeutyczn\u0105 z zio\u0142ami<\/strong>, kt\u00f3r\u0105 mo\u017cna w\u0142o\u017cy\u0107 do pasa.<\/p><\/div>\t\t\t\t\t\t\t\t<\/div>\n\t\t\t\t<\/div>\n\t\t\t\t<\/div>\n\t\t<div class=\"elementor-element elementor-element-e11d466 e-con-full e-flex e-con e-child\" data-id=\"e11d466\" data-element_type=\"container\" data-e-type=\"container\">\n\t\t\t\t<div class=\"elementor-element elementor-element-15c3429 elementor-widget elementor-widget-text-editor\" data-id=\"15c3429\" data-element_type=\"widget\" data-e-type=\"widget\" data-widget_type=\"text-editor.default\">\n\t\t\t\t<div class=\"elementor-widget-container\">\n\t\t\t\t\t\t\t\t\t<div class=\"product-description\">\n<h3 style=\"margin-top: 140px\">Informacje o produkcie<\/h3>\n<ul>\n \t<li><strong>Tytu\u0142:<\/strong> Podgrzewany pas grafenowy (brzuch lub plecy)<\/li>\n \t<li><strong>Rozmiar:<\/strong> 70-90 cm (bez rozci\u0105gania)<\/li>\n \t<li><strong>Grubo\u015b\u0107:<\/strong> 0,4 cm<\/li>\n \t<li><strong>Pranie:<\/strong> r\u0119cznie w temperaturze do 40\u00b0C<\/li>\n \t<li><strong>Wra\u017cliwo\u015b\u0107:<\/strong> uczucie ciep\u0142a w ci\u0105gu 5-10 sekund.<\/li>\n \t<li><strong>Torebka na zio\u0142a:<\/strong> u\u017cywana do 6 miesi\u0119cy<\/li>\n \t<li><strong>Zawiera:<\/strong> pas, poduszk\u0119 zio\u0142ow\u0105, bateri\u0119<\/li>\n<\/ul>\n<h3 style=\"margin-top: 90px\">Zalecenia dotycz\u0105ce u\u017cytkowania<\/h3>\n<ul style=\"padding-left: 0\">\n \t<li><span style=\"color: red;font-weight: bold\">\u2757<\/span> Po u\u017cyciu saszetki zio\u0142owej nale\u017cy wypi\u0107 do 300 ml wody.<\/li>\n \t<li><span style=\"color: red;font-weight: bold\">\u2757<\/span> Nie nale\u017cy stosowa\u0107 saszetki zio\u0142owej podczas snu, na stan zapalny sk\u00f3ry lub co najmniej 30 minut po jedzeniu.<\/li>\n<\/ul>\n<\/div>\t\t\t\t\t\t\t\t<\/div>\n\t\t\t\t<\/div>\n\t\t\t\t<\/div>\n\t\t\t\t\t<\/div>\n\t\t\t\t<\/div>\n\t\t\t\t<\/div>\n\t\t","protected":false},"excerpt":{"rendered":"<p>Podgrzewany podczerwieni\u0105 pas grafenowy z chi\u0144skimi zio\u0142ami jest umieszczany zar\u00f3wno na brzuchu, jak i na plecach, aby zapewni\u0107 koj\u0105ce ciep\u0142o.<\/p>\n","protected":false},"featured_media":8866,"template":"","meta":{"_acf_changed":false,"inline_featured_image":false},"product_brand":[],"product_cat":[249,237],"product_tag":[],"class_list":{"0":"post-8864","1":"product","2":"type-product","3":"status-publish","4":"has-post-thumbnail","6":"product_cat-obrobka-termiczna","7":"product_cat-zdrowie-i-artykuly-sportowe","8":"product_shipping_class-wysylka-i-odbior","10":"first","11":"instock","12":"taxable","13":"shipping-taxable","14":"purchasable","15":"product-type-simple"},"acf":[],"_links":{"self":[{"href":"https:\/\/borealis.lt\/pl\/wp-json\/wp\/v2\/product\/8864","targetHints":{"allow":["GET"]}}],"collection":[{"href":"https:\/\/borealis.lt\/pl\/wp-json\/wp\/v2\/product"}],"about":[{"href":"https:\/\/borealis.lt\/pl\/wp-json\/wp\/v2\/types\/product"}],"version-history":[{"count":0,"href":"https:\/\/borealis.lt\/pl\/wp-json\/wp\/v2\/product\/8864\/revisions"}],"wp:featuredmedia":[{"embeddable":true,"href":"https:\/\/borealis.lt\/pl\/wp-json\/wp\/v2\/media\/8866"}],"wp:attachment":[{"href":"https:\/\/borealis.lt\/pl\/wp-json\/wp\/v2\/media?parent=8864"}],"wp:term":[{"taxonomy":"product_brand","embeddable":true,"href":"https:\/\/borealis.lt\/pl\/wp-json\/wp\/v2\/product_brand?post=8864"},{"taxonomy":"product_cat","embeddable":true,"href":"https:\/\/borealis.lt\/pl\/wp-json\/wp\/v2\/product_cat?post=8864"},{"taxonomy":"product_tag","embeddable":true,"href":"https:\/\/borealis.lt\/pl\/wp-json\/wp\/v2\/product_tag?post=8864"}],"curies":[{"name":"wp","href":"https:\/\/api.w.org\/{rel}","templated":true}]}}