{"id":8851,"date":"2025-02-06T00:00:00","date_gmt":"2025-02-05T22:00:00","guid":{"rendered":"https:\/\/borealis.lt\/produktas\/savaime-sildantis-kaklo-pleistras\/"},"modified":"2025-06-13T11:42:22","modified_gmt":"2025-06-13T08:42:22","slug":"savaime-sildantis-kaklo-pleistras","status":"publish","type":"product","link":"https:\/\/borealis.lt\/pl\/produktas\/savaime-sildantis-kaklo-pleistras\/","title":{"rendered":"Samorozgrzewaj\u0105ca si\u0119 naszywka na szyj\u0119"},"content":{"rendered":"\t\t<div data-elementor-type=\"product-post\" data-elementor-id=\"8851\" class=\"elementor elementor-8851 elementor-2633\" data-elementor-post-type=\"product\">\n\t\t\t\t<div class=\"elementor-element elementor-element-f71bd70 e-flex e-con-boxed e-con e-parent\" data-id=\"f71bd70\" data-element_type=\"container\" data-e-type=\"container\">\n\t\t\t\t\t<div class=\"e-con-inner\">\n\t\t\t\t<div class=\"elementor-element elementor-element-cfa5ad1 elementor-widget elementor-widget-text-editor\" data-id=\"cfa5ad1\" data-element_type=\"widget\" data-e-type=\"widget\" data-widget_type=\"text-editor.default\">\n\t\t\t\t<div class=\"elementor-widget-container\">\n\t\t\t\t\t\t\t\t\t<h2 style=\"font-size: 36px;font-weight: 900;text-align: center;color: #ff4500;margin-bottom: 24px\">\n  PMAKULAX TCM plaster samoopalaj\u0105cy\n  <\/h2>\t\t\t\t\t\t\t\t<\/div>\n\t\t\t\t<\/div>\n\t\t\t\t\t<\/div>\n\t\t\t\t<\/div>\n\t\t<div class=\"elementor-element elementor-element-3d40325 e-flex e-con-boxed e-con e-parent\" data-id=\"3d40325\" data-element_type=\"container\" data-e-type=\"container\">\n\t\t\t\t\t<div class=\"e-con-inner\">\n\t\t<div class=\"elementor-element elementor-element-92aa8cb e-con-full e-flex e-con e-child\" data-id=\"92aa8cb\" data-element_type=\"container\" data-e-type=\"container\">\n\t\t\t\t<div class=\"elementor-element elementor-element-9946e78 elementor-widget elementor-widget-text-editor\" data-id=\"9946e78\" data-element_type=\"widget\" data-e-type=\"widget\" data-widget_type=\"text-editor.default\">\n\t\t\t\t<div class=\"elementor-widget-container\">\n\t\t\t\t\t\t\t\t\t<div class=\"product-description\">\n<h3>Szybka i wygodna ulga w b\u00f3lu<\/h3>\nInnowacyjny, samonagrzewaj\u0105cy si\u0119 plaster aktywuje si\u0119 natychmiast po otwarciu opakowania, zapewniaj\u0105c szybk\u0105 i skuteczn\u0105 terapi\u0119 ciep\u0142em.\n\nIdealny do szybkiej ulgi po d\u0142ugim dniu lub intensywnej aktywno\u015bci. Zaprojektowany z my\u015bl\u0105 o maksymalnym komforcie i swobodzie ruch\u00f3w, plaster PMAKULAX jest kompaktowy i \u0142atwy do przenoszenia. \n<h3 style=\"margin-top:40px\">Naturalna terapia<\/h3>\nPlaster oparty jest na zasadach Tradycyjnej Medycyny Chi\u0144skiej (TCM), wykorzystuj\u0105cej naturalne sk\u0142adniki zio\u0142owe. Pomagaj\u0105 one od\u017cywi\u0107 sk\u00f3r\u0119, poprawi\u0107 kr\u0105\u017cenie krwi i z\u0142agodzi\u0107 napi\u0119cie mi\u0119\u015bni. Plaster emituje sta\u0142e ciep\u0142o, kt\u00f3re poprawia og\u00f3lne samopoczucie.  \n<h3 style=\"margin-top:40px\">Kompaktowy i \u0142atwy w u\u017cyciu<\/h3>\nU\u017cywaj go w dowolnym miejscu i czasie &#8211; wystarczy otworzy\u0107 opakowanie i przymocowa\u0107 plaster do szyi. Ka\u017cde opakowanie zawiera 4 plastry zapewniaj\u0105ce d\u0142ugotrwa\u0142e i skuteczne dzia\u0142anie. \n<h3 style=\"margin-top:40px\">5-godzinny gor\u0105cy kompres<\/h3>\nPatch obs\u0142uguje  &gt;45\u00b0C przez maksymalnie 5 godzin, rozprowadzaj\u0105c ciep\u0142o i wilgo\u0107. Ciep\u0142o stymuluje wch\u0142anianie substancji ro\u015blinnych, \u0142agodzi b\u00f3l szyi i zmniejsza dyskomfort. \n\n<\/div>\t\t\t\t\t\t\t\t<\/div>\n\t\t\t\t<\/div>\n\t\t\t\t<\/div>\n\t\t<div class=\"elementor-element elementor-element-9ffd666 e-con-full e-flex e-con e-child\" data-id=\"9ffd666\" data-element_type=\"container\" data-e-type=\"container\">\n\t\t\t\t<div class=\"elementor-element elementor-element-02d0e70 elementor-widget elementor-widget-text-editor\" data-id=\"02d0e70\" data-element_type=\"widget\" data-e-type=\"widget\" data-widget_type=\"text-editor.default\">\n\t\t\t\t<div class=\"elementor-widget-container\">\n\t\t\t\t\t\t\t\t\t<div class=\"product-description\">\n<h3>Sk\u0142adniki ro\u015blinne i olejki eteryczne<\/h3>\n<ul>\n \t<li><strong>Pio\u0142un:<\/strong> rozgrzewa meridiany, usuwa wilgo\u0107<\/li>\n \t<li><strong>Imbir:<\/strong> usuwa przezi\u0119bienie, rozgrzewa \u015brodek cia\u0142a, powstrzymuje wymioty.<\/li>\n \t<li><strong>Chuanxiong:<\/strong> wzmacnia \u015bci\u0119gna i ko\u015bci, od\u017cywia nerki i w\u0105trob\u0119.<\/li>\n \t<li><strong>Olejek eteryczny z kadzid\u0142owca:<\/strong> antybakteryjny, poprawiaj\u0105cy nastr\u00f3j<\/li>\n<\/ul>\n<h3 style=\"margin-top: 70px\">Informacje o produkcie<\/h3>\n<ul>\n \t<li><strong>Sk\u0142adniki:<\/strong> w\u0142\u00f3knina medyczna, bawe\u0142na ig\u0142owana, w\u0119giel aktywny, sproszkowane \u017celazo, wermikulit, s\u00f3l, woda, pio\u0142un, imbir, olejki eteryczne, Chuanxiong<\/li>\n \t<li><strong>Temperatura ogrzewania:<\/strong> powy\u017cej 45 \u00b0C<\/li>\n \t<li><strong>Maksymalna temperatura:<\/strong> \u226460 \u00b0C<\/li>\n \t<li><strong>Norma:<\/strong> Q\/PMA 018-2021<\/li>\n \t<li><strong>Wymiary:<\/strong> 490 mm \u00d7 85 mm<\/li>\n \t<li><strong>Opakowanie:<\/strong> 4 plastry<\/li>\n<\/ul>\n<h3 style=\"margin-top: 60px\">Ostrze\u017cenia<\/h3>\n<ul>\n \t<li><span style=\"color: red;font-weight: bold;width: 1.5em\">\u2757<\/span> Nie przecina\u0107 wewn\u0119trznego rdzenia produktu &#8211; tylko do u\u017cytku zewn\u0119trznego<\/li>\n \t<li><span style=\"color: red;font-weight: bold;width: 1.5em\">\u2757<\/span> Nie u\u017cywa\u0107 w po\u0142\u0105czeniu z innymi \u015brodkami grzewczymi w po\u015bcieli<\/li>\n \t<li><span style=\"color: red;font-weight: bold;width: 1.5em\">\u2757<\/span> W przypadku odczuwania dyskomfortu w okolicy szyi nale\u017cy natychmiast przerwa\u0107 stosowanie.<\/li>\n \t<li><span style=\"color: red;font-weight: bold;width: 1.5em\">\u2757<\/span> Ten produkt nie zast\u0119puje lek\u00f3w ani urz\u0105dze\u0144 medycznych<\/li>\n \t<li><span style=\"color: red;font-weight: bold;width: 1.5em\">\u2757<\/span> Jednorazowego u\u017cytku &#8211; nie u\u017cywa\u0107 ponownie<\/li>\n<\/ul>\n<\/div>\t\t\t\t\t\t\t\t<\/div>\n\t\t\t\t<\/div>\n\t\t\t\t<\/div>\n\t\t\t\t\t<\/div>\n\t\t\t\t<\/div>\n\t\t\t\t<\/div>\n\t\t","protected":false},"excerpt":{"rendered":"<p><strong>PMAKULAX<\/strong> to samonagrzewaj\u0105ce si\u0119 plastry na szyj\u0119, kolana i tali\u0119, kt\u00f3re szybko i r\u00f3wnomiernie si\u0119 nagrzewaj\u0105. Plastry mog\u0105 skutecznie \u0142agodzi\u0107 szeroki zakres b\u00f3lu spowodowanego zapaleniem staw\u00f3w, zaburzeniami mi\u0119\u015bniowo-szkieletowymi, dyskomfortem kr\u0119gos\u0142upa, zapaleniem pochewki \u015bci\u0119gna, sztywno\u015bci\u0105 staw\u00f3w i b\u00f3lem plec\u00f3w. Gotowe do natychmiastowego u\u017cycia. Zawiera sk\u0142adniki zio\u0142owe. Kompaktowy i \u0142atwy do przenoszenia.    <\/p>\n","protected":false},"featured_media":8852,"template":"","meta":{"_acf_changed":false,"inline_featured_image":false},"product_brand":[],"product_cat":[249,237],"product_tag":[],"class_list":{"0":"post-8851","1":"product","2":"type-product","3":"status-publish","4":"has-post-thumbnail","6":"product_cat-obrobka-termiczna","7":"product_cat-zdrowie-i-artykuly-sportowe","8":"product_shipping_class-wysylka-i-odbior","10":"first","11":"instock","12":"taxable","13":"shipping-taxable","14":"purchasable","15":"product-type-simple"},"acf":[],"_links":{"self":[{"href":"https:\/\/borealis.lt\/pl\/wp-json\/wp\/v2\/product\/8851","targetHints":{"allow":["GET"]}}],"collection":[{"href":"https:\/\/borealis.lt\/pl\/wp-json\/wp\/v2\/product"}],"about":[{"href":"https:\/\/borealis.lt\/pl\/wp-json\/wp\/v2\/types\/product"}],"version-history":[{"count":0,"href":"https:\/\/borealis.lt\/pl\/wp-json\/wp\/v2\/product\/8851\/revisions"}],"wp:featuredmedia":[{"embeddable":true,"href":"https:\/\/borealis.lt\/pl\/wp-json\/wp\/v2\/media\/8852"}],"wp:attachment":[{"href":"https:\/\/borealis.lt\/pl\/wp-json\/wp\/v2\/media?parent=8851"}],"wp:term":[{"taxonomy":"product_brand","embeddable":true,"href":"https:\/\/borealis.lt\/pl\/wp-json\/wp\/v2\/product_brand?post=8851"},{"taxonomy":"product_cat","embeddable":true,"href":"https:\/\/borealis.lt\/pl\/wp-json\/wp\/v2\/product_cat?post=8851"},{"taxonomy":"product_tag","embeddable":true,"href":"https:\/\/borealis.lt\/pl\/wp-json\/wp\/v2\/product_tag?post=8851"}],"curies":[{"name":"wp","href":"https:\/\/api.w.org\/{rel}","templated":true}]}}