{"id":8850,"date":"2025-02-06T00:00:00","date_gmt":"2025-02-05T22:00:00","guid":{"rendered":"https:\/\/borealis.lt\/produktas\/grafenu-sildomas-ranku-masazuoklis\/"},"modified":"2025-05-22T13:52:20","modified_gmt":"2025-05-22T10:52:20","slug":"grafenu-sildomas-ranku-masazuoklis","status":"publish","type":"product","link":"https:\/\/borealis.lt\/pl\/produktas\/grafenu-sildomas-ranku-masazuoklis\/","title":{"rendered":"Podgrzewany masa\u017cer r\u0119czny z grafenem"},"content":{"rendered":"<p>Masa\u017cer r\u0119czny na podczerwie\u0144 pomaga poprawi\u0107 kr\u0105\u017cenie krwi, z\u0142agodzi\u0107 napi\u0119cie nerwowe i rozlu\u017ani\u0107 skurcze mi\u0119\u015bni. Masa\u017cer ten jest powszechnie stosowany w przypadku sztywnych staw\u00f3w, skurcz\u00f3w mi\u0119\u015bni lub uraz\u00f3w sportowych. Grafen zintegrowany z urz\u0105dzeniem to nowy, mocny, ale cienki materia\u0142, kt\u00f3ry poprawia generowanie promieniowania dalekiej podczerwieni. Masa\u017cer jest bezprzewodowy, dzi\u0119ki czemu jest wygodny w u\u017cyciu zar\u00f3wno w domu, jak i w biurze. Zintegrowane ogrzewanie i 3 poziomy si\u0142y masa\u017cu pozwalaj\u0105 dostosowa\u0107 urz\u0105dzenie do indywidualnych potrzeb.    <\/p>\n<p><strong>Zastosowanie:<\/strong><\/p>\n<p>W\u0142\u00f3\u017c d\u0142o\u0144 do masa\u017cera i w\u0142\u0105cz go. Wybierz p\u0142e\u0107 (m\u0119\u017cczyzna\/kobieta), wybierz \u017c\u0105dany poziom si\u0142y masa\u017cu (tryb), aktywuj funkcj\u0119 ogrzewania, je\u015bli chcesz i ciesz si\u0119 masa\u017cem. Czas trwania programu 15 min.  <\/p>\n","protected":false},"excerpt":{"rendered":"<p style=\"text-align: justify\"><span style=\"font-weight: 400\">Masa\u017cer grafenowy to idealny wyb\u00f3r do rozlu\u017aniania napi\u0119tych mi\u0119\u015bni i \u0142agodzenia b\u00f3lu mi\u0119\u015bni i staw\u00f3w. Zintegrowana technologia podczerwieni zapewnia delikatny, koj\u0105cy masa\u017c d\u0142oni. <\/span><\/p>\n","protected":false},"featured_media":8855,"template":"","meta":{"_acf_changed":false,"inline_featured_image":false},"product_brand":[],"product_cat":[246,250],"product_tag":[],"class_list":{"0":"post-8850","1":"product","2":"type-product","3":"status-publish","4":"has-post-thumbnail","6":"product_cat-sprzet-do-masazu","7":"product_cat-masazery-do-ciala","8":"product_shipping_class-wysylka-i-odbior","10":"first","11":"instock","12":"sale","13":"taxable","14":"shipping-taxable","15":"purchasable","16":"product-type-simple"},"acf":[],"_links":{"self":[{"href":"https:\/\/borealis.lt\/pl\/wp-json\/wp\/v2\/product\/8850","targetHints":{"allow":["GET"]}}],"collection":[{"href":"https:\/\/borealis.lt\/pl\/wp-json\/wp\/v2\/product"}],"about":[{"href":"https:\/\/borealis.lt\/pl\/wp-json\/wp\/v2\/types\/product"}],"version-history":[{"count":0,"href":"https:\/\/borealis.lt\/pl\/wp-json\/wp\/v2\/product\/8850\/revisions"}],"wp:featuredmedia":[{"embeddable":true,"href":"https:\/\/borealis.lt\/pl\/wp-json\/wp\/v2\/media\/8855"}],"wp:attachment":[{"href":"https:\/\/borealis.lt\/pl\/wp-json\/wp\/v2\/media?parent=8850"}],"wp:term":[{"taxonomy":"product_brand","embeddable":true,"href":"https:\/\/borealis.lt\/pl\/wp-json\/wp\/v2\/product_brand?post=8850"},{"taxonomy":"product_cat","embeddable":true,"href":"https:\/\/borealis.lt\/pl\/wp-json\/wp\/v2\/product_cat?post=8850"},{"taxonomy":"product_tag","embeddable":true,"href":"https:\/\/borealis.lt\/pl\/wp-json\/wp\/v2\/product_tag?post=8850"}],"curies":[{"name":"wp","href":"https:\/\/api.w.org\/{rel}","templated":true}]}}