{"id":8820,"date":"2025-02-06T00:00:00","date_gmt":"2025-02-05T22:00:00","guid":{"rendered":"https:\/\/borealis.lt\/produktas\/masazinis-volelis-blackroll-groove-pro\/"},"modified":"2025-06-04T23:48:12","modified_gmt":"2025-06-04T20:48:12","slug":"masazinis-volelis-blackroll-groove-pro","status":"publish","type":"product","link":"https:\/\/borealis.lt\/pl\/produktas\/masazinis-volelis-blackroll-groove-pro\/","title":{"rendered":"Rolka do masa\u017cu BLACKROLL GROOVE PRO"},"content":{"rendered":"\t\t<div data-elementor-type=\"product-post\" data-elementor-id=\"8820\" class=\"elementor elementor-8820 elementor-2792\" data-elementor-post-type=\"product\">\n\t\t\t\t<div class=\"elementor-element elementor-element-a8cd3de e-flex e-con-boxed e-con e-parent\" data-id=\"a8cd3de\" data-element_type=\"container\" data-e-type=\"container\">\n\t\t\t\t\t<div class=\"e-con-inner\">\n\t\t<div class=\"elementor-element elementor-element-406fd38 e-con-full e-flex e-con e-child\" data-id=\"406fd38\" data-element_type=\"container\" data-e-type=\"container\">\n\t\t\t\t<div class=\"elementor-element elementor-element-1426832 elementor-widget elementor-widget-text-editor\" data-id=\"1426832\" data-element_type=\"widget\" data-e-type=\"widget\" data-widget_type=\"text-editor.default\">\n\t\t\t\t<div class=\"elementor-widget-container\">\n\t\t\t\t\t\t\t\t\t<div style=\"font-family: Arial, sans-serif;max-width: 700px;margin: 0 auto;text-align: left\">\n\n  <h2 style=\"font-size: 28px;font-weight: 500;margin-bottom: 16px\">Informacje o produkcie<\/h2>\n\n  <p style=\"font-size: 16px;color: #333;line-height: 1.6;margin-bottom: 24px\">\n    <strong>Roller do masa\u017cu BLACKROLL\u00ae MED<\/strong> pomaga poprawi\u0107 elastyczno\u015b\u0107 cia\u0142a, r\u00f3wnowag\u0119 i si\u0142\u0119 mi\u0119\u015bni podczas codziennego treningu lub masa\u017cu.\n Jest to idealny wyb\u00f3r zar\u00f3wno dla profesjonalnych sportowc\u00f3w, jak i os\u00f3b w ka\u017cdym wieku i na ka\u017cdym poziomie sprawno\u015bci, kt\u00f3re chc\u0105 poprawi\u0107 swoje og\u00f3lne samopoczucie i kondycj\u0119.\n  <\/p>\n\n  <p style=\"font-size: 16px;color: #333;line-height: 1.6;margin-bottom: 24px\">\n  Wyt\u0142aczana struktura powierzchni wa\u0142ka do masa\u017cu tworzy naturalne wibracje, kt\u00f3re aktywuj\u0105 i poprawiaj\u0105 kr\u0105\u017cenie krwi.\n  Regularne stosowanie pomaga zapobiega\u0107 urazom mi\u0119\u015bni spowodowanym nadmiernym wysi\u0142kiem i przyczynia si\u0119 do szybszej regeneracji po wysi\u0142ku.\n  <\/p>\n\n  <p style=\"font-size: 16px;color: #333;line-height: 1.6;margin-bottom: 24px\">\n    Rolka do masa\u017cu <strong>BLACKROLL\u00ae Groove Pro<\/strong> jest o 50% ci\u0119\u017csza od rolki Groove Standard, dzi\u0119ki czemu zapewnia jeszcze bardziej intensywny efekt.\n Nawet niewielki wysi\u0142ek mo\u017ce skutecznie poprawi\u0107 kondycj\u0119 fizyczn\u0105 i regeneracj\u0119 mi\u0119\u015bni po treningu.\n  <\/p>\n\n  <h3 style=\"font-size: 24px;font-weight: 500;margin-bottom: 16px\">BLACKROLL &#8211; rolka Groove Pro<\/h3>\n  <ul style=\"padding-left: 20px;font-size: 16px;color: #333;line-height: 1.6;margin-bottom: 24px;list-style-type: disc\">\n    <li>Najwy\u017csza g\u0119sto\u015b\u0107 &#8211; do intensywnych \u0107wicze\u0144 masa\u017cu<\/li>\n    <li>Idealny do u\u017cytku na pod\u0142odze<\/li>\n    <li>Korzystny w zapobieganiu i leczeniu cellulitu<\/li>\n    <li>Rozmiar: 30 cm \u00d7 15 cm<\/li>\n    <li>Kolor: niebieski<\/li>\n  <\/ul>\n\n<\/div>\n\t\t\t\t\t\t\t\t<\/div>\n\t\t\t\t<\/div>\n\t\t\t\t<\/div>\n\t\t<div class=\"elementor-element elementor-element-732e553 e-con-full e-flex e-con e-child\" data-id=\"732e553\" data-element_type=\"container\" data-e-type=\"container\">\n\t\t\t\t<\/div>\n\t\t\t\t\t<\/div>\n\t\t\t\t<\/div>\n\t\t\t\t<\/div>\n\t\t","protected":false},"excerpt":{"rendered":"<div style=\"font-family: Arial, sans-serif;line-height: 1.6\">\n<p style=\"margin-bottom: 16px\"><strong>BLACKROLL\u00ae Groove Pro<\/strong> to wa\u0142ek do intensywnego masa\u017cu zaprojektowany w celu poprawy kr\u0105\u017cenia krwi, regeneracji mi\u0119\u015bni i elastyczno\u015bci. Wyt\u0142aczana powierzchnia i zwi\u0119kszona g\u0119sto\u015b\u0107 sprawiaj\u0105, \u017ce idealnie nadaje si\u0119 dla aktywnych sportowc\u00f3w i intensywnych masa\u017cy potreningowych. <\/p>\n<\/div>\n","protected":false},"featured_media":8822,"template":"","meta":{"_acf_changed":false,"inline_featured_image":false},"product_brand":[242],"product_cat":[244,237],"product_tag":[],"class_list":{"0":"post-8820","1":"product","2":"type-product","3":"status-publish","4":"has-post-thumbnail","6":"product_brand-blackroll-pl","7":"product_cat-trening-i-regeneracja","8":"product_cat-zdrowie-i-artykuly-sportowe","9":"product_shipping_class-wysylka-i-odbior","11":"first","12":"instock","13":"taxable","14":"shipping-taxable","15":"purchasable","16":"product-type-simple"},"acf":[],"_links":{"self":[{"href":"https:\/\/borealis.lt\/pl\/wp-json\/wp\/v2\/product\/8820","targetHints":{"allow":["GET"]}}],"collection":[{"href":"https:\/\/borealis.lt\/pl\/wp-json\/wp\/v2\/product"}],"about":[{"href":"https:\/\/borealis.lt\/pl\/wp-json\/wp\/v2\/types\/product"}],"version-history":[{"count":0,"href":"https:\/\/borealis.lt\/pl\/wp-json\/wp\/v2\/product\/8820\/revisions"}],"wp:featuredmedia":[{"embeddable":true,"href":"https:\/\/borealis.lt\/pl\/wp-json\/wp\/v2\/media\/8822"}],"wp:attachment":[{"href":"https:\/\/borealis.lt\/pl\/wp-json\/wp\/v2\/media?parent=8820"}],"wp:term":[{"taxonomy":"product_brand","embeddable":true,"href":"https:\/\/borealis.lt\/pl\/wp-json\/wp\/v2\/product_brand?post=8820"},{"taxonomy":"product_cat","embeddable":true,"href":"https:\/\/borealis.lt\/pl\/wp-json\/wp\/v2\/product_cat?post=8820"},{"taxonomy":"product_tag","embeddable":true,"href":"https:\/\/borealis.lt\/pl\/wp-json\/wp\/v2\/product_tag?post=8820"}],"curies":[{"name":"wp","href":"https:\/\/api.w.org\/{rel}","templated":true}]}}