{"id":8810,"date":"2025-02-06T00:00:00","date_gmt":"2025-02-05T22:00:00","guid":{"rendered":"https:\/\/borealis.lt\/produktas\/masaziniai-kamuoliukai-blackroll-8cm\/"},"modified":"2025-06-03T14:25:00","modified_gmt":"2025-06-03T11:25:00","slug":"masaziniai-kamuoliukai-blackroll-8cm","status":"publish","type":"product","link":"https:\/\/borealis.lt\/pl\/produktas\/masaziniai-kamuoliukai-blackroll-8cm\/","title":{"rendered":"Pi\u0142ki do masa\u017cu BLACKROLL"},"content":{"rendered":"<p><strong>BLACKROLL\u00ae DuoBall<\/strong> <strong>8 cm <\/strong>porusza si\u0119 tylko w prz\u00f3d i w ty\u0142, dzi\u0119ki czemu pozostaje w po\u017c\u0105danym miejscu i nie ucieka podczas masa\u017cu. Idealna do masa\u017cu plec\u00f3w, szyi, ramion i n\u00f3g. DuoBall mo\u017ce by\u0107 u\u017cywany na stole, na pod\u0142odze lub przy \u015bcianie. DuoBall 8 cm ma mniejsz\u0105 przestrze\u0144 mi\u0119dzy kulkami ni\u017c wersja 12 cm. Mniejsza DuoBall zapewnia bardziej intensywny masa\u017c i stymuluje mniejszy obszar. Idealna do masa\u017cu szyi i obr\u0119czy barkowej, \u0142ydek, st\u00f3p i d\u0142oni.     <u><\/u><u><\/u><\/p>\n<p>Zalecamy stosowanie DuoBall w celu z\u0142agodzenia napi\u0119cia mi\u0119\u015bni szyi. Istnieje wiele punkt\u00f3w w okolicy szyi, kt\u00f3rych napi\u0119cie mo\u017ce powodowa\u0107 b\u00f3le g\u0142owy, migreny, zawroty g\u0142owy, a nawet problemy ze wzrokiem. Dlatego wa\u017cne jest, aby zapobiega\u0107 napi\u0119ciom szyi i dba\u0107 o dobre samopoczucie tego obszaru.  <u><\/u><u><\/u><\/p>\n<p>&nbsp;<\/p>\n<p><u><\/u><u><\/u>Piankowe pi\u0142ki <strong>BLACKROLL DuoBall 12 cm<\/strong> s\u0105 przeznaczone przede wszystkim do masa\u017cu plec\u00f3w i karku.<u><\/u><u><\/u><\/p>\n<p>Pi\u0142ka BLACKROLL\u00ae DuoBall porusza si\u0119 tylko w prz\u00f3d i w ty\u0142, dzi\u0119ki czemu nie ucieka z miejsca, w kt\u00f3rym chcesz j\u0105 umie\u015bci\u0107. Doskonale nadaje si\u0119 do masa\u017cu plec\u00f3w, szyi, ramion i n\u00f3g. DuoBall mo\u017ce by\u0107 u\u017cywany na stole, na pod\u0142odze lub oparty o \u015bcian\u0119. Piankowe kulki o \u015brednicy 12 cm zapewniaj\u0105 przyjemniejszy masa\u017c i u\u0142atwiaj\u0105 masowanie. Du\u017ca DuoBall jest szczeg\u00f3lnie wygodna do masa\u017cu du\u017cych grup mi\u0119\u015bni cia\u0142a. Zalecamy u\u017cywanie DuoBall 12 cm w pozycji le\u017c\u0105cej, masuj\u0105c plecy, przesuwaj\u0105c pi\u0142k\u0119 w prz\u00f3d i w ty\u0142 wzd\u0142u\u017c kr\u0119gos\u0142upa.     <u><\/u><u><\/u><\/p>\n","protected":false},"excerpt":{"rendered":"<p>BLACKROLL Balls, piankowe pi\u0142ki BLACKROLL\u00ae DuoBall s\u0105 przeznaczone do masa\u017cu r\u0105k, n\u00f3g, szyi i ramion.<\/p>\n","protected":false},"featured_media":8811,"template":"","meta":{"_acf_changed":false,"inline_featured_image":false},"product_brand":[242],"product_cat":[237,244],"product_tag":[],"class_list":{"0":"post-8810","1":"product","2":"type-product","3":"status-publish","4":"has-post-thumbnail","6":"product_brand-blackroll-pl","7":"product_cat-zdrowie-i-artykuly-sportowe","8":"product_cat-trening-i-regeneracja","9":"product_shipping_class-wysylka-i-odbior","11":"first","12":"instock","13":"taxable","14":"shipping-taxable","15":"purchasable","16":"product-type-variable"},"acf":[],"_links":{"self":[{"href":"https:\/\/borealis.lt\/pl\/wp-json\/wp\/v2\/product\/8810","targetHints":{"allow":["GET"]}}],"collection":[{"href":"https:\/\/borealis.lt\/pl\/wp-json\/wp\/v2\/product"}],"about":[{"href":"https:\/\/borealis.lt\/pl\/wp-json\/wp\/v2\/types\/product"}],"version-history":[{"count":0,"href":"https:\/\/borealis.lt\/pl\/wp-json\/wp\/v2\/product\/8810\/revisions"}],"wp:featuredmedia":[{"embeddable":true,"href":"https:\/\/borealis.lt\/pl\/wp-json\/wp\/v2\/media\/8811"}],"wp:attachment":[{"href":"https:\/\/borealis.lt\/pl\/wp-json\/wp\/v2\/media?parent=8810"}],"wp:term":[{"taxonomy":"product_brand","embeddable":true,"href":"https:\/\/borealis.lt\/pl\/wp-json\/wp\/v2\/product_brand?post=8810"},{"taxonomy":"product_cat","embeddable":true,"href":"https:\/\/borealis.lt\/pl\/wp-json\/wp\/v2\/product_cat?post=8810"},{"taxonomy":"product_tag","embeddable":true,"href":"https:\/\/borealis.lt\/pl\/wp-json\/wp\/v2\/product_tag?post=8810"}],"curies":[{"name":"wp","href":"https:\/\/api.w.org\/{rel}","templated":true}]}}