{"id":8809,"date":"2025-02-06T00:00:00","date_gmt":"2025-02-05T22:00:00","guid":{"rendered":"https:\/\/borealis.lt\/produktas\/masazinis-volelis-blackroll-flow\/"},"modified":"2025-06-03T23:05:30","modified_gmt":"2025-06-03T20:05:30","slug":"masazinis-volelis-blackroll-flow","status":"publish","type":"product","link":"https:\/\/borealis.lt\/pl\/produktas\/masazinis-volelis-blackroll-flow\/","title":{"rendered":"Rolka do masa\u017cu BLACKROLL FLOW"},"content":{"rendered":"\t\t<div data-elementor-type=\"product-post\" data-elementor-id=\"8809\" class=\"elementor elementor-8809 elementor-2821\" data-elementor-post-type=\"product\">\n\t\t\t\t<div class=\"elementor-element elementor-element-4b14599 e-flex e-con-boxed e-con e-parent\" data-id=\"4b14599\" data-element_type=\"container\" data-e-type=\"container\">\n\t\t\t\t\t<div class=\"e-con-inner\">\n\t\t<div class=\"elementor-element elementor-element-eacff1b e-con-full e-flex e-con e-child\" data-id=\"eacff1b\" data-element_type=\"container\" data-e-type=\"container\">\n\t\t\t\t<div class=\"elementor-element elementor-element-8ef4212 elementor-widget elementor-widget-text-editor\" data-id=\"8ef4212\" data-element_type=\"widget\" data-e-type=\"widget\" data-widget_type=\"text-editor.default\">\n\t\t\t\t<div class=\"elementor-widget-container\">\n\t\t\t\t\t\t\t\t\t<div style=\"font-family: Arial, sans-serif;max-width: 600px;margin: 0 auto;text-align: left\">\n  <h2 style=\"font-size: 28px;font-weight: 500;margin-bottom: 16px\">Informacje o produkcie<\/h2>\n\n  <p style=\"font-size: 16px;color: #333;line-height: 1.6;margin-bottom: 16px\">\n  Wa\u0142ek do masa\u017cu stymuluje mi\u0119\u015bnie i tkanki \u0142\u0105czne, zapewniaj\u0105c elastyczno\u015b\u0107, mobilno\u015b\u0107 i rozlu\u017anienie mi\u0119\u015bni.\n  Regularne stosowanie \u0142agodzi napi\u0119cie, poprawia kr\u0105\u017cenie krwi i wspomaga cyrkulacj\u0119 natlenionej krwi w organizmie.\n  Regularne stosowanie pomaga zapobiega\u0107 i leczy\u0107 cellulit.\n  <\/p>\n\n  <p style=\"font-size: 16px;color: #333;line-height: 1.6;margin-bottom: 16px\">\n  Wa\u0142ek do masa\u017cu o wielokierunkowej strukturze jest idealnym pomocnikiem na pocz\u0105tku i na ko\u0144cu treningu.\n  Pomaga aktywowa\u0107 mi\u0119\u015bnie przed treningiem, a szybki ruch wa\u0142ka tworzy efekt wibracji, kt\u00f3ry poprawia kr\u0105\u017cenie krwi.\n  Po intensywnych \u0107wiczeniach wa\u0142ek pozwala skutecznie rozlu\u017ani\u0107 mi\u0119\u015bnie i zmniejsza napi\u0119cie.\n  <\/p>\n\n  <h3 style=\"font-size: 24px;font-weight: 500;margin-bottom: 16px\">BLACKROLL\u00ae FLOW<\/h3>\n\n  <p style=\"font-size: 16px;color: #333;line-height: 1.6;margin-bottom: 16px\">\n  Inspiracj\u0105 do \u0107wicze\u0144 jest bezp\u0142atna aplikacja BLACKROLL\u00ae, kt\u00f3ra oferuje ponad 500 \u0107wicze\u0144 dla ca\u0142ego cia\u0142a i poszczeg\u00f3lnych obszar\u00f3w cia\u0142a.\n  <\/p>\n\n  <ul style=\"padding-left: 20px;font-size: 16px;color: #333;line-height: 1.6\">\n    <li>Kolor: czarny<\/li>\n    <li>Produkt: bezwonny, wodoodporny<\/li>\n    <li>Waga: 180 g<\/li>\n    <li>Rozmiar: 30 cm \u00d7 15 cm<\/li>\n  <\/ul>\n<\/div>\n\t\t\t\t\t\t\t\t<\/div>\n\t\t\t\t<\/div>\n\t\t\t\t<\/div>\n\t\t<div class=\"elementor-element elementor-element-39dd7b3 e-con-full e-flex e-con e-child\" data-id=\"39dd7b3\" data-element_type=\"container\" data-e-type=\"container\">\n\t\t\t\t<\/div>\n\t\t\t\t\t<\/div>\n\t\t\t\t<\/div>\n\t\t\t\t<\/div>\n\t\t","protected":false},"excerpt":{"rendered":"<p><strong data-start=\"77\" data-end=\"111\">Wa\u0142ek do masa\u017cu BLACKROLL\u00ae FLOW<\/strong> to innowacyjne narz\u0119dzie do aktywacji mi\u0119\u015bni przed i po treningu. Struktura powierzchni wa\u0142ka wytwarza efekt wibracji, kt\u00f3ry stymuluje kr\u0105\u017cenie krwi i zmniejsza napi\u0119cie mi\u0119\u015bni. <\/p>\n","protected":false},"featured_media":8814,"template":"","meta":{"_acf_changed":false,"inline_featured_image":false},"product_brand":[242],"product_cat":[244,237],"product_tag":[],"class_list":{"0":"post-8809","1":"product","2":"type-product","3":"status-publish","4":"has-post-thumbnail","6":"product_brand-blackroll-pl","7":"product_cat-trening-i-regeneracja","8":"product_cat-zdrowie-i-artykuly-sportowe","9":"product_shipping_class-wysylka-i-odbior","11":"first","12":"instock","13":"taxable","14":"shipping-taxable","15":"purchasable","16":"product-type-simple"},"acf":[],"_links":{"self":[{"href":"https:\/\/borealis.lt\/pl\/wp-json\/wp\/v2\/product\/8809","targetHints":{"allow":["GET"]}}],"collection":[{"href":"https:\/\/borealis.lt\/pl\/wp-json\/wp\/v2\/product"}],"about":[{"href":"https:\/\/borealis.lt\/pl\/wp-json\/wp\/v2\/types\/product"}],"version-history":[{"count":0,"href":"https:\/\/borealis.lt\/pl\/wp-json\/wp\/v2\/product\/8809\/revisions"}],"wp:featuredmedia":[{"embeddable":true,"href":"https:\/\/borealis.lt\/pl\/wp-json\/wp\/v2\/media\/8814"}],"wp:attachment":[{"href":"https:\/\/borealis.lt\/pl\/wp-json\/wp\/v2\/media?parent=8809"}],"wp:term":[{"taxonomy":"product_brand","embeddable":true,"href":"https:\/\/borealis.lt\/pl\/wp-json\/wp\/v2\/product_brand?post=8809"},{"taxonomy":"product_cat","embeddable":true,"href":"https:\/\/borealis.lt\/pl\/wp-json\/wp\/v2\/product_cat?post=8809"},{"taxonomy":"product_tag","embeddable":true,"href":"https:\/\/borealis.lt\/pl\/wp-json\/wp\/v2\/product_tag?post=8809"}],"curies":[{"name":"wp","href":"https:\/\/api.w.org\/{rel}","templated":true}]}}