{"id":8791,"date":"2025-02-06T00:00:00","date_gmt":"2025-02-05T22:00:00","guid":{"rendered":"https:\/\/borealis.lt\/produktas\/sildomos-pirstines-grafen\/"},"modified":"2025-06-13T18:09:31","modified_gmt":"2025-06-13T15:09:31","slug":"sildomos-pirstines-grafen","status":"publish","type":"product","link":"https:\/\/borealis.lt\/pl\/produktas\/sildomos-pirstines-grafen\/","title":{"rendered":"Podgrzewane r\u0119kawice Grafen"},"content":{"rendered":"\t\t<div data-elementor-type=\"product-post\" data-elementor-id=\"8791\" class=\"elementor elementor-8791 elementor-2863\" data-elementor-post-type=\"product\">\n\t\t\t\t<div class=\"elementor-element elementor-element-199343c e-flex e-con-boxed e-con e-parent\" data-id=\"199343c\" data-element_type=\"container\" data-e-type=\"container\">\n\t\t\t\t\t<div class=\"e-con-inner\">\n\t\t<div class=\"elementor-element elementor-element-7120fae e-con-full e-flex e-con e-child\" data-id=\"7120fae\" data-element_type=\"container\" data-e-type=\"container\">\n\t\t\t\t<div class=\"elementor-element elementor-element-b938556 elementor-widget elementor-widget-text-editor\" data-id=\"b938556\" data-element_type=\"widget\" data-e-type=\"widget\" data-widget_type=\"text-editor.default\">\n\t\t\t\t<div class=\"elementor-widget-container\">\n\t\t\t\t\t\t\t\t\t<div class=\"product-description\">\n  <h2 style=\"font-size: 32px;font-weight: 800;text-align: center;color: #1a1a1a;margin-bottom: 24px\">\n  R\u0119kawice ogrzewane elektrycznie Grafen<\/strong> to idealne akcesorium zapewniaj\u0105ce ciep\u0142o o ka\u017cdej porze roku.\n  <\/h2>\n\n\n\n  <h3>Wykorzystanie<\/h3>\n  <ol>\n    <li>Pod\u0142\u0105cz kabel USB r\u0119kawic do power banku.<\/li>\n    <li>Przytrzymaj przycisk zasilania, a w\u0142\u0105czy si\u0119 wska\u017anik \u015bwietlny.<\/li>\n    <li>Naci\u015bnij kilkakrotnie przycisk , aby wybra\u0107 tryb ogrzewania:\n      <ul>\n        <li>\ud83d\udd34 <strong>Czerwone \u015bwiat\u0142o:<\/strong> wysoka temperatura (~60 \u00b0C), dzia\u0142a przez oko\u0142o 1-1,5 godziny na w pe\u0142ni na\u0142adowanym akumulatorze. <\/li>\n        <li>\ud83d\udfe0 <strong>Pomara\u0144czowe \u015bwiat\u0142o:<\/strong> \u015brednia temperatura (~52 \u00b0C), oko\u0142o 2-2,5 godziny.<\/li>\n        <li>\u26aa <strong>\u015awiat\u0142o bia\u0142e:<\/strong> niska temperatura (~42 \u00b0C), oko\u0142o 2,5-3 godzin.<\/li>\n      <\/ul>\n    <\/li>\n    <li>Aby wy\u0142\u0105czy\u0107 r\u0119kawice, nale\u017cy ponownie przytrzyma\u0107 przycisk zasilania.<\/li>\n  <\/ol>\n<\/div>\n\t\t\t\t\t\t\t\t<\/div>\n\t\t\t\t<\/div>\n\t\t\t\t<\/div>\n\t\t<div class=\"elementor-element elementor-element-d3a18d7 e-con-full e-flex e-con e-child\" data-id=\"d3a18d7\" data-element_type=\"container\" data-e-type=\"container\">\n\t\t\t\t<\/div>\n\t\t\t\t\t<\/div>\n\t\t\t\t<\/div>\n\t\t\t\t<\/div>\n\t\t","protected":false},"excerpt":{"rendered":"<p>Ogrzewane r\u0119kawice Grafen nadaj\u0105 si\u0119 do szerokiego zakresu aktywno\u015bci, w tym w\u0119dkarstwa, wspinaczki, jazdy na nartach i motocyklu. R\u0119kawice te oferuj\u0105 trzy r\u00f3\u017cne tryby ogrzewania i s\u0105 wykonane z wodoodpornego materia\u0142u. <\/p>\n","protected":false},"featured_media":8792,"template":"","meta":{"_acf_changed":false,"inline_featured_image":false},"product_brand":[],"product_cat":[249,237],"product_tag":[],"class_list":{"0":"post-8791","1":"product","2":"type-product","3":"status-publish","4":"has-post-thumbnail","6":"product_cat-obrobka-termiczna","7":"product_cat-zdrowie-i-artykuly-sportowe","8":"product_shipping_class-wysylka-i-odbior","10":"first","11":"instock","12":"taxable","13":"shipping-taxable","14":"purchasable","15":"product-type-simple"},"acf":[],"_links":{"self":[{"href":"https:\/\/borealis.lt\/pl\/wp-json\/wp\/v2\/product\/8791","targetHints":{"allow":["GET"]}}],"collection":[{"href":"https:\/\/borealis.lt\/pl\/wp-json\/wp\/v2\/product"}],"about":[{"href":"https:\/\/borealis.lt\/pl\/wp-json\/wp\/v2\/types\/product"}],"version-history":[{"count":0,"href":"https:\/\/borealis.lt\/pl\/wp-json\/wp\/v2\/product\/8791\/revisions"}],"wp:featuredmedia":[{"embeddable":true,"href":"https:\/\/borealis.lt\/pl\/wp-json\/wp\/v2\/media\/8792"}],"wp:attachment":[{"href":"https:\/\/borealis.lt\/pl\/wp-json\/wp\/v2\/media?parent=8791"}],"wp:term":[{"taxonomy":"product_brand","embeddable":true,"href":"https:\/\/borealis.lt\/pl\/wp-json\/wp\/v2\/product_brand?post=8791"},{"taxonomy":"product_cat","embeddable":true,"href":"https:\/\/borealis.lt\/pl\/wp-json\/wp\/v2\/product_cat?post=8791"},{"taxonomy":"product_tag","embeddable":true,"href":"https:\/\/borealis.lt\/pl\/wp-json\/wp\/v2\/product_tag?post=8791"}],"curies":[{"name":"wp","href":"https:\/\/api.w.org\/{rel}","templated":true}]}}