{"id":8790,"date":"2025-02-06T00:00:00","date_gmt":"2025-02-05T22:00:00","guid":{"rendered":"https:\/\/borealis.lt\/produktas\/rinkinys-blackroll-officebox\/"},"modified":"2025-06-05T00:15:05","modified_gmt":"2025-06-04T21:15:05","slug":"rinkinys-blackroll-officebox","status":"publish","type":"product","link":"https:\/\/borealis.lt\/pl\/produktas\/rinkinys-blackroll-officebox\/","title":{"rendered":"Zestaw BLACKROLL Officebox"},"content":{"rendered":"\t\t<div data-elementor-type=\"product-post\" data-elementor-id=\"8790\" class=\"elementor elementor-8790 elementor-2933\" data-elementor-post-type=\"product\">\n\t\t\t\t<div class=\"elementor-element elementor-element-00c1c91 e-flex e-con-boxed e-con e-parent\" data-id=\"00c1c91\" data-element_type=\"container\" data-e-type=\"container\">\n\t\t\t\t\t<div class=\"e-con-inner\">\n\t\t<div class=\"elementor-element elementor-element-5df3cc8 e-con-full e-flex e-con e-child\" data-id=\"5df3cc8\" data-element_type=\"container\" data-e-type=\"container\">\n\t\t\t\t<div class=\"elementor-element elementor-element-022969c elementor-widget elementor-widget-text-editor\" data-id=\"022969c\" data-element_type=\"widget\" data-e-type=\"widget\" data-widget_type=\"text-editor.default\">\n\t\t\t\t<div class=\"elementor-widget-container\">\n\t\t\t\t\t\t\t\t\t<div style=\"font-family: Arial, sans-serif;max-width: 600px;margin: 0 auto;text-align: left\">\n  <h2 style=\"font-size: 28px;font-weight: 500;margin-bottom: 16px\">Informacje o produkcie<\/h2>\n\n  <p style=\"font-size: 16px;color: #333;line-height: 1.6;margin-bottom: 24px\">\n    Zestaw <strong>BLACKROLL\u00ae OFFICEBOX<\/strong> zawiera wszystkie niezb\u0119dne narz\u0119dzia do skutecznego treningu mi\u0119\u015bniowo-powi\u0119ziowego ca\u0142ego cia\u0142a.\n Zestaw ten jest szczeg\u00f3lnie odpowiedni dla pracownik\u00f3w biurowych lub os\u00f3b, kt\u00f3re du\u017co siedz\u0105 &#8211; pomaga zmniejszy\u0107 napi\u0119cie mi\u0119\u015bni, poprawi\u0107 postaw\u0119 i samopoczucie.\n  <\/p>\n\n  <h3 style=\"font-size: 24px;font-weight: 500;margin-bottom: 16px\">Zestaw zawiera:<\/h3>\n  <ul style=\"padding-left: 20px;font-size: 16px;color: #333;line-height: 1.6;margin-bottom: 24px\">\n    <li style=\"margin-bottom: 8px\">1\u00d7 BLACKROLL\u00ae STANDARD (czarny)<\/li>\n    <li style=\"margin-bottom: 8px\">1\u00d7 TORBA GIMNASTYCZNA BLACKROLL<\/li>\n    <li style=\"margin-bottom: 8px\">1\u00d7 BLACKROLL\u00ae MINI (czarny)<\/li>\n    <li style=\"margin-bottom: 8px\">1\u00d7 BLACKROLL\u00ae DUOBALL 08 (czarny)<\/li>\n  <\/ul>\n\n  <p style=\"font-size: 16px;color: #333;line-height: 1.6\">\n    <strong>Wymiary:<\/strong> 31,2 \u00d7 25,4 \u00d7 15,4 cm<br> <strong>Kolor:<\/strong> czarny\n  <\/p>\n<\/div>\n\t\t\t\t\t\t\t\t<\/div>\n\t\t\t\t<\/div>\n\t\t\t\t<\/div>\n\t\t<div class=\"elementor-element elementor-element-16be189 e-con-full e-flex e-con e-child\" data-id=\"16be189\" data-element_type=\"container\" data-e-type=\"container\">\n\t\t\t\t<\/div>\n\t\t\t\t\t<\/div>\n\t\t\t\t<\/div>\n\t\t\t\t<\/div>\n\t\t","protected":false},"excerpt":{"rendered":"<p>BLACKROLL Officebox<\/p>\n<p>Ten wielofunkcyjny zestaw jest idealny do masa\u017cu okre\u015blonych obszar\u00f3w cia\u0142a.<\/p>\n","protected":false},"featured_media":8793,"template":"","meta":{"_acf_changed":false,"inline_featured_image":false},"product_brand":[242],"product_cat":[244,237],"product_tag":[],"class_list":{"0":"post-8790","1":"product","2":"type-product","3":"status-publish","4":"has-post-thumbnail","6":"product_brand-blackroll-pl","7":"product_cat-trening-i-regeneracja","8":"product_cat-zdrowie-i-artykuly-sportowe","9":"product_shipping_class-wysylka-i-odbior","11":"first","12":"instock","13":"taxable","14":"shipping-taxable","15":"purchasable","16":"product-type-simple"},"acf":[],"_links":{"self":[{"href":"https:\/\/borealis.lt\/pl\/wp-json\/wp\/v2\/product\/8790","targetHints":{"allow":["GET"]}}],"collection":[{"href":"https:\/\/borealis.lt\/pl\/wp-json\/wp\/v2\/product"}],"about":[{"href":"https:\/\/borealis.lt\/pl\/wp-json\/wp\/v2\/types\/product"}],"version-history":[{"count":0,"href":"https:\/\/borealis.lt\/pl\/wp-json\/wp\/v2\/product\/8790\/revisions"}],"wp:featuredmedia":[{"embeddable":true,"href":"https:\/\/borealis.lt\/pl\/wp-json\/wp\/v2\/media\/8793"}],"wp:attachment":[{"href":"https:\/\/borealis.lt\/pl\/wp-json\/wp\/v2\/media?parent=8790"}],"wp:term":[{"taxonomy":"product_brand","embeddable":true,"href":"https:\/\/borealis.lt\/pl\/wp-json\/wp\/v2\/product_brand?post=8790"},{"taxonomy":"product_cat","embeddable":true,"href":"https:\/\/borealis.lt\/pl\/wp-json\/wp\/v2\/product_cat?post=8790"},{"taxonomy":"product_tag","embeddable":true,"href":"https:\/\/borealis.lt\/pl\/wp-json\/wp\/v2\/product_tag?post=8790"}],"curies":[{"name":"wp","href":"https:\/\/api.w.org\/{rel}","templated":true}]}}