{"id":8783,"date":"2025-02-06T00:00:00","date_gmt":"2025-02-05T22:00:00","guid":{"rendered":"https:\/\/borealis.lt\/produktas\/masazo-rinkinys-blackroll-blackbox\/"},"modified":"2025-06-05T00:04:27","modified_gmt":"2025-06-04T21:04:27","slug":"masazo-rinkinys-blackroll-blackbox","status":"publish","type":"product","link":"https:\/\/borealis.lt\/pl\/produktas\/masazo-rinkinys-blackroll-blackbox\/","title":{"rendered":"Zestaw do masa\u017cu BLACKROLL BLACKBOX"},"content":{"rendered":"\t\t<div data-elementor-type=\"product-post\" data-elementor-id=\"8783\" class=\"elementor elementor-8783 elementor-2877\" data-elementor-post-type=\"product\">\n\t\t\t\t<div class=\"elementor-element elementor-element-09c52ae e-flex e-con-boxed e-con e-parent\" data-id=\"09c52ae\" data-element_type=\"container\" data-e-type=\"container\">\n\t\t\t\t\t<div class=\"e-con-inner\">\n\t\t<div class=\"elementor-element elementor-element-201bb9d e-con-full e-flex e-con e-child\" data-id=\"201bb9d\" data-element_type=\"container\" data-e-type=\"container\">\n\t\t\t\t<div class=\"elementor-element elementor-element-a2630b2 elementor-widget elementor-widget-text-editor\" data-id=\"a2630b2\" data-element_type=\"widget\" data-e-type=\"widget\" data-widget_type=\"text-editor.default\">\n\t\t\t\t<div class=\"elementor-widget-container\">\n\t\t\t\t\t\t\t\t\t<div style=\"font-family: Arial, sans-serif;max-width: 600px;margin: 0 auto;text-align: left\">\n  <h2 style=\"font-size: 28px;font-weight: 500;margin-bottom: 16px\">Informacje o produkcie<\/h2>\n\n  <p style=\"font-size: 16px;color: #333;line-height: 1.6;margin-bottom: 24px\">\n    Zestaw <strong>BLACKROLL\u00ae BLACKBOX<\/strong> to kompleksowe rozwi\u0105zanie do skutecznego treningu mi\u0119\u015bniowo-powi\u0119ziowego ca\u0142ego cia\u0142a i regeneracji.\n Jest odpowiedni dla sportowc\u00f3w i ka\u017cdego, kto chce poprawi\u0107 swoj\u0105 kondycj\u0119 fizyczn\u0105, zmniejszy\u0107 napi\u0119cie i promowa\u0107 rozlu\u017anienie mi\u0119\u015bni.\n  <\/p>\n\n  <h3 style=\"font-size: 24px;font-weight: 500;margin-bottom: 16px\">Zestaw zawiera:<\/h3>\n  <ul style=\"padding-left: 20px;font-size: 16px;color: #333;line-height: 1.6;margin-bottom: 24px\">\n    <li style=\"margin-bottom: 8px\">1\u00d7 BLACKROLL\u00ae STANDARD (czarny)<\/li>\n    <li style=\"margin-bottom: 8px\">1\u00d7 BLACKROLL\u00ae MINI (czarny)<\/li>\n    <li style=\"margin-bottom: 8px\">1\u00d7 BLACKROLL\u00ae BALL 08 (czarny)<\/li>\n    <li style=\"margin-bottom: 8px\">1\u00d7 BLACKROLL\u00ae DUOBALL 08 (czarny)<\/li>\n    <li style=\"margin-bottom: 8px\">1 \u00d7 karta \u0107wicze\u0144 BLACKROLL<\/li>\n  <\/ul>\n\n  <h3 style=\"font-size: 24px;font-weight: 500;margin-bottom: 16px\">BLACKROLL &#8211; BLACKBOX<\/h3>\n  <ul style=\"padding-left: 20px;font-size: 16px;color: #333;line-height: 1.6\">\n    <li style=\"margin-bottom: 8px\">Rozmiar: 31,2 \u00d7 25,4 \u00d7 15,4 cm<\/li>\n    <li style=\"margin-bottom: 8px\">Kolor: czarny<\/li>\n  <\/ul>\n<\/div>\n\t\t\t\t\t\t\t\t<\/div>\n\t\t\t\t<\/div>\n\t\t\t\t<\/div>\n\t\t<div class=\"elementor-element elementor-element-8f04134 e-con-full e-flex e-con e-child\" data-id=\"8f04134\" data-element_type=\"container\" data-e-type=\"container\">\n\t\t\t\t<\/div>\n\t\t\t\t\t<\/div>\n\t\t\t\t<\/div>\n\t\t\t\t<\/div>\n\t\t","protected":false},"excerpt":{"rendered":"<div style=\"font-family: Arial, sans-serif;line-height: 1.6\">\n<p style=\"margin-bottom: 16px\">Zestaw BLACKROLL\u00ae BLACKBOX All-in-One to idealny wyb\u00f3r dla os\u00f3b aktywnych, kt\u00f3re chc\u0105 trenowa\u0107 i rozlu\u017ania\u0107 wszystkie mi\u0119\u015bnie cia\u0142a za pomoc\u0105 jednego zestawu.<\/p>\n<\/div>\n","protected":false},"featured_media":8786,"template":"","meta":{"_acf_changed":false,"inline_featured_image":false},"product_brand":[242],"product_cat":[244,237],"product_tag":[],"class_list":{"0":"post-8783","1":"product","2":"type-product","3":"status-publish","4":"has-post-thumbnail","6":"product_brand-blackroll-pl","7":"product_cat-trening-i-regeneracja","8":"product_cat-zdrowie-i-artykuly-sportowe","9":"product_shipping_class-wysylka-i-odbior","11":"first","12":"instock","13":"taxable","14":"shipping-taxable","15":"purchasable","16":"product-type-simple"},"acf":[],"_links":{"self":[{"href":"https:\/\/borealis.lt\/pl\/wp-json\/wp\/v2\/product\/8783","targetHints":{"allow":["GET"]}}],"collection":[{"href":"https:\/\/borealis.lt\/pl\/wp-json\/wp\/v2\/product"}],"about":[{"href":"https:\/\/borealis.lt\/pl\/wp-json\/wp\/v2\/types\/product"}],"version-history":[{"count":0,"href":"https:\/\/borealis.lt\/pl\/wp-json\/wp\/v2\/product\/8783\/revisions"}],"wp:featuredmedia":[{"embeddable":true,"href":"https:\/\/borealis.lt\/pl\/wp-json\/wp\/v2\/media\/8786"}],"wp:attachment":[{"href":"https:\/\/borealis.lt\/pl\/wp-json\/wp\/v2\/media?parent=8783"}],"wp:term":[{"taxonomy":"product_brand","embeddable":true,"href":"https:\/\/borealis.lt\/pl\/wp-json\/wp\/v2\/product_brand?post=8783"},{"taxonomy":"product_cat","embeddable":true,"href":"https:\/\/borealis.lt\/pl\/wp-json\/wp\/v2\/product_cat?post=8783"},{"taxonomy":"product_tag","embeddable":true,"href":"https:\/\/borealis.lt\/pl\/wp-json\/wp\/v2\/product_tag?post=8783"}],"curies":[{"name":"wp","href":"https:\/\/api.w.org\/{rel}","templated":true}]}}