{"id":8750,"date":"2025-02-06T00:00:00","date_gmt":"2025-02-05T22:00:00","guid":{"rendered":"https:\/\/borealis.lt\/produktas\/masazo-pistoletas-proff\/"},"modified":"2025-05-14T14:42:32","modified_gmt":"2025-05-14T11:42:32","slug":"masazo-pistoletas-proff","status":"publish","type":"product","link":"https:\/\/borealis.lt\/pl\/produktas\/masazo-pistoletas-proff\/","title":{"rendered":"Pistolet do masa\u017cu Proff"},"content":{"rendered":"<p><strong>PROFF Fascial Gun<\/strong> to ultra mocny, ale cichy bezprzewodowy masa\u017cer, kt\u00f3ry zapewnia wyj\u0105tkowo g\u0142\u0119boki masa\u017c bolesnych punkt\u00f3w. Masa\u017cer pomaga z\u0142agodzi\u0107 b\u00f3l mi\u0119\u015bni i zmniejszy\u0107 gromadzenie si\u0119 kwasu mlekowego w mi\u0119\u015bniach, zwi\u0119kszaj\u0105c ruchomo\u015b\u0107 staw\u00f3w i mi\u0119\u015bni oraz stymuluj\u0105c kr\u0105\u017cenie krwi. 4 wymienne ko\u0144c\u00f3wki pozwalaj\u0105 dostosowa\u0107 pistolet do indywidualnych potrzeb. R\u00f3\u017cne poziomy intensywno\u015bci masa\u017cu pozwalaj\u0105 masowa\u0107 nawet najbardziej napi\u0119te mi\u0119\u015bnie. Zintegrowana funkcja podgrzewania pomaga rozlu\u017ani\u0107 mi\u0119\u015bnie i przygotowa\u0107 je do masa\u017cu.    <\/p>\n<p>Wbudowany akumulator o du\u017cej pojemno\u015bci wystarcza na 14 dni pracy na jednym \u0142adowaniu. Urz\u0105dzenie mo\u017ce by\u0107 u\u017cywane codziennie, z zalecanym czasem trwania oko\u0142o 15-20 minut na masa\u017c.<\/p>\n<p>&nbsp;<\/p>\n<p><strong>Wskaz\u00f3wki dotycz\u0105ce masa\u017cu:  <\/strong><\/p>\n<p>Tr\u00f3jk\u0105t: do masa\u017cu ud, ramion i bark\u00f3w<\/p>\n<p>Sto\u017ckowy: skutecznie masuje bolesne miejsca<\/p>\n<p>W kszta\u0142cie litery U: skutecznie masuje mi\u0119\u015bnie czworoboczne, \u0142ydki itp.<\/p>\n<p>Okr\u0105g\u0142y: do delikatnego masa\u017cu wszystkich mi\u0119\u015bni cia\u0142a<\/p>\n<p>&nbsp;<\/p>\n<p>Pistolet do masa\u017cu \u0142agodzi napi\u0119cie mi\u0119\u015bni i staw\u00f3w oraz koncentruje si\u0119 na bolesnych punktach g\u0142\u0119boko w tkance \u0142\u0105cznej. Opr\u00f3cz leczenia bolesnych punkt\u00f3w, pistolet do masa\u017cu wspomaga regeneracj\u0119, poprawia ruchomo\u015b\u0107 mi\u0119\u015bni i staw\u00f3w, zmniejsza gromadzenie si\u0119 kwasu mlekowego w mi\u0119\u015bniach i stymuluje kr\u0105\u017cenie krwi. <\/p>\n","protected":false},"excerpt":{"rendered":"<p>Bezprzewodowy pistolet do masa\u017cu SKG PROFF to pot\u0119\u017cny masa\u017cer powi\u0119ziowy, kt\u00f3ry zapewnia bardzo g\u0142\u0119boki masa\u017c. Pi\u0119\u0107 r\u00f3\u017cnych poziom\u00f3w intensywno\u015bci masa\u017cu, wymienne ko\u0144c\u00f3wki i funkcja podgrzewania pozwalaj\u0105 bardzo skutecznie masowa\u0107 napi\u0119te mi\u0119\u015bnie. <\/p>\n","protected":false},"featured_media":8751,"template":"","meta":{"_acf_changed":false,"inline_featured_image":false},"product_brand":[245],"product_cat":[246,248],"product_tag":[],"class_list":{"0":"post-8750","1":"product","2":"type-product","3":"status-publish","4":"has-post-thumbnail","6":"product_brand-skg-pl","7":"product_cat-sprzet-do-masazu","8":"product_cat-pistolety-do-masazu","9":"product_shipping_class-wysylka-i-odbior","11":"first","12":"instock","13":"sale","14":"taxable","15":"shipping-taxable","16":"purchasable","17":"product-type-simple"},"acf":[],"_links":{"self":[{"href":"https:\/\/borealis.lt\/pl\/wp-json\/wp\/v2\/product\/8750","targetHints":{"allow":["GET"]}}],"collection":[{"href":"https:\/\/borealis.lt\/pl\/wp-json\/wp\/v2\/product"}],"about":[{"href":"https:\/\/borealis.lt\/pl\/wp-json\/wp\/v2\/types\/product"}],"version-history":[{"count":0,"href":"https:\/\/borealis.lt\/pl\/wp-json\/wp\/v2\/product\/8750\/revisions"}],"wp:featuredmedia":[{"embeddable":true,"href":"https:\/\/borealis.lt\/pl\/wp-json\/wp\/v2\/media\/8751"}],"wp:attachment":[{"href":"https:\/\/borealis.lt\/pl\/wp-json\/wp\/v2\/media?parent=8750"}],"wp:term":[{"taxonomy":"product_brand","embeddable":true,"href":"https:\/\/borealis.lt\/pl\/wp-json\/wp\/v2\/product_brand?post=8750"},{"taxonomy":"product_cat","embeddable":true,"href":"https:\/\/borealis.lt\/pl\/wp-json\/wp\/v2\/product_cat?post=8750"},{"taxonomy":"product_tag","embeddable":true,"href":"https:\/\/borealis.lt\/pl\/wp-json\/wp\/v2\/product_tag?post=8750"}],"curies":[{"name":"wp","href":"https:\/\/api.w.org\/{rel}","templated":true}]}}