{"id":8727,"date":"2025-02-06T00:00:00","date_gmt":"2025-02-05T22:00:00","guid":{"rendered":"https:\/\/borealis.lt\/produktas\/akiu-masazuoklis-futu\/"},"modified":"2025-04-24T17:22:16","modified_gmt":"2025-04-24T14:22:16","slug":"akiu-masazuoklis-futu","status":"publish","type":"product","link":"https:\/\/borealis.lt\/pl\/produktas\/akiu-masazuoklis-futu\/","title":{"rendered":"Masa\u017cer do oczu FUTU"},"content":{"rendered":"<p class=\"m_-4898998617067411409m3624095620286299517msolistparagraph\"><b>Bezprzewodowy masa\u017cer do oczu FUTU<\/b> jest ultrakompaktowy, bezprzewodowy i \u0142atwy w u\u017cyciu. Zintegrowana funkcja ogrzewania i 4 r\u00f3\u017cne programy masa\u017cu s\u0105 bardzo skuteczne w relaksowaniu oczu. <u><\/u><u><\/u><\/p>\n<p class=\"m_-4898998617067411409MsoListParagraph\">Stylowo zaprojektowany masa\u017cer pod oczy FUTU ze zintegrowanymi poduszkami powietrznymi stymuluje kr\u0105\u017cenie krwi w okolicy pod oczami, uj\u0119drniaj\u0105c sk\u00f3r\u0119 wok\u00f3\u0142 oczu i zmniejszaj\u0105c opuchlizn\u0119, stymuluj\u0105c tkanki podsk\u00f3rne i rozlu\u017aniaj\u0105c mi\u0119\u015bnie wok\u00f3\u0142 oczu. Regularne stosowanie masa\u017cera mo\u017ce poprawi\u0107 jako\u015b\u0107 snu. Zintegrowana funkcja podgrzewania zapewnia skuteczne rozlu\u017anienie mi\u0119\u015bni. Mo\u017cliwo\u015b\u0107 s\u0142uchania koj\u0105cych d\u017awi\u0119k\u00f3w zapewnia wysoce efektywny odpoczynek.<span lang=\"LT\">Masa\u017cer<\/span> mo\u017cna po\u0142\u0105czy\u0107 z urz\u0105dzeniem inteligentnym przez Bluetooth. Ten masa\u017cer jest niezwykle kompaktowy, dzi\u0119ki czemu idealnie nadaje si\u0119 do domu, podr\u00f3\u017cy lub miejsca pracy. Dzi\u0119ki nowoczesnemu designowi urz\u0105dzenie nie uciska powiek, dzi\u0119ki czemu mo\u017ce by\u0107 stosowane r\u00f3wnie\u017c przy przed\u0142u\u017caniu rz\u0119s.        <u><\/u><u><\/u><\/p>\n<p class=\"m_-4898998617067411409MsoListParagraph\"><strong>Programy:<\/strong><u><\/u><u><\/u><\/p>\n<p class=\"m_-4898998617067411409MsoListParagraph\"><em>Tryb u\u015bpienia<\/em>: lekki koj\u0105cy masa\u017c relaksuj\u0105cy oczy.<u><\/u><u><\/u><\/p>\n<p class=\"m_-4898998617067411409MsoListParagraph\"><em>Tryb \u0107wiczenia oczu<\/em>: umiarkowany masa\u017c aktywuj\u0105cy mi\u0119\u015bnie twarzy.<u><\/u><u><\/u><\/p>\n<p class=\"m_-4898998617067411409MsoListParagraph\"><em>Tryb Vibrant<\/em>: silny masa\u017c wykorzystuj\u0105cy wibracje do aktywacji mi\u0119\u015bni twarzy.<u><\/u><u><\/u><\/p>\n<p class=\"m_-4898998617067411409MsoListParagraph\"><em>Tryb \u0142agodny<\/em>: delikatny masa\u017c wykorzystuj\u0105cy wibracje do aktywacji mi\u0119\u015bni twarzy.<u><\/u><u><\/u><\/p>\n<p class=\"m_-4898998617067411409MsoListParagraph\"><i><strong>Zastosowanie:<\/strong><u><\/u><u><\/u><\/i><\/p>\n<p class=\"m_-4898998617067411409MsoListParagraph\">Zetrzyj makija\u017c oczu lub umie\u015b\u0107 mi\u0119kk\u0105 chusteczk\u0119 kosmetyczn\u0105 na masa\u017cerze. Usi\u0105d\u017a lub po\u0142\u00f3\u017c si\u0119 wygodnie. U\u017cyj przycisku zasilania, aby w\u0142\u0105czy\u0107 masa\u017cer. Wybierz \u017c\u0105dan\u0105 si\u0142\u0119 masa\u017cu za pomoc\u0105 kr\u00f3tkiego naci\u015bni\u0119cia przycisku zasilania i ciesz si\u0119 masa\u017cem. Czas trwania masa\u017cu &#8211; 15 minut.    <\/p>\n","protected":false},"excerpt":{"rendered":"<p>Bezprzewodowy masa\u017cer do oczu FUTU jest niezwykle kompaktowy i \u0142atwy w u\u017cyciu. Zintegrowana funkcja ogrzewania i 4 r\u00f3\u017cne programy masa\u017cu s\u0105 bardzo skuteczne w relaksowaniu oczu. <\/p>\n","protected":false},"featured_media":8729,"template":"","meta":{"_acf_changed":false,"inline_featured_image":false},"product_brand":[245],"product_cat":[247,246],"product_tag":[],"class_list":{"0":"post-8727","1":"product","2":"type-product","3":"status-publish","4":"has-post-thumbnail","6":"product_brand-skg-pl","7":"product_cat-masazery-do-oczu","8":"product_cat-sprzet-do-masazu","9":"product_shipping_class-wysylka-i-odbior","11":"first","12":"instock","13":"sale","14":"taxable","15":"shipping-taxable","16":"purchasable","17":"product-type-simple"},"acf":[],"_links":{"self":[{"href":"https:\/\/borealis.lt\/pl\/wp-json\/wp\/v2\/product\/8727","targetHints":{"allow":["GET"]}}],"collection":[{"href":"https:\/\/borealis.lt\/pl\/wp-json\/wp\/v2\/product"}],"about":[{"href":"https:\/\/borealis.lt\/pl\/wp-json\/wp\/v2\/types\/product"}],"version-history":[{"count":0,"href":"https:\/\/borealis.lt\/pl\/wp-json\/wp\/v2\/product\/8727\/revisions"}],"wp:featuredmedia":[{"embeddable":true,"href":"https:\/\/borealis.lt\/pl\/wp-json\/wp\/v2\/media\/8729"}],"wp:attachment":[{"href":"https:\/\/borealis.lt\/pl\/wp-json\/wp\/v2\/media?parent=8727"}],"wp:term":[{"taxonomy":"product_brand","embeddable":true,"href":"https:\/\/borealis.lt\/pl\/wp-json\/wp\/v2\/product_brand?post=8727"},{"taxonomy":"product_cat","embeddable":true,"href":"https:\/\/borealis.lt\/pl\/wp-json\/wp\/v2\/product_cat?post=8727"},{"taxonomy":"product_tag","embeddable":true,"href":"https:\/\/borealis.lt\/pl\/wp-json\/wp\/v2\/product_tag?post=8727"}],"curies":[{"name":"wp","href":"https:\/\/api.w.org\/{rel}","templated":true}]}}