{"id":8719,"date":"2025-02-06T00:00:00","date_gmt":"2025-02-05T22:00:00","guid":{"rendered":"https:\/\/borealis.lt\/produktas\/kineziologine-juosta-5m-x-5cm-ares\/"},"modified":"2025-06-11T12:51:41","modified_gmt":"2025-06-11T09:51:41","slug":"kineziologine-juosta-5m-x-5cm-ares","status":"publish","type":"product","link":"https:\/\/borealis.lt\/pl\/produktas\/kineziologine-juosta-5m-x-5cm-ares\/","title":{"rendered":"Ta\u015bma kinezjologiczna 5M x 5CM Ares"},"content":{"rendered":"\t\t<div data-elementor-type=\"product-post\" data-elementor-id=\"8719\" class=\"elementor elementor-8719 elementor-3067\" data-elementor-post-type=\"product\">\n\t\t\t\t<div class=\"elementor-element elementor-element-90f5b72 e-flex e-con-boxed e-con e-parent\" data-id=\"90f5b72\" data-element_type=\"container\" data-e-type=\"container\">\n\t\t\t\t\t<div class=\"e-con-inner\">\n\t\t<div class=\"elementor-element elementor-element-2273a80 e-con-full e-flex e-con e-child\" data-id=\"2273a80\" data-element_type=\"container\" data-e-type=\"container\">\n\t\t\t\t<div class=\"elementor-element elementor-element-14c4830 elementor-widget elementor-widget-text-editor\" data-id=\"14c4830\" data-element_type=\"widget\" data-e-type=\"widget\" data-widget_type=\"text-editor.default\">\n\t\t\t\t<div class=\"elementor-widget-container\">\n\t\t\t\t\t\t\t\t\t<h2>Informacje o produkcie<\/h2>\n\n<p>\nTa\u015bma kinesio firmy Ares to niezawieraj\u0105ca lateksu, hipoalergiczna ta\u015bma z w\u0142\u00f3kien bawe\u0142nianych. Ta\u015bma kinesio ma mniej wi\u0119cej tak\u0105 sam\u0105 grubo\u015b\u0107 i wag\u0119 jak sk\u00f3ra. Jest wygodna w noszeniu, a jej wodoodporne w\u0142a\u015bciwo\u015bci sprawiaj\u0105, \u017ce mo\u017cna jej u\u017cywa\u0107 pod prysznicem lub podczas p\u0142ywania. Ta\u015bm\u0119 kinesio najlepiej nak\u0142ada\u0107 przez profesjonalist\u0119, takiego jak fizjoterapeuta lub masa\u017cysta. Je\u015bli jednak znasz zasady tapingu, mo\u017cesz z powodzeniem wykona\u0107 go samodzielnie.    \n<\/p>\n\n<p>\nPrzed \u0107wiczeniami ta\u015bm\u0119 nale\u017cy na\u0142o\u017cy\u0107 na cia\u0142o co najmniej 20-30 minut przed rozpocz\u0119ciem treningu. Ta\u015bma utrzymuje si\u0119 na sk\u00f3rze przez 3-5 dni, a jedna 5-metrowa rolka mo\u017ce by\u0107 u\u017cyta 5-10 razy. Kolor ta\u015bmy nie wp\u0142ywa na jej w\u0142a\u015bciwo\u015bci terapeutyczne.  \n<\/p>\n\n<h2 style=\"margin-top: 50px\">Kinesioteip &#8211; korzy\u015bci:<\/h2>\n\n<ul>\n  <li>Poprawia funkcjonowanie mi\u0119\u015bni poprzez zmniejszenie napi\u0119cia i wzmocnienie os\u0142abionych grup mi\u0119\u015bniowych.<\/li>\n  <li>Zmniejsza stan zapalny i nacisk na receptory mechaniczne<\/li>\n  <li>Stymuluje kr\u0105\u017cenie i przep\u0142yw limfy<\/li>\n  <li>Wspomaga i przyspiesza regeneracj\u0119 tkanek<\/li>\n  <li>\u0141agodzi b\u00f3l i zm\u0119czenie mi\u0119\u015bni<\/li>\n  <li>Koryguje pozycj\u0119 stawu<\/li>\n  <li>Odpowiedni dla wszystkich u\u017cytkownik\u00f3w<\/li>\n<\/ul>\n\t\t\t\t\t\t\t\t<\/div>\n\t\t\t\t<\/div>\n\t\t\t\t<\/div>\n\t\t<div class=\"elementor-element elementor-element-98703c5 e-con-full e-flex e-con e-child\" data-id=\"98703c5\" data-element_type=\"container\" data-e-type=\"container\">\n\t\t\t\t<\/div>\n\t\t\t\t\t<\/div>\n\t\t\t\t<\/div>\n\t\t\t\t<\/div>\n\t\t","protected":false},"excerpt":{"rendered":"<p>Ta\u015bma kinezjologiczna zosta\u0142a zaprojektowana w celu zapewnienia wsparcia dla staw\u00f3w i wi\u0119zade\u0142 podczas aktywno\u015bci fizycznej oraz zapobiegania r\u00f3\u017cnym urazom. Ares Neon Equine pomo\u017ce z\u0142agodzi\u0107 napi\u0119cie mi\u0119\u015bni i dostosowa\u0107 pozycj\u0119 staw\u00f3w. Ta wysokiej jako\u015bci ta\u015bma jest ulubie\u0144cem entuzjast\u00f3w sportu w szerokim zakresie dyscyplin. Ta\u015bma jest wodoodporna, wi\u0119c mo\u017cna jej u\u017cywa\u0107 r\u00f3wnie\u017c pod prysznicem i na basenie. Nie zawiera lateksu.    <\/p>\n","protected":false},"featured_media":8721,"template":"","meta":{"_acf_changed":false,"inline_featured_image":false},"product_brand":[226],"product_cat":[228,227],"product_tag":[],"class_list":{"0":"post-8719","1":"product","2":"type-product","3":"status-publish","4":"has-post-thumbnail","6":"product_brand-ares-pl","7":"product_cat-paski-ares","8":"product_cat-tasmy-kinezjologiczne","9":"product_shipping_class-wysylka-i-odbior","11":"first","12":"instock","13":"taxable","14":"shipping-taxable","15":"purchasable","16":"product-type-simple"},"acf":[],"_links":{"self":[{"href":"https:\/\/borealis.lt\/pl\/wp-json\/wp\/v2\/product\/8719","targetHints":{"allow":["GET"]}}],"collection":[{"href":"https:\/\/borealis.lt\/pl\/wp-json\/wp\/v2\/product"}],"about":[{"href":"https:\/\/borealis.lt\/pl\/wp-json\/wp\/v2\/types\/product"}],"version-history":[{"count":0,"href":"https:\/\/borealis.lt\/pl\/wp-json\/wp\/v2\/product\/8719\/revisions"}],"wp:featuredmedia":[{"embeddable":true,"href":"https:\/\/borealis.lt\/pl\/wp-json\/wp\/v2\/media\/8721"}],"wp:attachment":[{"href":"https:\/\/borealis.lt\/pl\/wp-json\/wp\/v2\/media?parent=8719"}],"wp:term":[{"taxonomy":"product_brand","embeddable":true,"href":"https:\/\/borealis.lt\/pl\/wp-json\/wp\/v2\/product_brand?post=8719"},{"taxonomy":"product_cat","embeddable":true,"href":"https:\/\/borealis.lt\/pl\/wp-json\/wp\/v2\/product_cat?post=8719"},{"taxonomy":"product_tag","embeddable":true,"href":"https:\/\/borealis.lt\/pl\/wp-json\/wp\/v2\/product_tag?post=8719"}],"curies":[{"name":"wp","href":"https:\/\/api.w.org\/{rel}","templated":true}]}}