{"id":8675,"date":"2025-02-06T00:00:00","date_gmt":"2025-02-05T22:00:00","guid":{"rendered":"https:\/\/borealis.lt\/produktas\/infraraudonuju-spinduliu-kilimelis-s-m-rozinis\/"},"modified":"2025-05-08T16:15:04","modified_gmt":"2025-05-08T13:15:04","slug":"infraraudonuju-spinduliu-kilimelis-s-m-rozinis","status":"publish","type":"product","link":"https:\/\/borealis.lt\/pl\/produktas\/infraraudonuju-spinduliu-kilimelis-s-m-rozinis\/","title":{"rendered":"Mata na podczerwie\u0144 S\/M, r\u00f3\u017cowa"},"content":{"rendered":"<p>Zupe\u0142nie nowa mata na podczerwie\u0144 Borealis, wyko\u0144czona w eleganckim r\u00f3\u017cowym odcieniu i z wygodnymi otworami na d\u0142onie, jest starannie zapakowana dla Twojej wygody. \u0141atwa do schowania w szafie, \u0142atwa do przenoszenia w podr\u00f3\u017cy i idealny towarzysz podr\u00f3\u017cy, poniewa\u017c idealnie pasuje do samochodu. Zaprojektowana w rozmiarze S\/M, ta mata jest odpowiednia dla os\u00f3b o wzro\u015bcie do 180 cm i wadze do 110 kg, dzi\u0119ki czemu mo\u017ce by\u0107 u\u017cywana zar\u00f3wno przez m\u0119\u017cczyzn, jak i kobiety.  <\/p>\n<p>Ta przeno\u015bna mata na podczerwie\u0144 dzia\u0142a jak <strong>osobista sauna<\/strong>, otaczaj\u0105c cia\u0142o promieniami podczerwonymi, kt\u00f3re ogrzewaj\u0105 kom\u00f3rki. Promienie podczerwone pomagaj\u0105 niszczy\u0107 podsk\u00f3rne warstwy t\u0142uszczu, stymuluj\u0105 produkcj\u0119 kolagenu i u\u0142atwiaj\u0105 usuwanie toksyn poprzez pocenie si\u0119. U\u017cytkownicy zg\u0142aszali zmniejszenie napi\u0119cia mi\u0119\u015bni, zmniejszenie b\u00f3l\u00f3w g\u0142owy i przyspieszenie metabolizmu.  <\/p>\n<p>Opinie naszych klient\u00f3w s\u0105 niezmiennie pozytywne i znajduj\u0105 r\u00f3wnie\u017c odzwierciedlenie w opiniach naszych pracownik\u00f3w i przyjaci\u00f3\u0142. Utrzymujemy bliskie kontakty z producentem, kt\u00f3ry mo\u017ce obs\u0142u\u017cy\u0107 bardziej z\u0142o\u017cone zapytania. Warto zauwa\u017cy\u0107, \u017ce nasze produkty zyska\u0142y poparcie Donato, znanej postaci w \u015bwiecie sportu.  <\/p>\n<p>Mata na podczerwie\u0144 Borealis wyr\u00f3\u017cnia si\u0119 jako <strong>wszechstronna i skuteczna inwestycja<\/strong> <strong>w zdrowie<\/strong>, przynosz\u0105c koj\u0105ce do\u015bwiadczenie sauny na podczerwie\u0144 bezpo\u015brednio do domu.<\/p>\n","protected":false},"excerpt":{"rendered":"<p><span style=\"font-weight: 400\">Atrakcyjnie wygl\u0105daj\u0105ca mata na podczerwie\u0144 dzia\u0142a jak osobista sauna, otaczaj\u0105c kom\u00f3rki cia\u0142a promieniami podczerwonymi, kt\u00f3re je ogrzewaj\u0105. Korzystanie z tej maty \u0142agodzi napi\u0119cie mi\u0119\u015bni, b\u00f3le g\u0142owy i przyspiesza metabolizm. <\/span><\/p>\n","protected":false},"featured_media":8676,"template":"","meta":{"_acf_changed":false,"inline_featured_image":false},"product_brand":[232],"product_cat":[238,237],"product_tag":[],"class_list":{"0":"post-8675","1":"product","2":"type-product","3":"status-publish","4":"has-post-thumbnail","6":"product_brand-borealis-pl","7":"product_cat-maty-na-podczerwien","8":"product_cat-zdrowie-i-artykuly-sportowe","9":"product_shipping_class-wysylka-i-odbior","11":"first","12":"instock","13":"taxable","14":"shipping-taxable","15":"purchasable","16":"product-type-simple"},"acf":[],"_links":{"self":[{"href":"https:\/\/borealis.lt\/pl\/wp-json\/wp\/v2\/product\/8675","targetHints":{"allow":["GET"]}}],"collection":[{"href":"https:\/\/borealis.lt\/pl\/wp-json\/wp\/v2\/product"}],"about":[{"href":"https:\/\/borealis.lt\/pl\/wp-json\/wp\/v2\/types\/product"}],"version-history":[{"count":0,"href":"https:\/\/borealis.lt\/pl\/wp-json\/wp\/v2\/product\/8675\/revisions"}],"wp:featuredmedia":[{"embeddable":true,"href":"https:\/\/borealis.lt\/pl\/wp-json\/wp\/v2\/media\/8676"}],"wp:attachment":[{"href":"https:\/\/borealis.lt\/pl\/wp-json\/wp\/v2\/media?parent=8675"}],"wp:term":[{"taxonomy":"product_brand","embeddable":true,"href":"https:\/\/borealis.lt\/pl\/wp-json\/wp\/v2\/product_brand?post=8675"},{"taxonomy":"product_cat","embeddable":true,"href":"https:\/\/borealis.lt\/pl\/wp-json\/wp\/v2\/product_cat?post=8675"},{"taxonomy":"product_tag","embeddable":true,"href":"https:\/\/borealis.lt\/pl\/wp-json\/wp\/v2\/product_tag?post=8675"}],"curies":[{"name":"wp","href":"https:\/\/api.w.org\/{rel}","templated":true}]}}