{"id":14417,"date":"2025-10-08T20:21:16","date_gmt":"2025-10-08T17:21:16","guid":{"rendered":"https:\/\/borealis.lt\/?post_type=product&#038;p=14417"},"modified":"2025-11-06T14:48:39","modified_gmt":"2025-11-06T12:48:39","slug":"masazine-kede-excellent-2","status":"publish","type":"product","link":"https:\/\/borealis.lt\/pl\/produktas\/masazine-kede-excellent-2\/","title":{"rendered":"Doskona\u0142y fotel masuj\u0105cy"},"content":{"rendered":"\t\t<div data-elementor-type=\"product-post\" data-elementor-id=\"14417\" class=\"elementor elementor-14417 elementor-14411\" data-elementor-post-type=\"product\">\n\t\t\t\t<div class=\"elementor-element elementor-element-7d5ffd3 e-flex e-con-boxed e-con e-parent\" data-id=\"7d5ffd3\" data-element_type=\"container\" data-e-type=\"container\">\n\t\t\t\t\t<div class=\"e-con-inner\">\n\t\t<div class=\"elementor-element elementor-element-e4d4f48 e-con-full e-flex e-con e-child\" data-id=\"e4d4f48\" data-element_type=\"container\" data-e-type=\"container\">\n\t\t\t\t<div class=\"elementor-element elementor-element-dab9b88 elementor-widget elementor-widget-heading\" data-id=\"dab9b88\" data-element_type=\"widget\" data-e-type=\"widget\" data-widget_type=\"heading.default\">\n\t\t\t\t<div class=\"elementor-widget-container\">\n\t\t\t\t\t<h4 class=\"elementor-heading-title elementor-size-default\">Doskona\u0142y fotel masuj\u0105cy<\/h4>\t\t\t\t<\/div>\n\t\t\t\t<\/div>\n\t\t\t\t<div class=\"elementor-element elementor-element-7287a29 elementor-widget elementor-widget-text-editor\" data-id=\"7287a29\" data-element_type=\"widget\" data-e-type=\"widget\" data-widget_type=\"text-editor.default\">\n\t\t\t\t<div class=\"elementor-widget-container\">\n\t\t\t\t\t\t\t\t\t<div style=\"font-family: Arial, sans-serif;line-height: 1.6\">\n  <p><strong>Fotel do masa\u017cu Excellent<\/strong> to nowoczesny i funkcjonalny fotel z inteligentnym czteroko\u0142owym mechanizmem masuj\u0105cym, kt\u00f3ry porusza si\u0119 cicho w g\u00f3r\u0119 i w d\u00f3\u0142, zapewniaj\u0105c p\u0142ynny i skuteczny masa\u017c.<\/p>\n\n  <p>Fotel oferuje pi\u0119\u0107 technik masa\u017cu: uciskanie, ugniatanie, ba\u0144ki, po\u0142\u0105czenie baniek i ugniatania oraz masa\u017c Shiatsu.<\/p>\n\n  <p>Wbudowane automatyczne rozpoznawanie pozycji ramion u\u017cytkownika zapewnia spersonalizowany masa\u017c. Do wyboru jest <strong>12 automatycznych program\u00f3w<\/strong>, w tym relaksacyjny, rozci\u0105gaj\u0105cy, masa\u017c karku i plec\u00f3w oraz wiele innych. <\/p>\n\n  <p>Masa\u017c g\u00f3rnej cz\u0119\u015bci cia\u0142a mo\u017cna ustawi\u0107 r\u0119cznie, wybieraj\u0105c sta\u0142y punkt lub stref\u0119 i dostosowuj\u0105c pr\u0119dko\u015b\u0107 i pozycj\u0119 masa\u017cu.<\/p>\n\n  <p><strong>Masa\u017c poduszkami powietrznymi<\/strong> ma trzy tryby i trzy poziomy intensywno\u015bci &#8211; dla r\u0105k, cia\u0142a i st\u00f3p. Dost\u0119pny jest r\u00f3wnie\u017c specjalny <strong>masa\u017c \u0142ydek<\/strong> z poduszkami powietrznymi i <strong>regulowany masa\u017c st\u00f3p<\/strong> dla u\u017cytkownik\u00f3w o r\u00f3\u017cnym wzro\u015bcie. <\/p>\n\n  <p>W tylnej cz\u0119\u015bci zastosowano <strong>ogrzewanie na podczerwie\u0144<\/strong>. Fotel ma kompaktow\u0105 konstrukcj\u0119, wbudowany <strong>system audio 3D<\/strong> ze sterowaniem Bluetooth i <strong>port \u0142adowania USB<\/strong> na prawym pod\u0142okietniku. <\/p>\n\n  <p>Na lewym pod\u0142okietniku znajduje si\u0119 <strong>pi\u0119\u0107 przycisk\u00f3w szybkiej obs\u0142ugi<\/strong>, a na poduszkach powietrznych d\u0142oni &#8211; <strong>masa\u017c z terapi\u0105 magnetyczn\u0105<\/strong>.<\/p>\n\n  <p>Wszystkie funkcje s\u0105 sterowane za pomoc\u0105 kolorowego <strong>ekranu LCD<\/strong>, umo\u017cliwiaj\u0105cego wygodne monitorowanie i zmian\u0119 ustawie\u0144 masa\u017cu.<\/p>\n<\/div>\n\t\t\t\t\t\t\t\t<\/div>\n\t\t\t\t<\/div>\n\t\t\t\t<\/div>\n\t\t<div class=\"elementor-element elementor-element-23a5f11 e-con-full e-flex e-con e-child\" data-id=\"23a5f11\" data-element_type=\"container\" data-e-type=\"container\" data-settings=\"{&quot;sticky_on&quot;:[&quot;desktop&quot;,&quot;tablet&quot;],&quot;sticky_parent&quot;:&quot;yes&quot;,&quot;sticky&quot;:&quot;top&quot;,&quot;sticky_offset&quot;:&quot;100&quot;,&quot;sticky_effects_offset&quot;:0,&quot;sticky_anchor_link_offset&quot;:0}\">\n\t\t\t\t<div class=\"elementor-element elementor-element-66518e6 elementor-widget elementor-widget-image\" data-id=\"66518e6\" data-element_type=\"widget\" data-e-type=\"widget\" data-widget_type=\"image.default\">\n\t\t\t\t<div class=\"elementor-widget-container\">\n\t\t\t\t\t\t\t\t\t\t\t\t\t\t\t<img fetchpriority=\"high\" decoding=\"async\" width=\"1600\" height=\"2000\" src=\"https:\/\/borealis.lt\/wp-content\/uploads\/2025\/02\/1_Massaazitool_Excellent-scaled-3.jpeg\" class=\"attachment-full size-full wp-image-10161\" alt=\"Masa\u017ein\u0117 k\u0117d\u0117 Excellent \u2013 priekinis vaizdas borealis.lt\" srcset=\"https:\/\/borealis.lt\/wp-content\/uploads\/2025\/02\/1_Massaazitool_Excellent-scaled-3.jpeg 1600w, https:\/\/borealis.lt\/wp-content\/uploads\/2025\/02\/1_Massaazitool_Excellent-scaled-3-400x500.jpeg 400w, https:\/\/borealis.lt\/wp-content\/uploads\/2025\/02\/1_Massaazitool_Excellent-scaled-3-600x750.jpeg 600w, https:\/\/borealis.lt\/wp-content\/uploads\/2025\/02\/1_Massaazitool_Excellent-scaled-3-64x80.jpeg 64w, https:\/\/borealis.lt\/wp-content\/uploads\/2025\/02\/1_Massaazitool_Excellent-scaled-3-240x300.jpeg 240w, https:\/\/borealis.lt\/wp-content\/uploads\/2025\/02\/1_Massaazitool_Excellent-scaled-3-819x1024.jpeg 819w, https:\/\/borealis.lt\/wp-content\/uploads\/2025\/02\/1_Massaazitool_Excellent-scaled-3-768x960.jpeg 768w, https:\/\/borealis.lt\/wp-content\/uploads\/2025\/02\/1_Massaazitool_Excellent-scaled-3-1229x1536.jpeg 1229w\" sizes=\"(max-width: 1600px) 100vw, 1600px\" title=\"Masa\u017ein\u0117 k\u0117d\u0117 Excellent \u2013 priekinis vaizdas borealis.lt\" \/>\t\t\t\t\t\t\t\t\t\t\t\t\t\t\t<\/div>\n\t\t\t\t<\/div>\n\t\t\t\t<\/div>\n\t\t\t\t\t<\/div>\n\t\t\t\t<\/div>\n\t\t<div class=\"elementor-element elementor-element-651b557 e-flex e-con-boxed e-con e-parent\" data-id=\"651b557\" data-element_type=\"container\" data-e-type=\"container\">\n\t\t\t\t\t<div class=\"e-con-inner\">\n\t\t\t\t<div class=\"elementor-element elementor-element-60431b2 elementor-widget elementor-widget-text-editor\" data-id=\"60431b2\" data-element_type=\"widget\" data-e-type=\"widget\" data-widget_type=\"text-editor.default\">\n\t\t\t\t<div class=\"elementor-widget-container\">\n\t\t\t\t\t\t\t\t\t<section class=\"seo-rich\" aria-label=\"Papildomas SEO apra\u0161as\"><h3>Jak to mo\u017ce by\u0107 przydatne?<\/h3><p>Delikatny, regularny masa\u017c mo\u017ce pom\u00f3c roz\u0142adowa\u0107 napi\u0119cie i poprawi\u0107 jako\u015b\u0107 odpoczynku. Wi\u0119cej o korzy\u015bciach p\u0142yn\u0105cych z masa\u017cu: <br><a href=\"https:\/\/www.health.harvard.edu\/staying-healthy\/the-health-benefits-of-massage\" target=\"_blank\" rel=\"noopener noreferrer nofollow\">Harvard Health Publishing<\/a>,<br><a href=\"https:\/\/www.mayoclinic.org\/healthy-lifestyle\/stress-management\/in-depth\/massage\/art-20045743\" target=\"_blank\" rel=\"noopener noreferrer nofollow\">Klinika Mayo<\/a>.<\/p><h3>Por\u00f3wnanie z innymi modelami<\/h3><ul><li><a href=\"https:\/\/borealis.lt\/pl\/produktas\/masazine-kede-elite\/\">Fotel do masa\u017cu &#8222;Elite\"<\/a><\/li><li><a href=\"https:\/\/borealis.lt\/pl\/produktas\/masazine-kede-elegant\/\">Elegancki fotel masuj\u0105cy<\/a><\/li><li><a href=\"https:\/\/borealis.lt\/pl\/produktas\/masazine-kede-phantom-care\/\">Fotel masuj\u0105cy Phantom Care<\/a><\/li><li><a href=\"https:\/\/borealis.lt\/pl\/produktas\/masazine-kede-ultimate\/\">Fotel masuj\u0105cy Ultimate<\/a><\/li><\/ul><p>Je\u015bli potrzebujesz pomocy w wyborze, skontaktuj si\u0119 z nami, a pomo\u017cemy Ci znale\u017a\u0107 odpowiedni model.<\/p><\/section>\t\t\t\t\t\t\t\t<\/div>\n\t\t\t\t<\/div>\n\t\t\t\t\t<\/div>\n\t\t\t\t<\/div>\n\t\t\t\t<\/div>\n\t\t","protected":false},"excerpt":{"rendered":"<p><strong data-start=\"303\" data-end=\"332\">Fotel masuj\u0105cy Excellent<\/strong> to wygodne domowe spa do codziennego u\u017cytku. Zerowa grawitacja rozlu\u017ania plecy, poduszki powietrzne masuj\u0105 ramiona i nogi, a <strong data-start=\"453\" data-end=\"491\">rolki na stopy i ogrzewanie l\u0119d\u017awiowe<\/strong> zapewniaj\u0105 g\u0142\u0119boki relaks. <strong data-start=\"520\" data-end=\"545\">Automatyczne programy<\/strong> i regulowana intensywno\u015b\u0107 u\u0142atwiaj\u0105 dostosowanie masa\u017cu do w\u0142asnych potrzeb. <\/p>\n","protected":false},"featured_media":13704,"template":"","meta":{"_acf_changed":false,"inline_featured_image":false},"product_brand":[232],"product_cat":[236,233],"product_tag":[],"class_list":{"0":"post-14417","1":"product","2":"type-product","3":"status-publish","4":"has-post-thumbnail","6":"product_brand-borealis-pl","7":"product_cat-uzywane-fotele-masujace","8":"product_cat-fotele-do-masazu","9":"product_shipping_class-towary-ciezkie","11":"first","12":"outofstock","13":"taxable","14":"shipping-taxable","15":"purchasable","16":"product-type-variable","17":"has-default-attributes"},"acf":[],"_links":{"self":[{"href":"https:\/\/borealis.lt\/pl\/wp-json\/wp\/v2\/product\/14417","targetHints":{"allow":["GET"]}}],"collection":[{"href":"https:\/\/borealis.lt\/pl\/wp-json\/wp\/v2\/product"}],"about":[{"href":"https:\/\/borealis.lt\/pl\/wp-json\/wp\/v2\/types\/product"}],"version-history":[{"count":0,"href":"https:\/\/borealis.lt\/pl\/wp-json\/wp\/v2\/product\/14417\/revisions"}],"wp:featuredmedia":[{"embeddable":true,"href":"https:\/\/borealis.lt\/pl\/wp-json\/wp\/v2\/media\/13704"}],"wp:attachment":[{"href":"https:\/\/borealis.lt\/pl\/wp-json\/wp\/v2\/media?parent=14417"}],"wp:term":[{"taxonomy":"product_brand","embeddable":true,"href":"https:\/\/borealis.lt\/pl\/wp-json\/wp\/v2\/product_brand?post=14417"},{"taxonomy":"product_cat","embeddable":true,"href":"https:\/\/borealis.lt\/pl\/wp-json\/wp\/v2\/product_cat?post=14417"},{"taxonomy":"product_tag","embeddable":true,"href":"https:\/\/borealis.lt\/pl\/wp-json\/wp\/v2\/product_tag?post=14417"}],"curies":[{"name":"wp","href":"https:\/\/api.w.org\/{rel}","templated":true}]}}