{"id":13808,"date":"2025-09-03T15:15:18","date_gmt":"2025-09-03T12:15:18","guid":{"rendered":"https:\/\/borealis.lt\/produktas\/masazine-kede-momoda\/"},"modified":"2025-09-04T13:48:10","modified_gmt":"2025-09-04T10:48:10","slug":"masazine-kede-momoda","status":"publish","type":"product","link":"https:\/\/borealis.lt\/pl\/produktas\/masazine-kede-momoda\/","title":{"rendered":"Fotel masuj\u0105cy Momoda"},"content":{"rendered":"\t\t<div data-elementor-type=\"product-post\" data-elementor-id=\"13808\" class=\"elementor elementor-13808 elementor-13781\" data-elementor-post-type=\"product\">\n\t\t\t\t<div class=\"elementor-element elementor-element-05130a9 e-flex e-con-boxed e-con e-parent\" data-id=\"05130a9\" data-element_type=\"container\" data-e-type=\"container\">\n\t\t\t\t\t<div class=\"e-con-inner\">\n\t\t<div class=\"elementor-element elementor-element-07586b2 e-con-full e-flex e-con e-child\" data-id=\"07586b2\" data-element_type=\"container\" data-e-type=\"container\">\n\t\t\t\t<div class=\"elementor-element elementor-element-b24e529 elementor-widget elementor-widget-text-editor\" data-id=\"b24e529\" data-element_type=\"widget\" data-e-type=\"widget\" data-widget_type=\"text-editor.default\">\n\t\t\t\t<div class=\"elementor-widget-container\">\n\t\t\t\t\t\t\t\t\t<div style=\"font-size: 25px;line-height: 1.6\">\n<h3>Fotel masuj\u0105cy Momoda<\/h3>\n<ul>\n \t<li>Masa\u017c od szyi do \u015brodka plec\u00f3w<\/li>\n \t<li>Masa\u017c poduszk\u0105 powietrzn\u0105<\/li>\n \t<li>5 automatycznych program\u00f3w masa\u017cu<\/li>\n \t<li>Dzia\u0142a cicho<\/li>\n \t<li>Wysokiej jako\u015bci system d\u017awi\u0119kowy<\/li>\n \t<li>Zintegrowane ogrzewanie<\/li>\n \t<li>Stacja \u0142aduj\u0105ca USB<\/li>\n \t<li>Tkanina odporna na zu\u017cycie<\/li>\n \t<li>\u0141atwy do czyszczenia<\/li>\n \t<li>Odporny na zarysowania<\/li>\n \t<li>Niski pob\u00f3r mocy (ok. 130 W w trybie pracy)<\/li>\n<\/ul>\n<h3 style=\"margin-top: 35px\">Dane techniczne<\/h3>\n<ul>\n \t<li>Napi\u0119cie: 220 V<\/li>\n \t<li>Wymiary (w pozycji pionowej): 141 cm x 80 cm x 114 cm<\/li>\n \t<li>Waga: 82 kg<\/li>\n<\/ul>\n<\/div>\t\t\t\t\t\t\t\t<\/div>\n\t\t\t\t<\/div>\n\t\t\t\t<\/div>\n\t\t<div class=\"elementor-element elementor-element-38d4547 e-con-full e-flex e-con e-child\" data-id=\"38d4547\" data-element_type=\"container\" data-e-type=\"container\">\n\t\t\t\t<\/div>\n\t\t\t\t\t<\/div>\n\t\t\t\t<\/div>\n\t\t\t\t<\/div>\n\t\t","protected":false},"excerpt":{"rendered":"<p>Fotel masuj\u0105cy do domu lub biura.<br data-start=\"153\" data-end=\"156\">Dzi\u0119ki zintegrowanym automatycznym trybom masa\u017cu i wygodnemu panelowi sterowania mo\u017cesz wybra\u0107 odpowiedni dla siebie masa\u017c za naci\u015bni\u0119ciem jednego przycisku. Jest to idealne rozwi\u0105zanie do relaksu po ca\u0142ym dniu pracy lub ponownego nabrania energii w ci\u0105gu dnia. <\/p>\n","protected":false},"featured_media":13804,"template":"","meta":{"_acf_changed":false,"inline_featured_image":false},"product_brand":[232],"product_cat":[236],"product_tag":[],"class_list":{"0":"post-13808","1":"product","2":"type-product","3":"status-publish","4":"has-post-thumbnail","6":"product_brand-borealis-pl","7":"product_cat-uzywane-fotele-masujace","8":"product_shipping_class-towary-ciezkie","10":"first","11":"instock","12":"taxable","13":"shipping-taxable","14":"purchasable","15":"product-type-simple"},"acf":[],"_links":{"self":[{"href":"https:\/\/borealis.lt\/pl\/wp-json\/wp\/v2\/product\/13808","targetHints":{"allow":["GET"]}}],"collection":[{"href":"https:\/\/borealis.lt\/pl\/wp-json\/wp\/v2\/product"}],"about":[{"href":"https:\/\/borealis.lt\/pl\/wp-json\/wp\/v2\/types\/product"}],"version-history":[{"count":0,"href":"https:\/\/borealis.lt\/pl\/wp-json\/wp\/v2\/product\/13808\/revisions"}],"wp:featuredmedia":[{"embeddable":true,"href":"https:\/\/borealis.lt\/pl\/wp-json\/wp\/v2\/media\/13804"}],"wp:attachment":[{"href":"https:\/\/borealis.lt\/pl\/wp-json\/wp\/v2\/media?parent=13808"}],"wp:term":[{"taxonomy":"product_brand","embeddable":true,"href":"https:\/\/borealis.lt\/pl\/wp-json\/wp\/v2\/product_brand?post=13808"},{"taxonomy":"product_cat","embeddable":true,"href":"https:\/\/borealis.lt\/pl\/wp-json\/wp\/v2\/product_cat?post=13808"},{"taxonomy":"product_tag","embeddable":true,"href":"https:\/\/borealis.lt\/pl\/wp-json\/wp\/v2\/product_tag?post=13808"}],"curies":[{"name":"wp","href":"https:\/\/api.w.org\/{rel}","templated":true}]}}