{"id":13439,"date":"2025-06-11T21:37:11","date_gmt":"2025-06-11T18:37:11","guid":{"rendered":"https:\/\/borealis.lt\/produktas\/zirkles\/"},"modified":"2025-06-11T21:43:33","modified_gmt":"2025-06-11T18:43:33","slug":"zirkles","status":"publish","type":"product","link":"https:\/\/borealis.lt\/pl\/produktas\/zirkles\/","title":{"rendered":"No\u017cyczki"},"content":{"rendered":"\t\t<div data-elementor-type=\"product-post\" data-elementor-id=\"13439\" class=\"elementor elementor-13439 elementor-13433\" data-elementor-post-type=\"product\">\n\t\t\t\t<div class=\"elementor-element elementor-element-7541d24 e-flex e-con-boxed e-con e-parent\" data-id=\"7541d24\" data-element_type=\"container\" data-e-type=\"container\">\n\t\t\t\t\t<div class=\"e-con-inner\">\n\t\t<div class=\"elementor-element elementor-element-ab576aa e-con-full e-flex e-con e-child\" data-id=\"ab576aa\" data-element_type=\"container\" data-e-type=\"container\">\n\t\t\t\t<div class=\"elementor-element elementor-element-a6500cb elementor-widget elementor-widget-text-editor\" data-id=\"a6500cb\" data-element_type=\"widget\" data-e-type=\"widget\" data-widget_type=\"text-editor.default\">\n\t\t\t\t<div class=\"elementor-widget-container\">\n\t\t\t\t\t\t\t\t\t<h4>Specyfikacja<\/h4>\n\n<ul>\n  <li>Pow\u0142oka teflonowa, ostrze wyprodukowane w Japonii<\/li>\n  <li>D\u0142ugo\u015b\u0107 ostrza: 6,5 cm<\/li>\n  <li>D\u0142ugo\u015b\u0107 ca\u0142kowita: 16 cm<\/li>\n  <li>D\u0142ugo\u015b\u0107 uchwytu: 7,2 cm<\/li>\n  <li>Odporno\u015b\u0107 termiczna ostrza: do 130 \u00b0C<\/li>\n  <li>Indywidualne opakowanie z g\u0105bk\u0105 ochronn\u0105<\/li>\n<\/ul>\n\t\t\t\t\t\t\t\t<\/div>\n\t\t\t\t<\/div>\n\t\t\t\t<\/div>\n\t\t<div class=\"elementor-element elementor-element-e94a586 e-con-full e-flex e-con e-child\" data-id=\"e94a586\" data-element_type=\"container\" data-e-type=\"container\">\n\t\t\t\t<\/div>\n\t\t\t\t\t<\/div>\n\t\t\t\t<\/div>\n\t\t\t\t<\/div>\n\t\t","protected":false},"excerpt":{"rendered":"<p>Okr\u0105g\u0142a konstrukcja i wysokiej jako\u015bci ostrze pokryte teflonem zapewniaj\u0105 doskona\u0142e wra\u017cenia z u\u017cytkowania.<\/p>\n<p>Ostrza s\u0105 bardzo ostre, zapewniaj\u0105c g\u0142adkie ci\u0119cie.<\/p>\n<p>Wytrzyma\u0142e materia\u0142y zapewniaj\u0105 trwa\u0142o\u015b\u0107.<\/p>\n<p>Najlepsze ostrza pokryte teflonem zapobiegaj\u0105 gromadzeniu si\u0119 brudu na ostrzach po przeci\u0119ciu ta\u015bmy ARES.<\/p>\n","protected":false},"featured_media":13436,"template":"","meta":{"_acf_changed":false,"inline_featured_image":false},"product_brand":[],"product_cat":[228,227],"product_tag":[],"class_list":{"0":"post-13439","1":"product","2":"type-product","3":"status-publish","4":"has-post-thumbnail","6":"product_cat-paski-ares","7":"product_cat-tasmy-kinezjologiczne","8":"product_shipping_class-wysylka-i-odbior","10":"first","11":"instock","12":"taxable","13":"shipping-taxable","14":"purchasable","15":"product-type-simple"},"acf":[],"_links":{"self":[{"href":"https:\/\/borealis.lt\/pl\/wp-json\/wp\/v2\/product\/13439","targetHints":{"allow":["GET"]}}],"collection":[{"href":"https:\/\/borealis.lt\/pl\/wp-json\/wp\/v2\/product"}],"about":[{"href":"https:\/\/borealis.lt\/pl\/wp-json\/wp\/v2\/types\/product"}],"version-history":[{"count":0,"href":"https:\/\/borealis.lt\/pl\/wp-json\/wp\/v2\/product\/13439\/revisions"}],"wp:featuredmedia":[{"embeddable":true,"href":"https:\/\/borealis.lt\/pl\/wp-json\/wp\/v2\/media\/13436"}],"wp:attachment":[{"href":"https:\/\/borealis.lt\/pl\/wp-json\/wp\/v2\/media?parent=13439"}],"wp:term":[{"taxonomy":"product_brand","embeddable":true,"href":"https:\/\/borealis.lt\/pl\/wp-json\/wp\/v2\/product_brand?post=13439"},{"taxonomy":"product_cat","embeddable":true,"href":"https:\/\/borealis.lt\/pl\/wp-json\/wp\/v2\/product_cat?post=13439"},{"taxonomy":"product_tag","embeddable":true,"href":"https:\/\/borealis.lt\/pl\/wp-json\/wp\/v2\/product_tag?post=13439"}],"curies":[{"name":"wp","href":"https:\/\/api.w.org\/{rel}","templated":true}]}}