{"id":13184,"date":"2025-06-07T12:37:02","date_gmt":"2025-06-07T09:37:02","guid":{"rendered":"https:\/\/borealis.lt\/produktas\/akupunkturinis-masazuoklis-ak-2000-b-2\/"},"modified":"2025-06-07T12:38:11","modified_gmt":"2025-06-07T09:38:11","slug":"akupunkturinis-masazuoklis-ak-2000-b-2","status":"publish","type":"product","link":"https:\/\/borealis.lt\/pl\/produktas\/akupunkturinis-masazuoklis-ak-2000-b-2\/","title":{"rendered":"Masa\u017cer akupunkturowy AK-2000-B"},"content":{"rendered":"\t\t<div data-elementor-type=\"product-post\" data-elementor-id=\"13184\" class=\"elementor elementor-13184 elementor-13170\" data-elementor-post-type=\"product\">\n\t\t\t\t<div class=\"elementor-element elementor-element-e9d4ec8 e-flex e-con-boxed e-con e-parent\" data-id=\"e9d4ec8\" data-element_type=\"container\" data-e-type=\"container\">\n\t\t\t\t\t<div class=\"e-con-inner\">\n\t\t<div class=\"elementor-element elementor-element-5482b23 e-con-full e-flex e-con e-child\" data-id=\"5482b23\" data-element_type=\"container\" data-e-type=\"container\">\n\t\t\t\t<div class=\"elementor-element elementor-element-d550e5b elementor-widget elementor-widget-text-editor\" data-id=\"d550e5b\" data-element_type=\"widget\" data-e-type=\"widget\" data-widget_type=\"text-editor.default\">\n\t\t\t\t<div class=\"elementor-widget-container\">\n\t\t\t\t\t\t\t\t\t<h2>Masa\u017cer do akupunktury<\/h2>\n<p>Masa\u017cer akupunkturowy pomaga aktywowa\u0107 punkty homeostatyczne, wzmocni\u0107 zdolno\u015bci samoregulacyjne organizmu i zmniejszy\u0107 b\u00f3l. Delikatne przesuwanie ko\u0144c\u00f3wki typu pi\u00f3ro po powierzchni sk\u00f3ry stymuluje mi\u0119\u015bnie i g\u0142\u0119bsze tkanki, a efekt punktowy pomaga przywr\u00f3ci\u0107 r\u00f3wnowag\u0119 w organizmie. <\/p>\n\n<p>Stymulacja w okre\u015blonych punktach powinna trwa\u0107 od <strong>30 sekund do 3 minut<\/strong>. Masa\u017cer ma <strong>6 poziom\u00f3w intensywno\u015bci<\/strong>, dzi\u0119ki czemu mo\u017cna go dostosowa\u0107 do indywidualnych potrzeb. <\/p>\n\n<ul>\n  <li>Zasilanie bateryjne<\/li>\n  <li>W zestawie: masa\u017cer, pude\u0142ko, \u0142adowarka <em>(adapter europejski sprzedawany oddzielnie)<\/em><\/li>\n  <li>Gwarancja: <strong>2 lata<\/strong><\/li>\n  <li>Do <strong>2 lat<\/strong> \u017cywotno\u015bci baterii przy 3 u\u017cyciach tygodniowo<\/li>\n  <li>Wymiary: <strong>21 cm \u00d7 30 cm \u00d7 7 cm<\/strong><\/li>\n<\/ul>\n\t\t\t\t\t\t\t\t<\/div>\n\t\t\t\t<\/div>\n\t\t\t\t<\/div>\n\t\t<div class=\"elementor-element elementor-element-cc244ce e-con-full e-flex e-con e-child\" data-id=\"cc244ce\" data-element_type=\"container\" data-e-type=\"container\">\n\t\t\t\t<\/div>\n\t\t\t\t\t<\/div>\n\t\t\t\t<\/div>\n\t\t\t\t<\/div>\n\t\t","protected":false},"excerpt":{"rendered":"<p>Masa\u017cer akupunkturowy AK-2000-B wykorzystuje elektrostymulacj\u0119 do diagnozowania i leczenia szerokiego zakresu chor\u00f3b cia\u0142a zgodnie z zasad\u0105 akupunktury.<\/p>\n","protected":false},"featured_media":13173,"template":"","meta":{"_acf_changed":false,"inline_featured_image":false},"product_brand":[232],"product_cat":[256],"product_tag":[],"class_list":{"0":"post-13184","1":"product","2":"type-product","3":"status-publish","4":"has-post-thumbnail","6":"product_brand-borealis-pl","7":"product_cat-sprzet-do-fizjoterapii","8":"product_shipping_class-wysylka-i-odbior","10":"first","11":"instock","12":"taxable","13":"shipping-taxable","14":"purchasable","15":"product-type-simple"},"acf":[],"_links":{"self":[{"href":"https:\/\/borealis.lt\/pl\/wp-json\/wp\/v2\/product\/13184","targetHints":{"allow":["GET"]}}],"collection":[{"href":"https:\/\/borealis.lt\/pl\/wp-json\/wp\/v2\/product"}],"about":[{"href":"https:\/\/borealis.lt\/pl\/wp-json\/wp\/v2\/types\/product"}],"version-history":[{"count":0,"href":"https:\/\/borealis.lt\/pl\/wp-json\/wp\/v2\/product\/13184\/revisions"}],"wp:featuredmedia":[{"embeddable":true,"href":"https:\/\/borealis.lt\/pl\/wp-json\/wp\/v2\/media\/13173"}],"wp:attachment":[{"href":"https:\/\/borealis.lt\/pl\/wp-json\/wp\/v2\/media?parent=13184"}],"wp:term":[{"taxonomy":"product_brand","embeddable":true,"href":"https:\/\/borealis.lt\/pl\/wp-json\/wp\/v2\/product_brand?post=13184"},{"taxonomy":"product_cat","embeddable":true,"href":"https:\/\/borealis.lt\/pl\/wp-json\/wp\/v2\/product_cat?post=13184"},{"taxonomy":"product_tag","embeddable":true,"href":"https:\/\/borealis.lt\/pl\/wp-json\/wp\/v2\/product_tag?post=13184"}],"curies":[{"name":"wp","href":"https:\/\/api.w.org\/{rel}","templated":true}]}}