{"id":13083,"date":"2025-06-06T13:27:12","date_gmt":"2025-06-06T10:27:12","guid":{"rendered":"https:\/\/borealis.lt\/produktas\/masazo-kamuolys-blackroll-12-cm\/"},"modified":"2025-06-06T13:37:43","modified_gmt":"2025-06-06T10:37:43","slug":"masazo-kamuolys-blackroll-12-cm","status":"publish","type":"product","link":"https:\/\/borealis.lt\/pl\/produktas\/masazo-kamuolys-blackroll-12-cm\/","title":{"rendered":"Pi\u0142ka do masa\u017cu BLACKROLL &#8211; 12 cm"},"content":{"rendered":"\t\t<div data-elementor-type=\"product-post\" data-elementor-id=\"13083\" class=\"elementor elementor-13083 elementor-13071\" data-elementor-post-type=\"product\">\n\t\t\t\t<div class=\"elementor-element elementor-element-0c68603 e-flex e-con-boxed e-con e-parent\" data-id=\"0c68603\" data-element_type=\"container\" data-e-type=\"container\">\n\t\t\t\t\t<div class=\"e-con-inner\">\n\t\t<div class=\"elementor-element elementor-element-e6a5faa e-con-full e-flex e-con e-child\" data-id=\"e6a5faa\" data-element_type=\"container\" data-e-type=\"container\">\n\t\t\t\t<div class=\"elementor-element elementor-element-5800678 elementor-widget elementor-widget-text-editor\" data-id=\"5800678\" data-element_type=\"widget\" data-e-type=\"widget\" data-widget_type=\"text-editor.default\">\n\t\t\t\t<div class=\"elementor-widget-container\">\n\t\t\t\t\t\t\t\t\t<div style=\"font-family: Arial, sans-serif;max-width: 600px;margin: 0 auto;text-align: left\">\n  <h2 style=\"font-size: 28px;font-weight: 500;margin-bottom: 16px\">Informacje o produkcie<\/h2>\n  <p style=\"font-size: 16px;color: #333;line-height: 1.6;margin-bottom: 16px\">\n    <strong>BLACKROLL\u00ae BALL 12<\/strong> to pi\u0142ka do masa\u017cu o wi\u0119kszej \u015brednicy (12 cm) do regeneracji mi\u0119\u015bni i \u0142agodzenia napi\u0119cia. Idealnie nadaje si\u0119 do masa\u017cu plec\u00f3w, ramion, klatki piersiowej i n\u00f3g. Pi\u0142ka dzia\u0142a skutecznie punkt po punkcie, pomagaj\u0105c poprawi\u0107 elastyczno\u015b\u0107 i aktywno\u015b\u0107 mi\u0119\u015bni.  \n  <\/p>\n  <p style=\"font-size: 16px;color: #333;line-height: 1.6;margin-bottom: 16px\">\n  Masowanie pi\u0142ki w prz\u00f3d i w ty\u0142 (6-8 razy) poprawia kr\u0105\u017cenie krwi i dociera do g\u0142\u0119bszych warstw mi\u0119\u015bni. Pi\u0142ka nadaje si\u0119 do u\u017cytku na pod\u0142odze, przy \u015bcianie lub stole. \n  <\/p>\n  <ul style=\"padding-left: 20px;font-size: 16px;color: #333;line-height: 1.6\">\n    <li>\u015arednica: 12 cm<\/li>\n    <li>Zaprojektowany do masa\u017cu punktowego<\/li>\n    <li>Pomaga zmniejszy\u0107 napi\u0119cie mi\u0119\u015bni i b\u00f3l<\/li>\n    <li>Poprawia kr\u0105\u017cenie krwi i regeneracj\u0119 mi\u0119\u015bni<\/li>\n    <li>Do u\u017cytku na pod\u0142odze, \u015bcianie lub stole<\/li>\n    <li>Kolory: czarny, zielony, czerwony<\/li>\n  <\/ul>\n<\/div>\n\t\t\t\t\t\t\t\t<\/div>\n\t\t\t\t<\/div>\n\t\t\t\t<\/div>\n\t\t<div class=\"elementor-element elementor-element-8d4c1ec e-con-full e-flex e-con e-child\" data-id=\"8d4c1ec\" data-element_type=\"container\" data-e-type=\"container\">\n\t\t\t\t<\/div>\n\t\t\t\t\t<\/div>\n\t\t\t\t<\/div>\n\t\t\t\t<\/div>\n\t\t","protected":false},"excerpt":{"rendered":"<p><strong>Pi\u0142ka do masa\u017cu BLACKROLL 12 cm<\/strong> to idealne narz\u0119dzie do masa\u017cu ca\u0142ego cia\u0142a i relaksu.<\/p>\n","protected":false},"featured_media":13074,"template":"","meta":{"_acf_changed":false,"inline_featured_image":false},"product_brand":[242],"product_cat":[244,237],"product_tag":[],"class_list":{"0":"post-13083","1":"product","2":"type-product","3":"status-publish","4":"has-post-thumbnail","6":"product_brand-blackroll-pl","7":"product_cat-trening-i-regeneracja","8":"product_cat-zdrowie-i-artykuly-sportowe","9":"product_shipping_class-wysylka-i-odbior","11":"first","12":"instock","13":"taxable","14":"shipping-taxable","15":"purchasable","16":"product-type-variable"},"acf":[],"_links":{"self":[{"href":"https:\/\/borealis.lt\/pl\/wp-json\/wp\/v2\/product\/13083","targetHints":{"allow":["GET"]}}],"collection":[{"href":"https:\/\/borealis.lt\/pl\/wp-json\/wp\/v2\/product"}],"about":[{"href":"https:\/\/borealis.lt\/pl\/wp-json\/wp\/v2\/types\/product"}],"version-history":[{"count":0,"href":"https:\/\/borealis.lt\/pl\/wp-json\/wp\/v2\/product\/13083\/revisions"}],"wp:featuredmedia":[{"embeddable":true,"href":"https:\/\/borealis.lt\/pl\/wp-json\/wp\/v2\/media\/13074"}],"wp:attachment":[{"href":"https:\/\/borealis.lt\/pl\/wp-json\/wp\/v2\/media?parent=13083"}],"wp:term":[{"taxonomy":"product_brand","embeddable":true,"href":"https:\/\/borealis.lt\/pl\/wp-json\/wp\/v2\/product_brand?post=13083"},{"taxonomy":"product_cat","embeddable":true,"href":"https:\/\/borealis.lt\/pl\/wp-json\/wp\/v2\/product_cat?post=13083"},{"taxonomy":"product_tag","embeddable":true,"href":"https:\/\/borealis.lt\/pl\/wp-json\/wp\/v2\/product_tag?post=13083"}],"curies":[{"name":"wp","href":"https:\/\/api.w.org\/{rel}","templated":true}]}}