{"id":12973,"date":"2025-06-06T12:50:54","date_gmt":"2025-06-06T09:50:54","guid":{"rendered":"https:\/\/borealis.lt\/produktas\/blackroll-treniruociu-guma-geltona\/"},"modified":"2025-06-06T12:54:32","modified_gmt":"2025-06-06T09:54:32","slug":"blackroll-treniruociu-guma-geltona","status":"publish","type":"product","link":"https:\/\/borealis.lt\/pl\/produktas\/blackroll-treniruociu-guma-geltona\/","title":{"rendered":"BLACKROLL &#8211; guma treningowa \u017c\u00f3\u0142ta"},"content":{"rendered":"\t\t<div data-elementor-type=\"product-post\" data-elementor-id=\"12973\" class=\"elementor elementor-12973 elementor-12966\" data-elementor-post-type=\"product\">\n\t\t\t\t<div class=\"elementor-element elementor-element-019895c e-flex e-con-boxed e-con e-parent\" data-id=\"019895c\" data-element_type=\"container\" data-e-type=\"container\">\n\t\t\t\t\t<div class=\"e-con-inner\">\n\t\t<div class=\"elementor-element elementor-element-b325c84 e-con-full e-flex e-con e-child\" data-id=\"b325c84\" data-element_type=\"container\" data-e-type=\"container\">\n\t\t\t\t<div class=\"elementor-element elementor-element-bf3233f elementor-widget elementor-widget-text-editor\" data-id=\"bf3233f\" data-element_type=\"widget\" data-e-type=\"widget\" data-widget_type=\"text-editor.default\">\n\t\t\t\t<div class=\"elementor-widget-container\">\n\t\t\t\t\t\t\t\t\t<div style=\"font-family: Arial, sans-serif;max-width: 600px;margin: 0 auto;text-align: left\">\n  <h2 style=\"font-size: 28px;font-weight: 500;margin-bottom: 16px\">Informacje o produkcie<\/h2>\n\n  <p style=\"font-size: 16px;color: #333;line-height: 1.6;margin-bottom: 16px\">\n    Guma treningowa <strong>BLACKROLL\u00ae<\/strong> pomaga poprawi\u0107 postaw\u0119, wzmocni\u0107 stabilno\u015b\u0107 i zmniejszy\u0107 ryzyko kontuzji. Zapomnij o niewygodnych gumach &#8211; rewolucyjne, przyjazne dla sk\u00f3ry rozwi\u0105zanie tekstylne z wszyt\u0105 elastyczn\u0105 warstw\u0105 bez lateksu zapewnia maksymalny komfort podczas treningu. Guma nie podra\u017cnia sk\u00f3ry, nie uciska i pozostaje na swoim miejscu.  \n  <\/p>\n\n  <p style=\"font-size: 16px;color: #333;line-height: 1.6;margin-bottom: 16px\">\n  Ta guma treningowa zosta\u0142a zaprojektowana dla profesjonalnych sportowc\u00f3w, ale jest r\u00f3wnie\u017c idealna dla amator\u00f3w. Jest mocna, elastyczna, odporna na rozdarcia i wygodna w u\u017cyciu. \n  <\/p>\n\n  <h3 style=\"font-size: 24px;font-weight: 500;margin-bottom: 12px\">Guma treningowa BLACKROLL<\/h3>\n\n  <ul style=\"font-size: 16px;color: #333;line-height: 1.6;padding-left: 20px\">\n    <li style=\"margin-bottom: 8px\">Rozmiar: ok. 32 cm \u00d7 6 cm<\/li>\n    <li style=\"margin-bottom: 8px\">Waga: 57-70 g (w zale\u017cno\u015bci od koloru)<\/li>\n    <li style=\"margin-bottom: 8px\">Warto\u015bci kolor\u00f3w oparte na rezystancji:<\/li>\n    <ul style=\"padding-left: 20px\">\n      <li>\u017b\u00f3\u0142ty jest najs\u0142abszy<\/li>\n      <li>Pomara\u0144czowy &#8211; s\u0142aby<\/li>\n      <li>Czerwony &#8211; \u015bredni<\/li>\n      <li>Zielony &#8211; \u015bredni<\/li>\n      <li>Niebieski &#8211; mocny<\/li>\n      <li>Czarny &#8211; bardzo mocny<\/li>\n    <\/ul>\n  <\/ul>\n<\/div>\n\t\t\t\t\t\t\t\t<\/div>\n\t\t\t\t<\/div>\n\t\t\t\t<\/div>\n\t\t<div class=\"elementor-element elementor-element-9f76f25 e-con-full e-flex e-con e-child\" data-id=\"9f76f25\" data-element_type=\"container\" data-e-type=\"container\">\n\t\t\t\t<\/div>\n\t\t\t\t\t<\/div>\n\t\t\t\t<\/div>\n\t\t\t\t<\/div>\n\t\t","protected":false},"excerpt":{"rendered":"<p>Guma treningowa <strong>BLACKROLL LOOP BAND<\/strong> (ok. 32 cm) jest idealna do treningu mniejszych grup mi\u0119\u015bni. Pomaga poprawi\u0107 postaw\u0119 i zmniejszy\u0107 ryzyko kontuzji. Ka\u017cdy kolor odpowiada innemu poziomowi oporu.  <\/p>\n","protected":false},"featured_media":12969,"template":"","meta":{"_acf_changed":false,"inline_featured_image":false},"product_brand":[242],"product_cat":[244,237],"product_tag":[],"class_list":{"0":"post-12973","1":"product","2":"type-product","3":"status-publish","4":"has-post-thumbnail","6":"product_brand-blackroll-pl","7":"product_cat-trening-i-regeneracja","8":"product_cat-zdrowie-i-artykuly-sportowe","9":"product_shipping_class-wysylka-i-odbior","11":"first","12":"instock","13":"taxable","14":"shipping-taxable","15":"purchasable","16":"product-type-simple"},"acf":[],"_links":{"self":[{"href":"https:\/\/borealis.lt\/pl\/wp-json\/wp\/v2\/product\/12973","targetHints":{"allow":["GET"]}}],"collection":[{"href":"https:\/\/borealis.lt\/pl\/wp-json\/wp\/v2\/product"}],"about":[{"href":"https:\/\/borealis.lt\/pl\/wp-json\/wp\/v2\/types\/product"}],"version-history":[{"count":0,"href":"https:\/\/borealis.lt\/pl\/wp-json\/wp\/v2\/product\/12973\/revisions"}],"wp:featuredmedia":[{"embeddable":true,"href":"https:\/\/borealis.lt\/pl\/wp-json\/wp\/v2\/media\/12969"}],"wp:attachment":[{"href":"https:\/\/borealis.lt\/pl\/wp-json\/wp\/v2\/media?parent=12973"}],"wp:term":[{"taxonomy":"product_brand","embeddable":true,"href":"https:\/\/borealis.lt\/pl\/wp-json\/wp\/v2\/product_brand?post=12973"},{"taxonomy":"product_cat","embeddable":true,"href":"https:\/\/borealis.lt\/pl\/wp-json\/wp\/v2\/product_cat?post=12973"},{"taxonomy":"product_tag","embeddable":true,"href":"https:\/\/borealis.lt\/pl\/wp-json\/wp\/v2\/product_tag?post=12973"}],"curies":[{"name":"wp","href":"https:\/\/api.w.org\/{rel}","templated":true}]}}