{"id":12950,"date":"2025-06-06T12:43:36","date_gmt":"2025-06-06T09:43:36","guid":{"rendered":"https:\/\/borealis.lt\/produktas\/si-dirzas\/"},"modified":"2025-06-06T12:47:42","modified_gmt":"2025-06-06T09:47:42","slug":"si-dirzas","status":"publish","type":"product","link":"https:\/\/borealis.lt\/pl\/produktas\/si-dirzas\/","title":{"rendered":"Pasek SI"},"content":{"rendered":"\t\t<div data-elementor-type=\"product-post\" data-elementor-id=\"12950\" class=\"elementor elementor-12950 elementor-12935\" data-elementor-post-type=\"product\">\n\t\t\t\t<div class=\"elementor-element elementor-element-9b51a20 e-flex e-con-boxed e-con e-parent\" data-id=\"9b51a20\" data-element_type=\"container\" data-e-type=\"container\">\n\t\t\t\t\t<div class=\"e-con-inner\">\n\t\t<div class=\"elementor-element elementor-element-c8b0ccb e-con-full e-flex e-con e-child\" data-id=\"c8b0ccb\" data-element_type=\"container\" data-e-type=\"container\">\n\t\t\t\t<div class=\"elementor-element elementor-element-da3a8bf elementor-widget elementor-widget-text-editor\" data-id=\"da3a8bf\" data-element_type=\"widget\" data-e-type=\"widget\" data-widget_type=\"text-editor.default\">\n\t\t\t\t<div class=\"elementor-widget-container\">\n\t\t\t\t\t\t\t\t\t<div style=\"font-family: Arial, sans-serif;max-width: 700px;margin: 0 auto;text-align: left\">\n  <h2 style=\"font-size: 28px;font-weight: 500;margin-bottom: 16px\">Informacje o produkcie<\/h2>\n  <p style=\"font-size: 16px;color: #333;line-height: 1.6;margin-bottom: 24px\">\n  Zapalenie staw\u00f3w krzy\u017cowo-biodrowych jest bolesnym schorzeniem dotykaj\u0105cym jednego lub obu staw\u00f3w krzy\u017cowo-biodrowych (staw\u00f3w mi\u0119dzy doln\u0105 cz\u0119\u015bci\u0105 plec\u00f3w a miednic\u0105).\n  Stan ten powoduje b\u00f3l i sztywno\u015b\u0107 po\u015bladk\u00f3w lub dolnej cz\u0119\u015bci plec\u00f3w, a b\u00f3l mo\u017ce rozprzestrzenia\u0107 si\u0119 na jedn\u0105 lub obie nogi.\n  D\u0142ugotrwa\u0142e stanie, siedzenie lub wchodzenie po schodach cz\u0119sto nasila objawy.\n  <\/p>\n  <p style=\"font-size: 16px;color: #333;line-height: 1.6;margin-bottom: 24px\">\n  Zapalenie staw\u00f3w krzy\u017cowo-biodrowych jest cz\u0119sto trudne do zdiagnozowania, poniewa\u017c objawy przypominaj\u0105 inne przyczyny b\u00f3lu w dolnej cz\u0119\u015bci plec\u00f3w.\n  Stan ten jest cz\u0119sto zwi\u0105zany z grup\u0105 chor\u00f3b zapalnych staw\u00f3w kr\u0119gos\u0142upa. Leczenie cz\u0119sto obejmuje fizjoterapi\u0119 i leki. \n  <\/p>\n\n  <h3 style=\"font-size: 24px;font-weight: 500;margin-bottom: 16px\">Pas SI pomaga zmniejszy\u0107 te objawy:<\/h3>\n  <ul style=\"font-size: 16px;color: #333;line-height: 1.6;padding-left: 20px\">\n    <li style=\"margin-bottom: 8px\">B\u00f3l plec\u00f3w<\/li>\n    <li style=\"margin-bottom: 8px\">B\u00f3l biodra<\/li>\n    <li style=\"margin-bottom: 8px\">B\u00f3l n\u00f3g<\/li>\n    <li style=\"margin-bottom: 8px\">Dysfunkcja stawu krzy\u017cowo-biodrowego<\/li>\n    <li style=\"margin-bottom: 8px\">B\u00f3l podczas ci\u0105\u017cy<\/li>\n    <li style=\"margin-bottom: 8px\">Skolioza<\/li>\n    <li>Zw\u0119\u017cenie kana\u0142u bocznego<\/li>\n  <\/ul>\n<\/div>\n\t\t\t\t\t\t\t\t<\/div>\n\t\t\t\t<\/div>\n\t\t\t\t<\/div>\n\t\t<div class=\"elementor-element elementor-element-45523c2 e-con-full e-flex e-con e-child\" data-id=\"45523c2\" data-element_type=\"container\" data-e-type=\"container\">\n\t\t\t\t<\/div>\n\t\t\t\t\t<\/div>\n\t\t\t\t<\/div>\n\t\t\t\t<\/div>\n\t\t","protected":false},"excerpt":{"rendered":"<p style=\"margin-bottom: 16px\">Wskazania do stosowania &#8211; B\u00f3l i dysfunkcja stawu krzy\u017cowo-biodrowego.<\/p>\n<p style=\"margin-bottom: 16px\">Przeciwwskazania &#8211; Ci\u0105\u017ca, zaburzenia kr\u0105\u017cenia, p\u0142uc, uk\u0142adu sercowo-naczyniowego lub uk\u0142adu kostnego, kt\u00f3re mog\u0105 nasila\u0107 si\u0119 pod wp\u0142ywem ucisku lub kompresji.<\/p>\n<p style=\"margin-bottom: 16px\">Ostrze\u017cenia i \u015brodki ostro\u017cno\u015bci &#8211; W przypadku wyst\u0105pienia b\u00f3lu, obrz\u0119ku, problem\u00f3w z wra\u017cliwo\u015bci\u0105 lub innych nietypowych reakcji podczas korzystania z tego produktu, nale\u017cy natychmiast skonsultowa\u0107 si\u0119 z lekarzem lub innym pracownikiem s\u0142u\u017cby zdrowia. W przypadku zauwa\u017cenia uszkodzenia lub zu\u017cycia produktu nale\u017cy przerwa\u0107 jego stosowanie. <\/p>\n","protected":false},"featured_media":12938,"template":"","meta":{"_acf_changed":false,"inline_featured_image":false},"product_brand":[],"product_cat":[244,237],"product_tag":[],"class_list":{"0":"post-12950","1":"product","2":"type-product","3":"status-publish","4":"has-post-thumbnail","6":"product_cat-trening-i-regeneracja","7":"product_cat-zdrowie-i-artykuly-sportowe","8":"product_shipping_class-wysylka-i-odbior","10":"first","11":"instock","12":"taxable","13":"shipping-taxable","14":"purchasable","15":"product-type-simple"},"acf":[],"_links":{"self":[{"href":"https:\/\/borealis.lt\/pl\/wp-json\/wp\/v2\/product\/12950","targetHints":{"allow":["GET"]}}],"collection":[{"href":"https:\/\/borealis.lt\/pl\/wp-json\/wp\/v2\/product"}],"about":[{"href":"https:\/\/borealis.lt\/pl\/wp-json\/wp\/v2\/types\/product"}],"version-history":[{"count":0,"href":"https:\/\/borealis.lt\/pl\/wp-json\/wp\/v2\/product\/12950\/revisions"}],"wp:featuredmedia":[{"embeddable":true,"href":"https:\/\/borealis.lt\/pl\/wp-json\/wp\/v2\/media\/12938"}],"wp:attachment":[{"href":"https:\/\/borealis.lt\/pl\/wp-json\/wp\/v2\/media?parent=12950"}],"wp:term":[{"taxonomy":"product_brand","embeddable":true,"href":"https:\/\/borealis.lt\/pl\/wp-json\/wp\/v2\/product_brand?post=12950"},{"taxonomy":"product_cat","embeddable":true,"href":"https:\/\/borealis.lt\/pl\/wp-json\/wp\/v2\/product_cat?post=12950"},{"taxonomy":"product_tag","embeddable":true,"href":"https:\/\/borealis.lt\/pl\/wp-json\/wp\/v2\/product_tag?post=12950"}],"curies":[{"name":"wp","href":"https:\/\/api.w.org\/{rel}","templated":true}]}}