{"id":12925,"date":"2025-06-06T12:38:20","date_gmt":"2025-06-06T09:38:20","guid":{"rendered":"https:\/\/borealis.lt\/produktas\/blackroll-resist-band-hall\/"},"modified":"2025-06-06T12:39:32","modified_gmt":"2025-06-06T09:39:32","slug":"blackroll-resist-band-hall","status":"publish","type":"product","link":"https:\/\/borealis.lt\/pl\/produktas\/blackroll-resist-band-hall\/","title":{"rendered":"BLACKROLL RESIST BAND &#8211; hala"},"content":{"rendered":"\t\t<div data-elementor-type=\"product-post\" data-elementor-id=\"12925\" class=\"elementor elementor-12925 elementor-12917\" data-elementor-post-type=\"product\">\n\t\t\t\t<div class=\"elementor-element elementor-element-6cddb97 e-flex e-con-boxed e-con e-parent\" data-id=\"6cddb97\" data-element_type=\"container\" data-e-type=\"container\">\n\t\t\t\t\t<div class=\"e-con-inner\">\n\t\t<div class=\"elementor-element elementor-element-0e90c7d e-con-full e-flex e-con e-child\" data-id=\"0e90c7d\" data-element_type=\"container\" data-e-type=\"container\">\n\t\t\t\t<div class=\"elementor-element elementor-element-bcfaa43 elementor-widget elementor-widget-text-editor\" data-id=\"bcfaa43\" data-element_type=\"widget\" data-e-type=\"widget\" data-widget_type=\"text-editor.default\">\n\t\t\t\t<div class=\"elementor-widget-container\">\n\t\t\t\t\t\t\t\t\t<div style=\"font-family: Arial, sans-serif;max-width: 600px;margin: 0 auto;text-align: left\">\n  <h2 style=\"font-size: 28px;font-weight: 500;margin-bottom: 16px\">Informacje o produkcie<\/h2>\n  <p style=\"font-size: 16px;color: #333;line-height: 1.6;margin-bottom: 24px\">\n  BLACKROLL\u00ae SUPER BAND SET to idealny zestaw do treningu mniejszych partii mi\u0119\u015bniowych. Ta\u015bmy pomagaj\u0105 poprawi\u0107 stabilno\u015b\u0107 cia\u0142a, koordynacj\u0119 i zmniejszy\u0107 ryzyko kontuzji.   \n  <\/p>\n  <p style=\"font-size: 16px;color: #333;line-height: 1.6;margin-bottom: 24px\">\n  Rewolucyjny materia\u0142 tekstylny z wszytym wewn\u0105trz elastanem bez lateksu zapewnia komfort podczas treningu &#8211; opaski nie podra\u017cniaj\u0105 sk\u00f3ry, s\u0105 przyjemne w dotyku i dobrze trzymaj\u0105 si\u0119 na miejscu.\n  <\/p>\n\n  <h3 style=\"font-size: 24px;font-weight: 500;margin-bottom: 16px\">BLACKROLL &#8211; ZESTAW SUPER BAND<\/h3>\n  <ul style=\"padding-left: 20px;font-size: 16px;color: #333;line-height: 1.6\">\n    <li>Do aktywacji mniejszych obwod\u00f3w mi\u0119\u015bniowych<\/li>\n    <li>Poprawia stabilno\u015b\u0107 i koordynacj\u0119 cia\u0142a<\/li>\n    <li>Wykonane z przyjaznego dla sk\u00f3ry, elastycznego materia\u0142u tekstylnego<\/li>\n    <li>Nie podra\u017cnia, nie obraca si\u0119, mocno trzyma podczas treningu<\/li>\n    <li>Odpowiedni dla wszystkich poziom\u00f3w sprawno\u015bci<\/li>\n    <li>3 poziomy oporu w zestawie<\/li>\n  <\/ul>\n<\/div>\n\t\t\t\t\t\t\t\t<\/div>\n\t\t\t\t<\/div>\n\t\t\t\t<\/div>\n\t\t<div class=\"elementor-element elementor-element-f570632 e-con-full e-flex e-con e-child\" data-id=\"f570632\" data-element_type=\"container\" data-e-type=\"container\">\n\t\t\t\t<\/div>\n\t\t\t\t\t<\/div>\n\t\t\t\t<\/div>\n\t\t\t\t<\/div>\n\t\t","protected":false},"excerpt":{"rendered":"<p>Opaska treningowa <strong>BLACKROLL RESIST BAND<\/strong> (ok. 190 cm) zosta\u0142a zaprojektowana tak, aby nowoczesne innowacje sportowe by\u0142y dost\u0119pne dla ka\u017cdego.<u><\/u><u><\/u><\/p>\n","protected":false},"featured_media":12920,"template":"","meta":{"_acf_changed":false,"inline_featured_image":false},"product_brand":[242],"product_cat":[244,237],"product_tag":[],"class_list":{"0":"post-12925","1":"product","2":"type-product","3":"status-publish","4":"has-post-thumbnail","6":"product_brand-blackroll-pl","7":"product_cat-trening-i-regeneracja","8":"product_cat-zdrowie-i-artykuly-sportowe","9":"product_shipping_class-wysylka-i-odbior","11":"first","12":"instock","13":"taxable","14":"shipping-taxable","15":"purchasable","16":"product-type-simple"},"acf":[],"_links":{"self":[{"href":"https:\/\/borealis.lt\/pl\/wp-json\/wp\/v2\/product\/12925","targetHints":{"allow":["GET"]}}],"collection":[{"href":"https:\/\/borealis.lt\/pl\/wp-json\/wp\/v2\/product"}],"about":[{"href":"https:\/\/borealis.lt\/pl\/wp-json\/wp\/v2\/types\/product"}],"version-history":[{"count":0,"href":"https:\/\/borealis.lt\/pl\/wp-json\/wp\/v2\/product\/12925\/revisions"}],"wp:featuredmedia":[{"embeddable":true,"href":"https:\/\/borealis.lt\/pl\/wp-json\/wp\/v2\/media\/12920"}],"wp:attachment":[{"href":"https:\/\/borealis.lt\/pl\/wp-json\/wp\/v2\/media?parent=12925"}],"wp:term":[{"taxonomy":"product_brand","embeddable":true,"href":"https:\/\/borealis.lt\/pl\/wp-json\/wp\/v2\/product_brand?post=12925"},{"taxonomy":"product_cat","embeddable":true,"href":"https:\/\/borealis.lt\/pl\/wp-json\/wp\/v2\/product_cat?post=12925"},{"taxonomy":"product_tag","embeddable":true,"href":"https:\/\/borealis.lt\/pl\/wp-json\/wp\/v2\/product_tag?post=12925"}],"curies":[{"name":"wp","href":"https:\/\/api.w.org\/{rel}","templated":true}]}}