{"id":12887,"date":"2025-06-06T12:23:29","date_gmt":"2025-06-06T09:23:29","guid":{"rendered":"https:\/\/borealis.lt\/produktas\/blackroll-twin-black\/"},"modified":"2025-06-06T12:35:11","modified_gmt":"2025-06-06T09:35:11","slug":"blackroll-twin-black","status":"publish","type":"product","link":"https:\/\/borealis.lt\/pl\/produktas\/blackroll-twin-black\/","title":{"rendered":"BLACKROLL\u00ae TWIN czarny"},"content":{"rendered":"\t\t<div data-elementor-type=\"product-post\" data-elementor-id=\"12887\" class=\"elementor elementor-12887 elementor-12879\" data-elementor-post-type=\"product\">\n\t\t\t\t<div class=\"elementor-element elementor-element-219d9e5 e-flex e-con-boxed e-con e-parent\" data-id=\"219d9e5\" data-element_type=\"container\" data-e-type=\"container\">\n\t\t\t\t\t<div class=\"e-con-inner\">\n\t\t<div class=\"elementor-element elementor-element-c49dd0c e-con-full e-flex e-con e-child\" data-id=\"c49dd0c\" data-element_type=\"container\" data-e-type=\"container\">\n\t\t\t\t<div class=\"elementor-element elementor-element-b85f664 elementor-widget elementor-widget-text-editor\" data-id=\"b85f664\" data-element_type=\"widget\" data-e-type=\"widget\" data-widget_type=\"text-editor.default\">\n\t\t\t\t<div class=\"elementor-widget-container\">\n\t\t\t\t\t\t\t\t\t<div style=\"font-family: Arial, sans-serif;max-width: 600px;margin: 0 auto;text-align: left\">\n  <h2 style=\"font-size: 28px;font-weight: 500;margin-bottom: 16px\">Informacje o produkcie<\/h2>\n  <p style=\"font-size: 16px;color: #333;line-height: 1.6;margin-bottom: 24px\">\n  Wa\u0142ek do masa\u017cu BLACKROLL\u00ae TWIN to funkcjonalne narz\u0119dzie, kt\u00f3re \u0142\u0105czy w sobie zalety klasycznego BLACKROLL\u00ae STANDARD i wa\u0142ka DUOBALL 12 cm.\n  Centralne wg\u0142\u0119bienie wa\u0142ka sprawia, \u017ce jest on idealny do masa\u017cu plec\u00f3w, a szersze punkty styku umo\u017cliwiaj\u0105 skuteczniejszy dost\u0119p do bocznych obszar\u00f3w kr\u0119gos\u0142upa.  \n  Centralny wz\u00f3r powierzchni stymuluje sk\u00f3r\u0119 i g\u0142\u0119bsze tkanki, dzi\u0119ki czemu idealnie nadaje si\u0119 do masa\u017cu st\u00f3p i d\u0142oni.\n  <\/p>\n\n  <p style=\"font-size: 16px;color: #333;line-height: 1.6;margin-bottom: 24px\">\n  Wa\u0142ek TWIN stymuluje kr\u0105\u017cenie krwi, poprawia regeneracj\u0119 tkanek i pomaga zrelaksowa\u0107 si\u0119 po \u0107wiczeniach. Wykonany z trwa\u0142ego materia\u0142u pochodz\u0105cego z recyklingu, ma \u015bredni op\u00f3r. \n  <\/p>\n\n  <h3 style=\"font-size: 24px;font-weight: 500;margin-bottom: 16px\">BLACKROLL &#8211; wa\u0142ek do masa\u017cu TWIN<\/h3>\n  <ul style=\"padding-left: 20px;font-size: 16px;color: #333;line-height: 1.6\">\n    <li>Trzy funkcje w jednej rolce<\/li>\n    <li>Rozleg\u0142y i precyzyjny masa\u017c po\u0142\u0105czony ze stymulacj\u0105 sk\u00f3ry<\/li>\n    <li>Idealny do mi\u0119\u015bni plec\u00f3w, \u0142ydek i innych mi\u0119\u015bni n\u00f3g<\/li>\n    <li>Skr\u0119cony \u015brodek wa\u0142ka wspomaga kr\u0105\u017cenie krwi w tkance mi\u0119\u015bniowej<\/li>\n    <li>\u015arednia si\u0142a<\/li>\n    <li>Wykonany z trwa\u0142ego materia\u0142u pochodz\u0105cego z recyklingu<\/li>\n    <li>Rozmiar: 30 cm \u00d7 13 cm<\/li>\n    <li>Waga: 104 g<\/li>\n  <\/ul>\n<\/div>\n\t\t\t\t\t\t\t\t<\/div>\n\t\t\t\t<\/div>\n\t\t\t\t<\/div>\n\t\t<div class=\"elementor-element elementor-element-9d52cef e-con-full e-flex e-con e-child\" data-id=\"9d52cef\" data-element_type=\"container\" data-e-type=\"container\">\n\t\t\t\t<\/div>\n\t\t\t\t\t<\/div>\n\t\t\t\t<\/div>\n\t\t\t\t<\/div>\n\t\t","protected":false},"excerpt":{"rendered":"<p><strong>BLACKROLL\u00ae TWIN<\/strong> to po\u0142\u0105czenie klasycznych rolek <strong>BLACKROLL\u00ae STANDARD<\/strong> i <strong>DUOBALL 12 cm<\/strong>.<\/p>\n","protected":false},"featured_media":12882,"template":"","meta":{"_acf_changed":false,"inline_featured_image":false},"product_brand":[242],"product_cat":[244,237],"product_tag":[],"class_list":{"0":"post-12887","1":"product","2":"type-product","3":"status-publish","4":"has-post-thumbnail","6":"product_brand-blackroll-pl","7":"product_cat-trening-i-regeneracja","8":"product_cat-zdrowie-i-artykuly-sportowe","9":"product_shipping_class-wysylka-i-odbior","11":"first","12":"instock","13":"taxable","14":"shipping-taxable","15":"purchasable","16":"product-type-simple"},"acf":[],"_links":{"self":[{"href":"https:\/\/borealis.lt\/pl\/wp-json\/wp\/v2\/product\/12887","targetHints":{"allow":["GET"]}}],"collection":[{"href":"https:\/\/borealis.lt\/pl\/wp-json\/wp\/v2\/product"}],"about":[{"href":"https:\/\/borealis.lt\/pl\/wp-json\/wp\/v2\/types\/product"}],"version-history":[{"count":0,"href":"https:\/\/borealis.lt\/pl\/wp-json\/wp\/v2\/product\/12887\/revisions"}],"wp:featuredmedia":[{"embeddable":true,"href":"https:\/\/borealis.lt\/pl\/wp-json\/wp\/v2\/media\/12882"}],"wp:attachment":[{"href":"https:\/\/borealis.lt\/pl\/wp-json\/wp\/v2\/media?parent=12887"}],"wp:term":[{"taxonomy":"product_brand","embeddable":true,"href":"https:\/\/borealis.lt\/pl\/wp-json\/wp\/v2\/product_brand?post=12887"},{"taxonomy":"product_cat","embeddable":true,"href":"https:\/\/borealis.lt\/pl\/wp-json\/wp\/v2\/product_cat?post=12887"},{"taxonomy":"product_tag","embeddable":true,"href":"https:\/\/borealis.lt\/pl\/wp-json\/wp\/v2\/product_tag?post=12887"}],"curies":[{"name":"wp","href":"https:\/\/api.w.org\/{rel}","templated":true}]}}