{"id":12863,"date":"2025-06-06T12:14:51","date_gmt":"2025-06-06T09:14:51","guid":{"rendered":"https:\/\/borealis.lt\/produktas\/blackroll-loop-band-set\/"},"modified":"2025-06-06T12:35:34","modified_gmt":"2025-06-06T09:35:34","slug":"blackroll-loop-band-set","status":"publish","type":"product","link":"https:\/\/borealis.lt\/pl\/produktas\/blackroll-loop-band-set\/","title":{"rendered":"BLACKROLL\u00ae &#8211; zestaw opasek p\u0119telkowych"},"content":{"rendered":"\t\t<div data-elementor-type=\"product-post\" data-elementor-id=\"12863\" class=\"elementor elementor-12863 elementor-12835\" data-elementor-post-type=\"product\">\n\t\t\t\t<div class=\"elementor-element elementor-element-dd680f7 e-flex e-con-boxed e-con e-parent\" data-id=\"dd680f7\" data-element_type=\"container\" data-e-type=\"container\">\n\t\t\t\t\t<div class=\"e-con-inner\">\n\t\t<div class=\"elementor-element elementor-element-7d96a8d e-con-full e-flex e-con e-child\" data-id=\"7d96a8d\" data-element_type=\"container\" data-e-type=\"container\">\n\t\t\t\t<div class=\"elementor-element elementor-element-7e14d59 elementor-widget elementor-widget-text-editor\" data-id=\"7e14d59\" data-element_type=\"widget\" data-e-type=\"widget\" data-widget_type=\"text-editor.default\">\n\t\t\t\t<div class=\"elementor-widget-container\">\n\t\t\t\t\t\t\t\t\t<div style=\"font-family: Arial, sans-serif;max-width: 600px;margin: 0 auto;text-align: left\">\n  <h2 style=\"font-size: 28px;font-weight: 500;margin-bottom: 16px\">Informacje o produkcie<\/h2>\n\n  <p style=\"font-size: 16px;color: #333;line-height: 1.6;margin-bottom: 24px\">\n  Po\u017cegnaj si\u0119 z niewygodnymi gumkami. Tekstylny pas treningowy <strong>BLACKROLL\u00ae<\/strong> z wszyt\u0105 elastyczn\u0105 warstw\u0105 niezawieraj\u0105c\u0105 lateksu jest elastyczny, przyjazny dla sk\u00f3ry i nie powoduje podra\u017cnie\u0144, nawet podczas intensywnych trening\u00f3w.\n  <\/p>\n\n  <p style=\"font-size: 16px;color: #333;line-height: 1.6;margin-bottom: 24px\">\n  Ten pas jest odpowiedni zar\u00f3wno dla profesjonalnych sportowc\u00f3w, jak i amator\u00f3w. Jego konstrukcja zapewnia stabilno\u015b\u0107 na ciele i pomaga trenowa\u0107 wygodnie i wydajnie. \n  <\/p>\n\n  <h3 style=\"font-size: 24px;font-weight: 500;margin-bottom: 12px\">Pakiet zawiera:<\/h3>\n  <ul style=\"padding-left: 20px;font-size: 16px;color: #333;line-height: 1.6\">\n    <li>3 opaski treningowe (104 cm):<\/li>\n    <ul style=\"padding-left: 20px\">\n      <li>Pomara\u0144czowy &#8211; \u0142atwy<\/li>\n      <li>Zielony &#8211; \u015bredni<\/li>\n      <li>Niebieski &#8211; mocny<\/li>\n    <\/ul>\n  <\/ul>\n\n  <p style=\"font-size: 16px;color: #333;line-height: 1.6;margin-top: 16px\">\n  Paski mo\u017cna pra\u0107 w pralce w temperaturze do 60\u00b0C i suszy\u0107 w niskiej temperaturze.\n  <\/p>\n<\/div>\n\t\t\t\t\t\t\t\t<\/div>\n\t\t\t\t<\/div>\n\t\t\t\t<\/div>\n\t\t<div class=\"elementor-element elementor-element-8abfec5 e-con-full e-flex e-con e-child\" data-id=\"8abfec5\" data-element_type=\"container\" data-e-type=\"container\">\n\t\t\t\t<\/div>\n\t\t\t\t\t<\/div>\n\t\t\t\t<\/div>\n\t\t\t\t<\/div>\n\t\t","protected":false},"excerpt":{"rendered":"<p>Zestaw <strong>BLACKROLL\u00ae SUPER BAND<\/strong> SET jest idealny do treningu mniejszych obwod\u00f3w mi\u0119\u015bniowych. Pomaga poprawi\u0107 stabilno\u015b\u0107 cia\u0142a i zmniejszy\u0107 ryzyko kontuzji. Po\u017cegnaj si\u0119 z niewygodnymi gumkami &#8211; nowa rewolucja w przyjaznych dla sk\u00f3ry tekstyliach uszytych z elastyny bez lateksu.  <\/p>\n","protected":false},"featured_media":12877,"template":"","meta":{"_acf_changed":false,"inline_featured_image":false},"product_brand":[242],"product_cat":[244,237],"product_tag":[],"class_list":{"0":"post-12863","1":"product","2":"type-product","3":"status-publish","4":"has-post-thumbnail","6":"product_brand-blackroll-pl","7":"product_cat-trening-i-regeneracja","8":"product_cat-zdrowie-i-artykuly-sportowe","9":"product_shipping_class-wysylka-i-odbior","11":"first","12":"instock","13":"taxable","14":"shipping-taxable","15":"purchasable","16":"product-type-simple"},"acf":[],"_links":{"self":[{"href":"https:\/\/borealis.lt\/pl\/wp-json\/wp\/v2\/product\/12863","targetHints":{"allow":["GET"]}}],"collection":[{"href":"https:\/\/borealis.lt\/pl\/wp-json\/wp\/v2\/product"}],"about":[{"href":"https:\/\/borealis.lt\/pl\/wp-json\/wp\/v2\/types\/product"}],"version-history":[{"count":0,"href":"https:\/\/borealis.lt\/pl\/wp-json\/wp\/v2\/product\/12863\/revisions"}],"wp:featuredmedia":[{"embeddable":true,"href":"https:\/\/borealis.lt\/pl\/wp-json\/wp\/v2\/media\/12877"}],"wp:attachment":[{"href":"https:\/\/borealis.lt\/pl\/wp-json\/wp\/v2\/media?parent=12863"}],"wp:term":[{"taxonomy":"product_brand","embeddable":true,"href":"https:\/\/borealis.lt\/pl\/wp-json\/wp\/v2\/product_brand?post=12863"},{"taxonomy":"product_cat","embeddable":true,"href":"https:\/\/borealis.lt\/pl\/wp-json\/wp\/v2\/product_cat?post=12863"},{"taxonomy":"product_tag","embeddable":true,"href":"https:\/\/borealis.lt\/pl\/wp-json\/wp\/v2\/product_tag?post=12863"}],"curies":[{"name":"wp","href":"https:\/\/api.w.org\/{rel}","templated":true}]}}