{"id":12369,"date":"2025-05-30T14:04:35","date_gmt":"2025-05-30T11:04:35","guid":{"rendered":"https:\/\/borealis.lt\/produktas\/kompresinis-masazas-aerify-charge\/"},"modified":"2025-06-01T18:37:28","modified_gmt":"2025-06-01T15:37:28","slug":"kompresinis-masazas-aerify-charge","status":"publish","type":"product","link":"https:\/\/borealis.lt\/pl\/produktas\/kompresinis-masazas-aerify-charge\/","title":{"rendered":"Masa\u017c kompresyjny Aerify CHARGE"},"content":{"rendered":"<h2>Aerify CHARGE PANTS<\/h2>\n<p><strong>Aerify CHARGE PANTS<\/strong> to zaawansowane spodnie kompresyjne do masa\u017cu, kt\u00f3re zapewniaj\u0105 bardziej kompleksowy i skuteczny efekt masa\u017cu ni\u017c konwencjonalne legginsy. Maj\u0105 intensywny wp\u0142yw na regeneracj\u0119 mi\u0119\u015bni po\u015bladkowych i zginaczy bioder oraz pomagaj\u0105 odzyska\u0107 si\u0142y po wysi\u0142ku fizycznym. <\/p>\n<p>Posiada <strong>8<\/strong> zintegrowanych <strong>kom\u00f3r powietrznych<\/strong> zapewniaj\u0105cych p\u0142ynny i r\u00f3wnomierny masa\u017c. Krew, p\u0142yn tkankowy i limfa poruszaj\u0105 si\u0119 bezbole\u015bnie, pomagaj\u0105c zmniejszy\u0107 obrz\u0119k i napi\u0119cie. Je\u015bli na ciele znajduj\u0105 si\u0119 wra\u017cliwe obszary lub powierzchowne zmiany (takie jak zadrapania lub siniaki), tryb masa\u017cu mo\u017cna \u0142atwo zmieni\u0107 na pojedyncz\u0105 komor\u0119 powietrzn\u0105, zachowuj\u0105c og\u00f3lny efekt terapeutyczny.  <\/p>\n<h3>Do czego s\u0142u\u017c\u0105?<\/h3>\n<div style=\"text-align: center\">\n  &#8211; Poprawia kr\u0105\u017cenie krwi<br \/> &#8211; Przyspiesza regeneracj\u0119 mi\u0119\u015bni<br \/> &#8211; Poprawia wydajno\u015b\u0107 treningu<br \/> &#8211; Zmniejsza obrz\u0119ki i stany zapalne<br \/> &#8211; Eliminuje kwas mlekowy<br \/> &#8211; Zmniejsza bolesno\u015b\u0107 mi\u0119\u015bni i cellulit\n<\/div>\n<h3>Dane techniczne<\/h3>\n<table>\n<tbody>\n<tr>\n<td><strong>Waga maszyny:<\/strong><\/td>\n<td>1,464 kg<\/td>\n<\/tr>\n<tr>\n<td><strong>Waga zestawu:<\/strong><\/td>\n<td>3,9 kg<\/td>\n<\/tr>\n<tr>\n<td><strong>Wymiary:<\/strong><\/td>\n<td>24,5 \u00d7 14,3 \u00d7 9,2 cm<\/td>\n<\/tr>\n<tr>\n<td><strong>Zakres ci\u015bnienia:<\/strong><\/td>\n<td>15-240 mmHg<\/td>\n<\/tr>\n<tr>\n<td><strong>Ustawienia czasu:<\/strong><\/td>\n<td>1-99 minut<\/td>\n<\/tr>\n<tr>\n<td><strong>Napi\u0119cie:<\/strong><\/td>\n<td>110-230 V (uniwersalny)<\/td>\n<\/tr>\n<tr>\n<td><strong>Pojemno\u015b\u0107:<\/strong><\/td>\n<td>35 W<\/td>\n<\/tr>\n<tr>\n<td><strong>Wej\u015bcie \u0142adowarki:<\/strong><\/td>\n<td>11,1 V (220 V)<\/td>\n<\/tr>\n<tr>\n<td><strong>Wyj\u015bcie \u0142adowarki:<\/strong><\/td>\n<td>12,6 V DC, 2 A<\/td>\n<\/tr>\n<tr>\n<td><strong>Pojemno\u015b\u0107 baterii:<\/strong><\/td>\n<td>5000 mAh (~3 godziny pracy po 1,2 godziny \u0142adowania)<\/td>\n<\/tr>\n<\/tbody>\n<\/table>\n","protected":false},"excerpt":{"rendered":"<p>&#8222;Aerify Charge Compression Therapy Terapia kompresyjna spr\u0119\u017conym powietrzem przyspiesza przep\u0142yw limfy i kr\u0105\u017cenie krwi, aby pom\u00f3c cia\u0142u w regeneracji poprzez naprzemienne spr\u0119\u017canie spr\u0119\u017conego powietrza w ka\u017cdej z 8 kom\u00f3r powietrznych w nogach.<\/p>\n","protected":false},"featured_media":12313,"template":"","meta":{"_acf_changed":false,"inline_featured_image":false},"product_brand":[254],"product_cat":[237,255],"product_tag":[],"class_list":{"0":"post-12369","1":"product","2":"type-product","3":"status-publish","4":"has-post-thumbnail","6":"product_brand-aerify-pl","7":"product_cat-zdrowie-i-artykuly-sportowe","8":"product_cat-masazery-kompresyjne","9":"product_shipping_class-wysylka-i-odbior","11":"first","12":"instock","13":"taxable","14":"shipping-taxable","15":"purchasable","16":"product-type-simple"},"acf":[],"_links":{"self":[{"href":"https:\/\/borealis.lt\/pl\/wp-json\/wp\/v2\/product\/12369","targetHints":{"allow":["GET"]}}],"collection":[{"href":"https:\/\/borealis.lt\/pl\/wp-json\/wp\/v2\/product"}],"about":[{"href":"https:\/\/borealis.lt\/pl\/wp-json\/wp\/v2\/types\/product"}],"version-history":[{"count":0,"href":"https:\/\/borealis.lt\/pl\/wp-json\/wp\/v2\/product\/12369\/revisions"}],"wp:featuredmedia":[{"embeddable":true,"href":"https:\/\/borealis.lt\/pl\/wp-json\/wp\/v2\/media\/12313"}],"wp:attachment":[{"href":"https:\/\/borealis.lt\/pl\/wp-json\/wp\/v2\/media?parent=12369"}],"wp:term":[{"taxonomy":"product_brand","embeddable":true,"href":"https:\/\/borealis.lt\/pl\/wp-json\/wp\/v2\/product_brand?post=12369"},{"taxonomy":"product_cat","embeddable":true,"href":"https:\/\/borealis.lt\/pl\/wp-json\/wp\/v2\/product_cat?post=12369"},{"taxonomy":"product_tag","embeddable":true,"href":"https:\/\/borealis.lt\/pl\/wp-json\/wp\/v2\/product_tag?post=12369"}],"curies":[{"name":"wp","href":"https:\/\/api.w.org\/{rel}","templated":true}]}}