{"id":12201,"date":"2025-05-29T20:05:04","date_gmt":"2025-05-29T17:05:04","guid":{"rendered":"https:\/\/borealis.lt\/produktas\/apatines-nugaros-dalies-atrama\/"},"modified":"2025-05-29T20:08:37","modified_gmt":"2025-05-29T17:08:37","slug":"apatines-nugaros-dalies-atrama","status":"publish","type":"product","link":"https:\/\/borealis.lt\/pl\/produktas\/apatines-nugaros-dalies-atrama\/","title":{"rendered":"Wsparcie dolnej cz\u0119\u015bci plec\u00f3w"},"content":{"rendered":"","protected":false},"excerpt":{"rendered":"<p><strong>Stabilizator postawy<\/strong> pomaga utrzyma\u0107 doln\u0105 cz\u0119\u015b\u0107 plec\u00f3w i tu\u0142\u00f3w w prawid\u0142owej pozycji. Podparcie l\u0119d\u017awiowe \u0142agodzi b\u00f3l w dolnej cz\u0119\u015bci plec\u00f3w, a zintegrowana poduszka grzewcza poprawia kr\u0105\u017cenie krwi. <\/p>\n<div style=\"height: 20px\"><\/div>\n<p>Jest to wygodny <strong>pas biodrowy<\/strong> dla os\u00f3b wykonuj\u0105cych prac\u0119 fizyczn\u0105, a tak\u017ce dla tych, kt\u00f3rzy stoj\u0105 lub chodz\u0105 przez d\u0142ugi czas. Pas nie tylko wspiera prawid\u0142ow\u0105 postaw\u0119, ale tak\u017ce \u0142agodzi napi\u0119cie i b\u00f3l plec\u00f3w. <\/p>\n<div style=\"height: 20px\"><\/div>\n<p>Stabilizator postawy ma zintegrowan\u0105 <strong>wyjmowan\u0105 poduszk\u0119<\/strong> z funkcjami ogrzewania i ch\u0142odzenia, dzi\u0119ki czemu nadaje si\u0119 r\u00f3wnie\u017c do termoterapii. Jest to idealne rozwi\u0105zanie do codziennego u\u017cytku. <\/p>\n<div style=\"height: 20px\"><\/div>\n<p><strong>Zalecany czas noszenia<\/strong> wynosi od 1 do 3 godzin dziennie.<\/p>\n<table>\n<thead>\n<tr>\n<th>Rozmiar<\/th>\n<th>Obw\u00f3d talii<\/th>\n<\/tr>\n<\/thead>\n<tbody>\n<tr>\n<td><strong>S<\/strong><\/td>\n<td>75-85 cm<\/td>\n<\/tr>\n<tr>\n<td><strong>M<\/strong><\/td>\n<td>85-95 cm<\/td>\n<\/tr>\n<tr>\n<td><strong>L<\/strong><\/td>\n<td>95-120 cm<\/td>\n<\/tr>\n<\/tbody>\n<\/table>\n","protected":false},"featured_media":12170,"template":"","meta":{"_acf_changed":false,"inline_featured_image":false},"product_brand":[],"product_cat":[237,243],"product_tag":[],"class_list":{"0":"post-12201","1":"product","2":"type-product","3":"status-publish","4":"has-post-thumbnail","6":"product_cat-zdrowie-i-artykuly-sportowe","7":"product_cat-postawa","8":"product_shipping_class-wysylka-i-odbior","10":"first","11":"instock","12":"taxable","13":"shipping-taxable","14":"purchasable","15":"product-type-variable"},"acf":[],"_links":{"self":[{"href":"https:\/\/borealis.lt\/pl\/wp-json\/wp\/v2\/product\/12201","targetHints":{"allow":["GET"]}}],"collection":[{"href":"https:\/\/borealis.lt\/pl\/wp-json\/wp\/v2\/product"}],"about":[{"href":"https:\/\/borealis.lt\/pl\/wp-json\/wp\/v2\/types\/product"}],"version-history":[{"count":0,"href":"https:\/\/borealis.lt\/pl\/wp-json\/wp\/v2\/product\/12201\/revisions"}],"wp:featuredmedia":[{"embeddable":true,"href":"https:\/\/borealis.lt\/pl\/wp-json\/wp\/v2\/media\/12170"}],"wp:attachment":[{"href":"https:\/\/borealis.lt\/pl\/wp-json\/wp\/v2\/media?parent=12201"}],"wp:term":[{"taxonomy":"product_brand","embeddable":true,"href":"https:\/\/borealis.lt\/pl\/wp-json\/wp\/v2\/product_brand?post=12201"},{"taxonomy":"product_cat","embeddable":true,"href":"https:\/\/borealis.lt\/pl\/wp-json\/wp\/v2\/product_cat?post=12201"},{"taxonomy":"product_tag","embeddable":true,"href":"https:\/\/borealis.lt\/pl\/wp-json\/wp\/v2\/product_tag?post=12201"}],"curies":[{"name":"wp","href":"https:\/\/api.w.org\/{rel}","templated":true}]}}