{"id":12085,"date":"2025-05-28T21:07:57","date_gmt":"2025-05-28T18:07:57","guid":{"rendered":"https:\/\/borealis.lt\/produktas\/infraraudonuju-spinduliu-kilimelio-vidines-pleveles\/"},"modified":"2025-05-28T21:07:57","modified_gmt":"2025-05-28T18:07:57","slug":"infraraudonuju-spinduliu-kilimelio-vidines-pleveles","status":"publish","type":"product","link":"https:\/\/borealis.lt\/pl\/produktas\/infraraudonuju-spinduliu-kilimelio-vidines-pleveles\/","title":{"rendered":"Folie wewn\u0119trzne do mat na podczerwie\u0144"},"content":{"rendered":"","protected":false},"excerpt":{"rendered":"<p>U\u0142atwia konserwacj\u0119 maty podczas stosowania wyszczuplaj\u0105cych ok\u0142ad\u00f3w na cia\u0142o.<br \/>\nFolie wewn\u0119trzne do mat na podczerwie\u0144 nadaj\u0105 si\u0119 zar\u00f3wno do salon\u00f3w kosmetycznych, jak i do wygodnego u\u017cytku domowego.<br \/>\nOpakowanie 10 szt.<\/p>\n","protected":false},"featured_media":12081,"template":"","meta":{"_acf_changed":false,"inline_featured_image":false},"product_brand":[232],"product_cat":[237,238],"product_tag":[],"class_list":{"0":"post-12085","1":"product","2":"type-product","3":"status-publish","4":"has-post-thumbnail","6":"product_brand-borealis-pl","7":"product_cat-zdrowie-i-artykuly-sportowe","8":"product_cat-maty-na-podczerwien","9":"product_shipping_class-wysylka-i-odbior","11":"first","12":"instock","13":"taxable","14":"shipping-taxable","15":"purchasable","16":"product-type-simple"},"acf":[],"_links":{"self":[{"href":"https:\/\/borealis.lt\/pl\/wp-json\/wp\/v2\/product\/12085","targetHints":{"allow":["GET"]}}],"collection":[{"href":"https:\/\/borealis.lt\/pl\/wp-json\/wp\/v2\/product"}],"about":[{"href":"https:\/\/borealis.lt\/pl\/wp-json\/wp\/v2\/types\/product"}],"version-history":[{"count":0,"href":"https:\/\/borealis.lt\/pl\/wp-json\/wp\/v2\/product\/12085\/revisions"}],"wp:featuredmedia":[{"embeddable":true,"href":"https:\/\/borealis.lt\/pl\/wp-json\/wp\/v2\/media\/12081"}],"wp:attachment":[{"href":"https:\/\/borealis.lt\/pl\/wp-json\/wp\/v2\/media?parent=12085"}],"wp:term":[{"taxonomy":"product_brand","embeddable":true,"href":"https:\/\/borealis.lt\/pl\/wp-json\/wp\/v2\/product_brand?post=12085"},{"taxonomy":"product_cat","embeddable":true,"href":"https:\/\/borealis.lt\/pl\/wp-json\/wp\/v2\/product_cat?post=12085"},{"taxonomy":"product_tag","embeddable":true,"href":"https:\/\/borealis.lt\/pl\/wp-json\/wp\/v2\/product_tag?post=12085"}],"curies":[{"name":"wp","href":"https:\/\/api.w.org\/{rel}","templated":true}]}}