{"id":12060,"date":"2025-05-28T20:55:17","date_gmt":"2025-05-28T17:55:17","guid":{"rendered":"https:\/\/borealis.lt\/produktas\/juodas-didelis-infraraudonuju-spinduliu-kilimelis\/"},"modified":"2025-05-28T20:58:18","modified_gmt":"2025-05-28T17:58:18","slug":"juodas-didelis-infraraudonuju-spinduliu-kilimelis","status":"publish","type":"product","link":"https:\/\/borealis.lt\/pl\/produktas\/juodas-didelis-infraraudonuju-spinduliu-kilimelis\/","title":{"rendered":"Czarna du\u017ca mata na podczerwie\u0144"},"content":{"rendered":"<p><strong>FAR INFRARED<\/strong> &#8211; z technologi\u0105 dalekiej podczerwieni.<br \/>\nKompaktowy, \u0142atwy w u\u017cyciu, z ma\u0142ym panelem sterowania.<br \/>\nWykonany z wysokiej jako\u015bci mi\u0119kkiej sk\u00f3ry, z wygodnymi otworami na d\u0142onie.<\/p>\n<p>\u25c9 Szybka i skuteczna utrata wagi<br \/>\n\u25c9 Redukcja obwodu i cellulitu<br \/>\n\u25c9 Usuwanie \u017cu\u017clu i nadmiaru p\u0142yn\u00f3w z organizmu<br \/>\n\u25c9 Redukcja b\u00f3lu mi\u0119\u015bni i staw\u00f3w<br \/>\n\u25c9 Poprawa jako\u015bci snu<br \/>\n\u25c9 Relaks i wyciszenie<\/p>\n<p><strong>Mata na podczerwie\u0144 Borealis<\/strong><\/p>\n<p>Dla wygodniejszego u\u017cytkowania bez u\u017cycia r\u0105k, mata posiada otwory na d\u0142onie<\/p>\n<p>Minimalna temperatura: <strong>60 \u00b0C<\/strong><\/p>\n<p>Maksymalna temperatura: <strong>80 \u00b0C<\/strong><\/p>\n<p>Mata jest sterowana za pomoc\u0105 pilota <strong>zdalnego sterowania<\/strong><\/p>\n<p>Ustawienie czasu: <strong>od 1 do 60 minut<\/strong><\/p>\n<p>Moc: <strong>600 W<\/strong><\/p>\n<p><strong>Wygodna torba transportowa<\/strong> w zestawie<\/p>\n","protected":false},"excerpt":{"rendered":"<p>Mata na podczerwie\u0144<span class=\"il\">Borealis<\/span>wyr\u00f3\u017cnia si\u0119 jako <b>wszechstronna i skuteczna inwestycja<\/b> <b>w zdrowie<\/b>, przynosz\u0105c koj\u0105ce do\u015bwiadczenie sauny na podczerwie\u0144 bezpo\u015brednio do domu.<\/p>\n","protected":false},"featured_media":12056,"template":"","meta":{"_acf_changed":false,"inline_featured_image":false},"product_brand":[232],"product_cat":[237,238],"product_tag":[],"class_list":{"0":"post-12060","1":"product","2":"type-product","3":"status-publish","4":"has-post-thumbnail","6":"product_brand-borealis-pl","7":"product_cat-zdrowie-i-artykuly-sportowe","8":"product_cat-maty-na-podczerwien","9":"product_shipping_class-wysylka-i-odbior","11":"first","12":"instock","13":"taxable","14":"shipping-taxable","15":"purchasable","16":"product-type-simple"},"acf":[],"_links":{"self":[{"href":"https:\/\/borealis.lt\/pl\/wp-json\/wp\/v2\/product\/12060","targetHints":{"allow":["GET"]}}],"collection":[{"href":"https:\/\/borealis.lt\/pl\/wp-json\/wp\/v2\/product"}],"about":[{"href":"https:\/\/borealis.lt\/pl\/wp-json\/wp\/v2\/types\/product"}],"version-history":[{"count":0,"href":"https:\/\/borealis.lt\/pl\/wp-json\/wp\/v2\/product\/12060\/revisions"}],"wp:featuredmedia":[{"embeddable":true,"href":"https:\/\/borealis.lt\/pl\/wp-json\/wp\/v2\/media\/12056"}],"wp:attachment":[{"href":"https:\/\/borealis.lt\/pl\/wp-json\/wp\/v2\/media?parent=12060"}],"wp:term":[{"taxonomy":"product_brand","embeddable":true,"href":"https:\/\/borealis.lt\/pl\/wp-json\/wp\/v2\/product_brand?post=12060"},{"taxonomy":"product_cat","embeddable":true,"href":"https:\/\/borealis.lt\/pl\/wp-json\/wp\/v2\/product_cat?post=12060"},{"taxonomy":"product_tag","embeddable":true,"href":"https:\/\/borealis.lt\/pl\/wp-json\/wp\/v2\/product_tag?post=12060"}],"curies":[{"name":"wp","href":"https:\/\/api.w.org\/{rel}","templated":true}]}}