{"id":11971,"date":"2025-05-28T20:18:54","date_gmt":"2025-05-28T17:18:54","guid":{"rendered":"https:\/\/borealis.lt\/produktas\/stalvirsis-piano-xprs\/"},"modified":"2025-05-29T19:07:15","modified_gmt":"2025-05-29T16:07:15","slug":"stalvirsis-piano-xprs","status":"publish","type":"product","link":"https:\/\/borealis.lt\/pl\/produktas\/stalvirsis-piano-xprs\/","title":{"rendered":"Blat roboczy PIANO XPRS"},"content":{"rendered":"","protected":false},"excerpt":{"rendered":"<p>Blat idealnie nadaje si\u0119 zar\u00f3wno do u\u017cytku biurowego, jak i domowego. G\u0142adkie wyko\u0144czenie powierzchni zapewnia komfort pisania. Kraw\u0119dzie s\u0105 pokryte 2-milimetrowym kantelem, co zapewnia estetyczny wygl\u0105d i trwa\u0142o\u015b\u0107.  <\/p>\n","protected":false},"featured_media":11975,"template":"","meta":{"_acf_changed":false,"inline_featured_image":false},"product_brand":[],"product_cat":[240,257],"product_tag":[],"class_list":{"0":"post-11971","1":"product","2":"type-product","3":"status-publish","4":"has-post-thumbnail","6":"product_cat-ergonomia-biura","7":"product_cat-stoly-i-nogi","8":"product_shipping_class-niestandardowe-i-wycofanie","10":"first","11":"instock","12":"taxable","13":"shipping-taxable","14":"purchasable","15":"product-type-variable"},"acf":[],"_links":{"self":[{"href":"https:\/\/borealis.lt\/pl\/wp-json\/wp\/v2\/product\/11971","targetHints":{"allow":["GET"]}}],"collection":[{"href":"https:\/\/borealis.lt\/pl\/wp-json\/wp\/v2\/product"}],"about":[{"href":"https:\/\/borealis.lt\/pl\/wp-json\/wp\/v2\/types\/product"}],"version-history":[{"count":0,"href":"https:\/\/borealis.lt\/pl\/wp-json\/wp\/v2\/product\/11971\/revisions"}],"wp:featuredmedia":[{"embeddable":true,"href":"https:\/\/borealis.lt\/pl\/wp-json\/wp\/v2\/media\/11975"}],"wp:attachment":[{"href":"https:\/\/borealis.lt\/pl\/wp-json\/wp\/v2\/media?parent=11971"}],"wp:term":[{"taxonomy":"product_brand","embeddable":true,"href":"https:\/\/borealis.lt\/pl\/wp-json\/wp\/v2\/product_brand?post=11971"},{"taxonomy":"product_cat","embeddable":true,"href":"https:\/\/borealis.lt\/pl\/wp-json\/wp\/v2\/product_cat?post=11971"},{"taxonomy":"product_tag","embeddable":true,"href":"https:\/\/borealis.lt\/pl\/wp-json\/wp\/v2\/product_tag?post=11971"}],"curies":[{"name":"wp","href":"https:\/\/api.w.org\/{rel}","templated":true}]}}