{"id":11945,"date":"2025-05-28T19:42:06","date_gmt":"2025-05-28T16:42:06","guid":{"rendered":"https:\/\/borealis.lt\/produktas\/ergonomine-kede-comfy-2\/"},"modified":"2025-05-28T19:42:06","modified_gmt":"2025-05-28T16:42:06","slug":"ergonomine-kede-comfy-2","status":"publish","type":"product","link":"https:\/\/borealis.lt\/pl\/produktas\/ergonomine-kede-comfy-2\/","title":{"rendered":"Ergonomiczne krzes\u0142o COMFY"},"content":{"rendered":"<p>Ergonomiczne krzes\u0142o COMFY sk\u0142ada si\u0119 z dw\u00f3ch cz\u0119\u015bci: piankowego siedziska z zakrzywion\u0105 kraw\u0119dzi\u0105 i piankowej poduszki. Siedzenie na krze\u015ble COMFY pomaga utrzyma\u0107 prawid\u0142ow\u0105 postaw\u0119, \u0107wiczy\u0107 mi\u0119\u015bnie plec\u00f3w i brzucha oraz dotlenia\u0107 m\u00f3zg, co poprawia zdolno\u015b\u0107 koncentracji. Zakrzywione siedzisko zapewnia komfort dla bioder i pomaga utrzyma\u0107 kr\u0119gos\u0142up w linii prostej. Piankowa podk\u0142adka pomaga zmniejszy\u0107 napi\u0119cie zm\u0119czonych n\u00f3g. Krzes\u0142o mo\u017cna regulowa\u0107 zar\u00f3wno w pozycji siedz\u0105cej, jak i stoj\u0105cej, co pozwala na zmian\u0119 pozycji cia\u0142a podczas pracy, zapewniaj\u0105c aktywne kr\u0105\u017cenie.    <\/p>\n<p><strong>Specyfikacje<\/strong>:<\/p>\n<p>Ud\u017awig: 125 kg<\/p>\n<p>Zamontowane k\u00f3\u0142ka: tak<\/p>\n<p>Regulowana d\u0142ugo\u015b\u0107 i wysoko\u015b\u0107: tak<\/p>\n","protected":false},"excerpt":{"rendered":"<p>Dzi\u0119ki ergonomicznemu krzes\u0142u COMFY stworzysz komfortowe \u015brodowisko pracy w domu i w biurze. Krzes\u0142o to zapewni prawid\u0142ow\u0105 postaw\u0119 i sprawne kr\u0105\u017cenie krwi, dzi\u0119ki czemu Twoje cia\u0142o b\u0119dzie mniej zm\u0119czone podczas pracy, a Ty b\u0119dziesz bardziej skoncentrowany na swojej pracy. <\/p>\n","protected":false},"featured_media":11940,"template":"","meta":{"_acf_changed":false,"inline_featured_image":false},"product_brand":[],"product_cat":[240,241],"product_tag":[],"class_list":{"0":"post-11945","1":"product","2":"type-product","3":"status-publish","4":"has-post-thumbnail","6":"product_cat-ergonomia-biura","7":"product_cat-krzesla","8":"product_shipping_class-niestandardowe-i-wycofanie","10":"first","11":"instock","12":"taxable","13":"shipping-taxable","14":"purchasable","15":"product-type-simple"},"acf":[],"_links":{"self":[{"href":"https:\/\/borealis.lt\/pl\/wp-json\/wp\/v2\/product\/11945","targetHints":{"allow":["GET"]}}],"collection":[{"href":"https:\/\/borealis.lt\/pl\/wp-json\/wp\/v2\/product"}],"about":[{"href":"https:\/\/borealis.lt\/pl\/wp-json\/wp\/v2\/types\/product"}],"version-history":[{"count":0,"href":"https:\/\/borealis.lt\/pl\/wp-json\/wp\/v2\/product\/11945\/revisions"}],"wp:featuredmedia":[{"embeddable":true,"href":"https:\/\/borealis.lt\/pl\/wp-json\/wp\/v2\/media\/11940"}],"wp:attachment":[{"href":"https:\/\/borealis.lt\/pl\/wp-json\/wp\/v2\/media?parent=11945"}],"wp:term":[{"taxonomy":"product_brand","embeddable":true,"href":"https:\/\/borealis.lt\/pl\/wp-json\/wp\/v2\/product_brand?post=11945"},{"taxonomy":"product_cat","embeddable":true,"href":"https:\/\/borealis.lt\/pl\/wp-json\/wp\/v2\/product_cat?post=11945"},{"taxonomy":"product_tag","embeddable":true,"href":"https:\/\/borealis.lt\/pl\/wp-json\/wp\/v2\/product_tag?post=11945"}],"curies":[{"name":"wp","href":"https:\/\/api.w.org\/{rel}","templated":true}]}}