{"id":11915,"date":"2025-05-28T19:37:00","date_gmt":"2025-05-28T16:37:00","guid":{"rendered":"https:\/\/borealis.lt\/produktas\/kede-swopper\/"},"modified":"2025-05-28T19:37:00","modified_gmt":"2025-05-28T16:37:00","slug":"kede-swopper","status":"publish","type":"product","link":"https:\/\/borealis.lt\/pl\/produktas\/kede-swopper\/","title":{"rendered":"Krzes\u0142o SWOPPER"},"content":{"rendered":"<p><strong>Co sprawia, \u017ce fotel SWOPPER jest tak wyj\u0105tkowy?<\/strong><\/p>\n<p>Porusza si\u0119 we wszystkich kierunkach &#8211; technologia Aeris 3D pozwala Aeris Swopper porusza\u0107 si\u0119 w prz\u00f3d i w ty\u0142, w lewo i w prawo, w g\u00f3r\u0119 i w d\u00f3\u0142.<\/p>\n<p>To aktywne siedzenie ma taki sam wp\u0142yw na cia\u0142o, jak delikatny spacer.<\/p>\n<p>Krzes\u0142o Aeris Swopper jest idealne do d\u0142ugiego i skoncentrowanego siedzenia w biurze lub w domu.<\/p>\n<p>Jego ruch we wszystkich trzech wymiarach (do przodu, w pionie i na boki) wzmacnia plecy, promuje prawid\u0142owe siedzenie, zwi\u0119ksza koncentracj\u0119 i sprawia, \u017ce u\u017cytkownik jest szcz\u0119\u015bliwszy.<\/p>\n<p>&#8222;Swopper jest dost\u0119pny z k\u00f3\u0142kami, a wysoko\u015b\u0107 siedziska mo\u017cna p\u0142ynnie regulowa\u0107.<\/p>\n<p>Ergonomiczne krzes\u0142o jest dost\u0119pne w szerokiej gamie kolor\u00f3w i tkanin.<\/p>\n<p>Do wyboru s\u0105 kolorowe pokrowce na siedzenia i kolory ramy: bia\u0142y, czarny lub jasnoszary metalik.<\/p>\n<p>Tkanina zapewnia optymalny komfort siedzenia, jest odporna na plamy, \u0142atwa w czyszczeniu i konserwacji.<\/p>\n<p>Aby znale\u017a\u0107 odpowiednie krzes\u0142o SWOPPER dla siebie, popro\u015b o nasz katalog i wybierz krzes\u0142o, kt\u00f3re Ci si\u0119 podoba.<\/p>\n<p><strong>Krzes\u0142o Swopper:<\/strong><\/p>\n<p>Zoptymalizowany dla masy cia\u0142a 50-120 kg<\/p>\n<p>Wysoko\u015b\u0107 siedziska bez obci\u0105\u017cenia 52-66 cm, z obci\u0105\u017ceniem 45-59 cm<\/p>\n<p>Waga produktu: 11 kg<\/p>\n","protected":false},"excerpt":{"rendered":"<p>&#8222;Swopper to najpopularniejsze ergonomiczne krzes\u0142o biurowe z mechanizmem ruchomych n\u00f3g w naszej ofercie.<\/p>\n<p>Jego niezwyk\u0142a wygoda, p\u0142ynne sk\u0142adanie i odporna na odbicia pozycja siedz\u0105ca dla dzieci sprawi\u0142y, \u017ce po pierwszym te\u015bcie sta\u0142 si\u0119 ulubie\u0144cem wszystkich pracownik\u00f3w biurowych.<\/p>\n","protected":false},"featured_media":11911,"template":"","meta":{"_acf_changed":false,"inline_featured_image":false},"product_brand":[],"product_cat":[240,241],"product_tag":[],"class_list":{"0":"post-11915","1":"product","2":"type-product","3":"status-publish","4":"has-post-thumbnail","6":"product_cat-ergonomia-biura","7":"product_cat-krzesla","8":"product_shipping_class-niestandardowe-i-wycofanie","10":"first","11":"instock","12":"taxable","13":"shipping-taxable","14":"purchasable","15":"product-type-simple"},"acf":[],"_links":{"self":[{"href":"https:\/\/borealis.lt\/pl\/wp-json\/wp\/v2\/product\/11915","targetHints":{"allow":["GET"]}}],"collection":[{"href":"https:\/\/borealis.lt\/pl\/wp-json\/wp\/v2\/product"}],"about":[{"href":"https:\/\/borealis.lt\/pl\/wp-json\/wp\/v2\/types\/product"}],"version-history":[{"count":0,"href":"https:\/\/borealis.lt\/pl\/wp-json\/wp\/v2\/product\/11915\/revisions"}],"wp:featuredmedia":[{"embeddable":true,"href":"https:\/\/borealis.lt\/pl\/wp-json\/wp\/v2\/media\/11911"}],"wp:attachment":[{"href":"https:\/\/borealis.lt\/pl\/wp-json\/wp\/v2\/media?parent=11915"}],"wp:term":[{"taxonomy":"product_brand","embeddable":true,"href":"https:\/\/borealis.lt\/pl\/wp-json\/wp\/v2\/product_brand?post=11915"},{"taxonomy":"product_cat","embeddable":true,"href":"https:\/\/borealis.lt\/pl\/wp-json\/wp\/v2\/product_cat?post=11915"},{"taxonomy":"product_tag","embeddable":true,"href":"https:\/\/borealis.lt\/pl\/wp-json\/wp\/v2\/product_tag?post=11915"}],"curies":[{"name":"wp","href":"https:\/\/api.w.org\/{rel}","templated":true}]}}