{"id":11654,"date":"2025-05-13T23:27:42","date_gmt":"2025-05-13T20:27:42","guid":{"rendered":"https:\/\/borealis.lt\/produktas\/juosmens-masazuoklis-relax\/"},"modified":"2025-05-13T23:27:42","modified_gmt":"2025-05-13T20:27:42","slug":"juosmens-masazuoklis-relax","status":"publish","type":"product","link":"https:\/\/borealis.lt\/pl\/produktas\/juosmens-masazuoklis-relax\/","title":{"rendered":"Masa\u017cer l\u0119d\u017awiowy Relax"},"content":{"rendered":"<p class=\"m_-851218223754614964MsoListParagraph\"><strong>Jego g\u0142\u00f3wne cechy:<\/strong><u><\/u><u><\/u><\/p>\n<p class=\"m_-851218223754614964MsoListParagraph\">&#8211; Konfigurowalny masa\u017c wibracyjny i pulsacyjny: trzy tryby wibracji i dziewi\u0119\u0107 poziom\u00f3w intensywno\u015bci pulsacji pozwalaj\u0105 u\u017cytkownikowi wybra\u0107 najbardziej odpowiedni\u0105 si\u0142\u0119 i rytm masa\u017cu.<u><\/u><u><\/u><\/p>\n<p class=\"m_-851218223754614964MsoListParagraph\">&#8211; Terapia ciep\u0142em czerwonego \u015bwiat\u0142a dla g\u0142\u0119bszej ulgi: urz\u0105dzenie posiada osiem podgrzewanych g\u0142owic masuj\u0105cych i 31 kulek do terapii \u015bwiat\u0142em czerwonym, wnikaj\u0105cych na g\u0142\u0119boko\u015b\u0107 do 10 mm, stymuluj\u0105cych kr\u0105\u017cenie krwi i zmniejszaj\u0105cych b\u00f3l menstruacyjny i bolesno\u015b\u0107 mi\u0119\u015bni. Trzy poziomy ciep\u0142a (38\u00b0C &#8211; 42\u00b0C) zapewniaj\u0105 ca\u0142kowite rozgrzanie talii. <u><\/u><u><\/u><\/p>\n<p class=\"m_-851218223754614964MsoListParagraph\">&#8211; Inteligentne sterowanie za pomoc\u0105 aplikacji i d\u0142uga \u017cywotno\u015b\u0107 baterii: wbudowana bateria o pojemno\u015bci 2450 mAh pozwala cieszy\u0107 si\u0119 80-120 minutami bezprzewodowej \u0142\u0105czno\u015bci w dowolnym miejscu &#8211; niezale\u017cnie od tego, czy pracujesz, prowadzisz samoch\u00f3d, czy si\u0119 relaksujesz. Ustawienia mo\u017cna \u0142atwo kontrolowa\u0107 za pomoc\u0105 aplikacji Future Wear, dzi\u0119ki czemu masa\u017c jest ca\u0142kowicie spersonalizowany. <u><\/u><u><\/u><\/p>\n<p class=\"m_-851218223754614964MsoListParagraph\">&#8211; Wygodna i przeno\u015bna konstrukcja: lekki pasek wykonany jest z oddychaj\u0105cego nylonu i przyjaznego dla sk\u00f3ry silikonu, dzi\u0119ki czemu jest \u0142atwy w noszeniu, czyszczeniu i przenoszeniu, zapewniaj\u0105c maksymalny komfort w podr\u00f3\u017cy.<u><\/u><u><\/u><\/p>\n<p class=\"m_-851218223754614964MsoListParagraph\">&#8211; Regulowany dla wszystkich: pasek na rzep rozci\u0105ga si\u0119 do 147 cm, dzi\u0119ki czemu jest idealnym prezentem dla ka\u017cdego, kto chce z\u0142agodzi\u0107 b\u00f3l plec\u00f3w.<u><\/u><u><\/u><\/p>\n<p class=\"m_-851218223754614964MsoListParagraph\">&#8222;U\u017cytkownicy Androida mog\u0105 pobra\u0107 aplikacj\u0119, skanuj\u0105c kod QR, podczas gdy u\u017cytkownicy Apple mog\u0105 po prostu wyszuka\u0107 &#8222;Future Wear\".<u><\/u><u><\/u><u><\/u><\/p>\n<p class=\"m_-851218223754614964MsoListParagraph\">Produkt wykorzystuje technologi\u0119 EMS<u><\/u><u><\/u><\/p>\n<p class=\"m_-851218223754614964MsoListParagraph\">EMS (elektryczna stymulacja mi\u0119\u015bni) to technologia wykorzystuj\u0105ca impulsy elektryczne o niskiej cz\u0119stotliwo\u015bci do stymulacji mi\u0119\u015bni w celu ich rozlu\u017anienia lub wzmocnienia.<u><\/u><u><\/u><\/p>\n<p class=\"m_-851218223754614964MsoListParagraph\">EMS dzia\u0142a poprzez wysy\u0142anie delikatnych impuls\u00f3w elektrycznych przez sk\u00f3r\u0119 do mi\u0119\u015bni, powoduj\u0105c ich kurczenie si\u0119 i rozlu\u017anianie w spos\u00f3b podobny do naturalnych impuls\u00f3w nerwowych. To pomaga: <u><\/u><u><\/u><\/p>\n<p class=\"m_-851218223754614964MsoListParagraph\">&#8211; rozlu\u017ani\u0107 napi\u0119te mi\u0119\u015bnie<u><\/u><u><\/u><\/p>\n<p class=\"m_-851218223754614964MsoListParagraph\">&#8211; zmniejszy\u0107 b\u00f3l i napi\u0119cie mi\u0119\u015bni<u><\/u><u><\/u><\/p>\n<p class=\"m_-851218223754614964MsoListParagraph\">&#8211; poprawiaj\u0105 kr\u0105\u017cenie krwi<u><\/u><u><\/u><\/p>\n<p class=\"m_-851218223754614964MsoListParagraph\">&#8211; Szybsza regeneracja po \u0107wiczeniach<u><\/u><u><\/u><\/p>\n<p class=\"m_-851218223754614964MsoListParagraph\">EMS jest szeroko stosowany w fizjoterapii, treningu sportowym i urz\u0105dzeniach do masa\u017cu w celu g\u0142\u0119bszego i skuteczniejszego rozlu\u017anienia mi\u0119\u015bni.<\/p>\n","protected":false},"excerpt":{"rendered":"<p>Pas do masa\u017cu dolnej cz\u0119\u015bci plec\u00f3w <strong>SKG RELAX<\/strong> zosta\u0142 zaprojektowany z my\u015bl\u0105 o indywidualnym dyskomforcie l\u0119d\u017awiowym i g\u0142\u0119bokim relaksie.<\/p>\n","protected":false},"featured_media":11650,"template":"","meta":{"_acf_changed":false,"inline_featured_image":false},"product_brand":[],"product_cat":[250,246],"product_tag":[],"class_list":{"0":"post-11654","1":"product","2":"type-product","3":"status-publish","4":"has-post-thumbnail","6":"product_cat-masazery-do-ciala","7":"product_cat-sprzet-do-masazu","8":"product_shipping_class-wysylka-i-odbior","10":"first","11":"instock","12":"sale","13":"taxable","14":"shipping-taxable","15":"purchasable","16":"product-type-simple"},"acf":[],"_links":{"self":[{"href":"https:\/\/borealis.lt\/pl\/wp-json\/wp\/v2\/product\/11654","targetHints":{"allow":["GET"]}}],"collection":[{"href":"https:\/\/borealis.lt\/pl\/wp-json\/wp\/v2\/product"}],"about":[{"href":"https:\/\/borealis.lt\/pl\/wp-json\/wp\/v2\/types\/product"}],"version-history":[{"count":0,"href":"https:\/\/borealis.lt\/pl\/wp-json\/wp\/v2\/product\/11654\/revisions"}],"wp:featuredmedia":[{"embeddable":true,"href":"https:\/\/borealis.lt\/pl\/wp-json\/wp\/v2\/media\/11650"}],"wp:attachment":[{"href":"https:\/\/borealis.lt\/pl\/wp-json\/wp\/v2\/media?parent=11654"}],"wp:term":[{"taxonomy":"product_brand","embeddable":true,"href":"https:\/\/borealis.lt\/pl\/wp-json\/wp\/v2\/product_brand?post=11654"},{"taxonomy":"product_cat","embeddable":true,"href":"https:\/\/borealis.lt\/pl\/wp-json\/wp\/v2\/product_cat?post=11654"},{"taxonomy":"product_tag","embeddable":true,"href":"https:\/\/borealis.lt\/pl\/wp-json\/wp\/v2\/product_tag?post=11654"}],"curies":[{"name":"wp","href":"https:\/\/api.w.org\/{rel}","templated":true}]}}