{"id":9470,"date":"2025-02-19T11:44:21","date_gmt":"2025-02-19T09:44:21","guid":{"rendered":"https:\/\/borealis.lt\/garantija\/"},"modified":"2025-04-25T10:00:30","modified_gmt":"2025-04-25T07:00:30","slug":"gwarancja","status":"publish","type":"page","link":"https:\/\/borealis.lt\/pl\/gwarancja\/","title":{"rendered":"Gwarancja"},"content":{"rendered":"\t\t<div data-elementor-type=\"wp-page\" data-elementor-id=\"9470\" class=\"elementor elementor-9470 elementor-760\" data-elementor-post-type=\"page\">\n\t\t\t\t<div class=\"elementor-element elementor-element-39869aa e-flex e-con-boxed e-con e-parent\" data-id=\"39869aa\" data-element_type=\"container\" data-e-type=\"container\">\n\t\t\t\t\t<div class=\"e-con-inner\">\n\t\t\t\t<div class=\"elementor-element elementor-element-341bb49 elementor-widget elementor-widget-heading\" data-id=\"341bb49\" data-element_type=\"widget\" data-e-type=\"widget\" data-widget_type=\"heading.default\">\n\t\t\t\t<div class=\"elementor-widget-container\">\n\t\t\t\t\t<h3 class=\"elementor-heading-title elementor-size-default\">Gwarancja<\/h3>\t\t\t\t<\/div>\n\t\t\t\t<\/div>\n\t\t\t\t\t<\/div>\n\t\t\t\t<\/div>\n\t\t<div class=\"elementor-element elementor-element-733e1f4 e-flex e-con-boxed e-con e-parent\" data-id=\"733e1f4\" data-element_type=\"container\" data-e-type=\"container\">\n\t\t\t\t\t<div class=\"e-con-inner\">\n\t\t<div class=\"elementor-element elementor-element-256df16 e-con-full e-flex e-con e-child\" data-id=\"256df16\" data-element_type=\"container\" data-e-type=\"container\">\n\t\t\t\t<div class=\"elementor-element elementor-element-a8b51df elementor-widget elementor-widget-heading\" data-id=\"a8b51df\" data-element_type=\"widget\" data-e-type=\"widget\" data-widget_type=\"heading.default\">\n\t\t\t\t<div class=\"elementor-widget-container\">\n\t\t\t\t\t<h6 class=\"elementor-heading-title elementor-size-default\">Postanowienia og\u00f3lne:<\/h6>\t\t\t\t<\/div>\n\t\t\t\t<\/div>\n\t\t\t\t<div class=\"elementor-element elementor-element-d90a84a elementor-widget elementor-widget-text-editor\" data-id=\"d90a84a\" data-element_type=\"widget\" data-e-type=\"widget\" data-widget_type=\"text-editor.default\">\n\t\t\t\t<div class=\"elementor-widget-container\">\n\t\t\t\t\t\t\t\t\t<ul><li>Borealis Litwa przeprowadza naprawy gwarancyjne wszystkich sprzedawanych urz\u0105dze\u0144 (&#8222;Urz\u0105dzenia\").<\/li><li>Gwarancja jest wa\u017cna przez 24 miesi\u0105ce od daty zakupu.<\/li><\/ul>\t\t\t\t\t\t\t\t<\/div>\n\t\t\t\t<\/div>\n\t\t\t\t<\/div>\n\t\t<div class=\"elementor-element elementor-element-0181664 e-con-full e-flex e-con e-child\" data-id=\"0181664\" data-element_type=\"container\" data-e-type=\"container\">\n\t\t\t\t<div class=\"elementor-element elementor-element-672130f elementor-widget elementor-widget-heading\" data-id=\"672130f\" data-element_type=\"widget\" data-e-type=\"widget\" data-widget_type=\"heading.default\">\n\t\t\t\t<div class=\"elementor-widget-container\">\n\t\t\t\t\t<h6 class=\"elementor-heading-title elementor-size-default\">Odpowiedzialno\u015b\u0107 i gwarancja:<\/h6>\t\t\t\t<\/div>\n\t\t\t\t<\/div>\n\t\t\t\t<div class=\"elementor-element elementor-element-5c855a7 elementor-widget elementor-widget-text-editor\" data-id=\"5c855a7\" data-element_type=\"widget\" data-e-type=\"widget\" data-widget_type=\"text-editor.default\">\n\t\t\t\t<div class=\"elementor-widget-container\">\n\t\t\t\t\t\t\t\t\t<ul><li>Gwarancja obejmuje napraw\u0119 i wymian\u0119 cz\u0119\u015bci z wadami produkcyjnymi.<\/li><li>Gwarancja jest wa\u017cna, je\u015bli sprz\u0119t by\u0142 regularnie serwisowany zgodnie z instrukcjami producenta. Zaleca si\u0119 serwisowanie urz\u0105dzenia 1 &#8211;<br>2 razy w roku, w zale\u017cno\u015bci od cz\u0119stotliwo\u015bci u\u017cytkowania i warunk\u00f3w otoczenia. <\/li><li>Gwarancja jest wa\u017cna tak d\u0142ugo, jak d\u0142ugo numery seryjne sprz\u0119tu s\u0105 takie same, sprz\u0119t nie zosta\u0142 zmieniony i nie zosta\u0142 zdemontowany.<\/li><li>Gwarancja jest realizowana wy\u0142\u0105cznie w lokalizacji sprz\u0119tu na terytorium Republiki Litewskiej. W przypadku serwisu gwarancyjnego z innego miejsca, sprz\u0119t<br>nale\u017cy przes\u0142a\u0107 na konto klienta w Sausupio g. 11A (B-block), Wilno, LT- 02301, Litwa.  <\/li><\/ul>\t\t\t\t\t\t\t\t<\/div>\n\t\t\t\t<\/div>\n\t\t\t\t<\/div>\n\t\t<div class=\"elementor-element elementor-element-272fd20 e-con-full e-flex e-con e-child\" data-id=\"272fd20\" data-element_type=\"container\" data-e-type=\"container\">\n\t\t\t\t<div class=\"elementor-element elementor-element-2f22fe7 elementor-widget elementor-widget-heading\" data-id=\"2f22fe7\" data-element_type=\"widget\" data-e-type=\"widget\" data-widget_type=\"heading.default\">\n\t\t\t\t<div class=\"elementor-widget-container\">\n\t\t\t\t\t<h6 class=\"elementor-heading-title elementor-size-default\">Gwarancja nie obejmuje usterek spowodowanych przez:<\/h6>\t\t\t\t<\/div>\n\t\t\t\t<\/div>\n\t\t\t\t<div class=\"elementor-element elementor-element-6d5e32c elementor-widget elementor-widget-text-editor\" data-id=\"6d5e32c\" data-element_type=\"widget\" data-e-type=\"widget\" data-widget_type=\"text-editor.default\">\n\t\t\t\t<div class=\"elementor-widget-container\">\n\t\t\t\t\t\t\t\t\t<ul><li>Fizyczne uszkodzenie sprz\u0119tu i inne przypadkowe uszkodzenia;<\/li><li>Nieostro\u017cna lub niew\u0142a\u015bciwa konserwacja sprz\u0119tu lub intensywne u\u017cytkowanie;<\/li><li>Nieprzestrzeganie instrukcji instalacji i obs\u0142ugi oraz wymog\u00f3w bezpiecze\u0144stwa;<\/li><li>Je\u015bli urz\u0105dzenie zosta\u0142o naprawione przez nieupowa\u017cnion\u0105 osob\u0119 lub firm\u0119 serwisow\u0105;<\/li><li>&#8222;Borealis Litwa nie ponosi odpowiedzialno\u015bci za dzia\u0142anie si\u0142y wy\u017cszej (wandalizm, burze, woda, po\u017car, wahania napi\u0119cia w sieci,<br>elektrostatyka, zwarcia itp;)<\/li><li>Naprawa i wymiana usterek (zadrapa\u0144 itp.), kt\u00f3re nie maj\u0105 znaczenia dla dzia\u0142ania sprz\u0119tu, spowodowanych normalnym lub<br>naturalnym zu\u017cyciem.<\/li><\/ul>\t\t\t\t\t\t\t\t<\/div>\n\t\t\t\t<\/div>\n\t\t\t\t<\/div>\n\t\t<div class=\"elementor-element elementor-element-4dba22a e-con-full e-flex e-con e-child\" data-id=\"4dba22a\" data-element_type=\"container\" data-e-type=\"container\">\n\t\t\t\t<div class=\"elementor-element elementor-element-f78f49d elementor-widget elementor-widget-heading\" data-id=\"f78f49d\" data-element_type=\"widget\" data-e-type=\"widget\" data-widget_type=\"heading.default\">\n\t\t\t\t<div class=\"elementor-widget-container\">\n\t\t\t\t\t<h6 class=\"elementor-heading-title elementor-size-default\">Dzia\u0142anie w przypadku niepowodzenia:<\/h6>\t\t\t\t<\/div>\n\t\t\t\t<\/div>\n\t\t\t\t<div class=\"elementor-element elementor-element-5a47e1c elementor-widget elementor-widget-text-editor\" data-id=\"5a47e1c\" data-element_type=\"widget\" data-e-type=\"widget\" data-widget_type=\"text-editor.default\">\n\t\t\t\t<div class=\"elementor-widget-container\">\n\t\t\t\t\t\t\t\t\t<ul><li>W przypadku wyst\u0105pienia usterki w okresie gwarancyjnym, Klient musi niezw\u0142ocznie zg\u0142osi\u0107 usterk\u0119 na adres <a href=\"mailto:info@borealis.lt\" target=\"_blank\" rel=\"noopener\">info@borealis.lt.<\/a><br>Konieczne jest jak najdok\u0142adniejsze poinformowanie Klienta o produkcie (model, numer seryjny), charakterze usterki i sytuacji, w kt\u00f3rej<br>wyst\u0105pi\u0142a usterka.<\/li><li>Po up\u0142ywie okresu gwarancyjnego usterka zg\u0142oszona w okresie gwarancyjnym nie mo\u017ce by\u0107 u\u017cywana, chyba \u017ce<br>zostanie udokumentowana na pi\u015bmie. W razie w\u0105tpliwo\u015bci klient musi zawsze najpierw skonsultowa\u0107 si\u0119 z personelem Borealis Lithuania<br>w sprawie zakresu gwarancji, ewentualnego obowi\u0105zku przeprowadzenia naprawy oraz tego, czy urz\u0105dzenie mo\u017ce zosta\u0107 naprawione na miejscu w miejscu u\u017cytkowania<br>lub w warsztacie. <\/li><\/ul>\t\t\t\t\t\t\t\t<\/div>\n\t\t\t\t<\/div>\n\t\t\t\t<\/div>\n\t\t\t\t\t<\/div>\n\t\t\t\t<\/div>\n\t\t\t\t<\/div>\n\t\t","protected":false},"excerpt":{"rendered":"<p>Postanowienia og\u00f3lne: Borealis Litwa przeprowadza naprawy gwarancyjne wszystkich sprzedawanych urz\u0105dze\u0144 (&#8222;Urz\u0105dzenia\"). Gwarancja jest wa\u017cna przez 24 miesi\u0105ce od daty zakupu. Odpowiedzialno\u015b\u0107 i gwarancja: Gwarancja obejmuje napraw\u0119 i wymian\u0119 cz\u0119\u015bci z wadami produkcyjnymi. Gwarancja jest wa\u017cna, je\u015bli sprz\u0119t by\u0142 regularnie serwisowany zgodnie z instrukcjami producenta. Zaleca si\u0119 serwisowanie urz\u0105dzenia 1 &#8211;2 razy w roku, w zale\u017cno\u015bci [&hellip;]<\/p>\n","protected":false},"author":5,"featured_media":0,"parent":0,"menu_order":0,"comment_status":"closed","ping_status":"closed","template":"","meta":{"_acf_changed":false,"inline_featured_image":false,"footnotes":""},"class_list":["post-9470","page","type-page","status-publish","hentry"],"acf":[],"_links":{"self":[{"href":"https:\/\/borealis.lt\/pl\/wp-json\/wp\/v2\/pages\/9470","targetHints":{"allow":["GET"]}}],"collection":[{"href":"https:\/\/borealis.lt\/pl\/wp-json\/wp\/v2\/pages"}],"about":[{"href":"https:\/\/borealis.lt\/pl\/wp-json\/wp\/v2\/types\/page"}],"author":[{"embeddable":true,"href":"https:\/\/borealis.lt\/pl\/wp-json\/wp\/v2\/users\/5"}],"replies":[{"embeddable":true,"href":"https:\/\/borealis.lt\/pl\/wp-json\/wp\/v2\/comments?post=9470"}],"version-history":[{"count":0,"href":"https:\/\/borealis.lt\/pl\/wp-json\/wp\/v2\/pages\/9470\/revisions"}],"wp:attachment":[{"href":"https:\/\/borealis.lt\/pl\/wp-json\/wp\/v2\/media?parent=9470"}],"curies":[{"name":"wp","href":"https:\/\/api.w.org\/{rel}","templated":true}]}}