{"id":9461,"date":"2025-02-27T11:50:48","date_gmt":"2025-02-27T09:50:48","guid":{"rendered":"https:\/\/borealis.lt\/nuoma\/"},"modified":"2026-02-03T17:13:56","modified_gmt":"2026-02-03T15:13:56","slug":"wynajmowac","status":"publish","type":"page","link":"https:\/\/borealis.lt\/pl\/wynajmowac\/","title":{"rendered":"Czynsz"},"content":{"rendered":"\t\t<div data-elementor-type=\"wp-page\" data-elementor-id=\"9461\" class=\"elementor elementor-9461 elementor-6113\" data-elementor-post-type=\"page\">\n\t\t\t\t<div class=\"elementor-element elementor-element-2f0b76a e-flex e-con-boxed e-con e-parent\" data-id=\"2f0b76a\" data-element_type=\"container\" data-e-type=\"container\" data-settings=\"{&quot;background_background&quot;:&quot;classic&quot;}\">\n\t\t\t\t\t<div class=\"e-con-inner\">\n\t\t<div class=\"elementor-element elementor-element-4bda7f1 e-con-full e-flex e-con e-child\" data-id=\"4bda7f1\" data-element_type=\"container\" data-e-type=\"container\">\n\t\t<div class=\"elementor-element elementor-element-95d00b0 e-con-full e-flex e-con e-child\" data-id=\"95d00b0\" data-element_type=\"container\" data-e-type=\"container\">\n\t\t\t\t<div class=\"elementor-element elementor-element-872318d elementor-widget elementor-widget-heading\" data-id=\"872318d\" data-element_type=\"widget\" data-e-type=\"widget\" data-widget_type=\"heading.default\">\n\t\t\t\t<div class=\"elementor-widget-container\">\n\t\t\t\t\t<h5 class=\"elementor-heading-title elementor-size-default\">Wybierz typ wynajmu<\/h5>\t\t\t\t<\/div>\n\t\t\t\t<\/div>\n\t\t\t\t<div class=\"elementor-element elementor-element-14124c0 elementor-widget elementor-widget-text-editor\" data-id=\"14124c0\" data-element_type=\"widget\" data-e-type=\"widget\" data-widget_type=\"text-editor.default\">\n\t\t\t\t<div class=\"elementor-widget-container\">\n\t\t\t\t\t\t\t\t\tZapewnia wyj\u0105tkowy komfort i relaks!\t\t\t\t\t\t\t\t<\/div>\n\t\t\t\t<\/div>\n\t\t\t\t<\/div>\n\t\t<div class=\"elementor-element elementor-element-2f58b89 e-con-full e-flex e-con e-child\" data-id=\"2f58b89\" data-element_type=\"container\" data-e-type=\"container\">\n\t\t\t\t<div class=\"elementor-element elementor-element-7f01727 elementor-align-center elementor-mobile-align-justify icon-button elementor-widget elementor-widget-button\" data-id=\"7f01727\" data-element_type=\"widget\" data-e-type=\"widget\" id=\"gradient-button\" data-widget_type=\"button.default\">\n\t\t\t\t<div class=\"elementor-widget-container\">\n\t\t\t\t\t\t\t\t\t<div class=\"elementor-button-wrapper\">\n\t\t\t\t\t<a class=\"elementor-button elementor-button-link elementor-size-sm\" href=\"https:\/\/borealis.lt\/pl\/wynajmowac\/dla-biznesu\/\">\n\t\t\t\t\t\t<span class=\"elementor-button-content-wrapper\">\n\t\t\t\t\t\t\t\t\t<span class=\"elementor-button-text\">Dla biznesu<\/span>\n\t\t\t\t\t<\/span>\n\t\t\t\t\t<\/a>\n\t\t\t\t<\/div>\n\t\t\t\t\t\t\t\t<\/div>\n\t\t\t\t<\/div>\n\t\t\t\t<div class=\"elementor-element elementor-element-a173b84 elementor-align-center elementor-mobile-align-justify icon-button-left elementor-widget elementor-widget-button\" data-id=\"a173b84\" data-element_type=\"widget\" data-e-type=\"widget\" data-widget_type=\"button.default\">\n\t\t\t\t<div class=\"elementor-widget-container\">\n\t\t\t\t\t\t\t\t\t<div class=\"elementor-button-wrapper\">\n\t\t\t\t\t<a class=\"elementor-button elementor-button-link elementor-size-sm\" href=\"https:\/\/borealis.lt\/pl\/wynajmowac\/wspolne-obszary-biurowe\/\">\n\t\t\t\t\t\t<span class=\"elementor-button-content-wrapper\">\n\t\t\t\t\t\t\t\t\t<span class=\"elementor-button-text\">Wsp\u00f3lne obszary biurowe<\/span>\n\t\t\t\t\t<\/span>\n\t\t\t\t\t<\/a>\n\t\t\t\t<\/div>\n\t\t\t\t\t\t\t\t<\/div>\n\t\t\t\t<\/div>\n\t\t\t\t<div class=\"elementor-element elementor-element-19f8aca elementor-align-center elementor-mobile-align-justify icon-button-left elementor-widget elementor-widget-button\" data-id=\"19f8aca\" data-element_type=\"widget\" data-e-type=\"widget\" id=\"gradient-button\" data-widget_type=\"button.default\">\n\t\t\t\t<div class=\"elementor-widget-container\">\n\t\t\t\t\t\t\t\t\t<div class=\"elementor-button-wrapper\">\n\t\t\t\t\t<a class=\"elementor-button elementor-button-link elementor-size-sm\" href=\"https:\/\/borealis.lt\/pl\/wynajmowac\/wiry-publiczne\/\">\n\t\t\t\t\t\t<span class=\"elementor-button-content-wrapper\">\n\t\t\t\t\t\t\t\t\t<span class=\"elementor-button-text\">Dla obiekt\u00f3w komercyjnych<\/span>\n\t\t\t\t\t<\/span>\n\t\t\t\t\t<\/a>\n\t\t\t\t<\/div>\n\t\t\t\t\t\t\t\t<\/div>\n\t\t\t\t<\/div>\n\t\t\t\t<\/div>\n\t\t\t\t<\/div>\n\t\t\t\t\t<\/div>\n\t\t\t\t<\/div>\n\t\t\t\t<\/div>\n\t\t","protected":false},"excerpt":{"rendered":"<p>Wybierz typ wynajmu Zapewnia wyj\u0105tkowy komfort i relaks! Dla biznesu Wsp\u00f3lne obszary biurowe Dla obiekt\u00f3w komercyjnych<\/p>\n","protected":false},"author":5,"featured_media":0,"parent":0,"menu_order":0,"comment_status":"closed","ping_status":"closed","template":"","meta":{"_acf_changed":false,"inline_featured_image":false,"footnotes":""},"class_list":["post-9461","page","type-page","status-publish","hentry"],"acf":[],"_links":{"self":[{"href":"https:\/\/borealis.lt\/pl\/wp-json\/wp\/v2\/pages\/9461","targetHints":{"allow":["GET"]}}],"collection":[{"href":"https:\/\/borealis.lt\/pl\/wp-json\/wp\/v2\/pages"}],"about":[{"href":"https:\/\/borealis.lt\/pl\/wp-json\/wp\/v2\/types\/page"}],"author":[{"embeddable":true,"href":"https:\/\/borealis.lt\/pl\/wp-json\/wp\/v2\/users\/5"}],"replies":[{"embeddable":true,"href":"https:\/\/borealis.lt\/pl\/wp-json\/wp\/v2\/comments?post=9461"}],"version-history":[{"count":0,"href":"https:\/\/borealis.lt\/pl\/wp-json\/wp\/v2\/pages\/9461\/revisions"}],"wp:attachment":[{"href":"https:\/\/borealis.lt\/pl\/wp-json\/wp\/v2\/media?parent=9461"}],"curies":[{"name":"wp","href":"https:\/\/api.w.org\/{rel}","templated":true}]}}